{"id":109,"date":"2014-12-02T09:08:27","date_gmt":"2014-12-02T07:08:27","guid":{"rendered":"http:\/\/www.eyebody.com\/?page_id=109"},"modified":"2026-03-29T14:05:39","modified_gmt":"2026-03-29T12:05:39","slug":"seminare-lektionen","status":"publish","type":"page","link":"https:\/\/www.eyebody.com\/de\/seminare-lektionen\/","title":{"rendered":"Seminare &#038; Lektionen"},"content":{"rendered":"<p><strong>Die Eyebody-Methode wird auf Ein-Tages-Kursen, Online-Einf\u00fchrungskursen, mehrt\u00e4gigen Seminaren, intensiven Zwei-Wochen-Retreats und in privaten Einzelstunden vermittelt. Viele Menschen haben durch diese Erfahrungen ihre Brille oder Kontaktlinsen aufgegeben. Die Erfahrungen und Erlebnisse eines oder mehrerer dieser Kurse sind eine nat\u00fcrliche Alternative zu einer Laseroperation oder anderen medizinischen Eingriffen am Auge. S\u00e4mtliche Kurse werden von Peter Grunwald selbst geleitet.<\/strong><\/p>\n<hr \/>\n<p>&nbsp;<\/p>\n<div class=\"responsive-video\"><iframe src=\"https:\/\/player.vimeo.com\/video\/1175827680?badge=0&amp;autopause=0&amp;player_id=0&amp;app_id=58479\" frameborder=\"0\" allow=\"autoplay; fullscreen; picture-in-picture; clipboard-write; encrypted-media; web-share\" referrerpolicy=\"strict-origin-when-cross-origin\" style=\"position:absolute;top:0;left:0;width:100%;height:100%;\" title=\"1-Tages-Workshops mit Peter Grunwald, Eyebody Begr\u00fcnder\"><\/iframe><\/div>\n<h3><\/h3>\n<h3>Aktuelle ein- und mehrt\u00e4gige Eyebody-Seminare<\/h3>\n<h4>Tageskurse<\/h4>\n<div class=\"seminar-list-wrapper\"><div class=\"listing-item\"><a class=\"title\" href=\"https:\/\/www.eyebody.com\/de\/tageskurs-koeln-18-april-2026\/\">Tageskurs K\u00f6ln &#8211; 18. April 2026<\/a> <span class=\"excerpt-dash\">-<\/span> <span class=\"excerpt\">Eyebody Einf\u00fchrungskurs mit Peter Grunwald | Samstag, 18. April 2026 | K\u00f6ln, Deutschland | Sprache: Deutsch<\/span><\/div><div class=\"listing-item\"><a class=\"title\" href=\"https:\/\/www.eyebody.com\/de\/tageskurs-muenchen-19-april-2026\/\">Tageskurs M\u00fcnchen \u2013 19. April 2026<\/a> <span class=\"excerpt-dash\">-<\/span> <span class=\"excerpt\"><strong>Ausgebucht!<\/strong> Eyebody Einf\u00fchrungskurs mit Peter Grunwald | Sonntag, 19. April 2026 | M\u00fcnchen, Deutschland | Sprache: Deutsch<\/span><\/div><div class=\"listing-item\"><a class=\"title\" href=\"https:\/\/www.eyebody.com\/de\/tageskurs-badboll-2-mai-2026\/\">Tageskurs Bad Boll \u2013 2. Mai 2026<\/a> <span class=\"excerpt-dash\">-<\/span> <span class=\"excerpt\">Eyebody Einf\u00fchrungskurs mit Peter Grunwald | Samstag, 2. Mai 2026 | Bad Boll, Deutschland | Sprache: Deutsch<\/span><\/div><div class=\"listing-item\"><a class=\"title\" href=\"https:\/\/www.eyebody.com\/de\/tageskurs-lindau-3-mai-2026\/\">Tageskurs Lindau \u2013 3. Mai 2026<\/a> <span class=\"excerpt-dash\">-<\/span> <span class=\"excerpt\">Eyebody Einf\u00fchrungskurs mit Peter Grunwald | Sonntag, 3. Mai 2026 | Lindau, Deutschland | Sprache: Deutsch<\/span><\/div><div class=\"listing-item\"><a class=\"title\" href=\"https:\/\/www.eyebody.com\/de\/tageskurs-wien-10-mai-2026\/\">Tageskurs Wien \u2013 10. Mai 2026<\/a> <span class=\"excerpt-dash\">-<\/span> <span class=\"excerpt\">Eyebody Einf\u00fchrungskurs mit Peter Grunwald | Sonntag, 10. Mai 2026 | Wien, \u00d6sterreich | Sprache: Deutsch<\/span><\/div><\/div>\n<p>&nbsp;<\/p>\n<h4>Mehrtages-Seminare<\/h4>\n<div class=\"seminar-list-wrapper\"><div class=\"listing-item\"><a class=\"title\" href=\"https:\/\/www.eyebody.com\/de\/6-tage-kurs-oberbayern-juni-2026\/\">6 Tage-Kurs, Oberbayern \u2013 Juni 2026<\/a> <span class=\"excerpt-dash\">-<\/span> <span class=\"excerpt\"><strong>Ausgebucht! Wir f\u00fchren eine Warteliste.<\/strong> 27. Juni \u2013 \u00a03. Juli 2026 | Holzmannstett\/Pfaffing, Deutschland | Sprache: Deutsch<\/span><\/div><div class=\"listing-item\"><a class=\"title\" href=\"https:\/\/www.eyebody.com\/de\/vertiefungskurs-oberbayern-juli-2026\/\">Vertiefungskurs Oberbayern &#8211; Juli 2026<\/a> <span class=\"excerpt-dash\">-<\/span> <span class=\"excerpt\"><strong>Ausgebucht! Wir f\u00fchren eine Warteliste.<\/strong> 6. \u2013 12. Juli 2026 | Holzmannstett\/Pfaffing, Deutschland | Sprache: Deutsch<\/span><\/div><div class=\"listing-item\"><a class=\"title\" href=\"https:\/\/www.eyebody.com\/de\/6-tage-kurs-niedersachsen-juli-2026\/\">6 Tage-Kurs, Niedersachsen \u2013 Juli 2026<\/a> <span class=\"excerpt-dash\">-<\/span> <span class=\"excerpt\"><strong>Ausgebucht! Wir f\u00fchren eine Warteliste.<\/strong> 19. \u2013\u00a0 25. Juli 2026 | Haus Schnede, Salzhausen, Deutschland | Sprache: Deutsch<\/span><\/div><div class=\"listing-item\"><a class=\"title\" href=\"https:\/\/www.eyebody.com\/de\/6-tage-kurs-hohenfels-juli-2026\/\">6 Tage-Kurs, Schloss Hohenfels \u2013 Juli 2026<\/a> <span class=\"excerpt-dash\">-<\/span> <span class=\"excerpt\"><strong>Ausgebucht! Wir f\u00fchren eine Warteliste.<\/strong> 26. Juli \u2013 \u00a01. August 2026 | Schloss Hohenfels, Deutschland | Sprache: Deutsch<\/span><\/div><div class=\"listing-item\"><a class=\"title\" href=\"https:\/\/www.eyebody.com\/de\/6-tage-kurs-uckermark-august-2026\/\">6 Tage-Kurs, Uckermark \u2013 August 2026<\/a> <span class=\"excerpt-dash\">-<\/span> <span class=\"excerpt\"><strong>Ausgebucht! Wir f\u00fchren eine Warteliste.<\/strong> 2. \u2013 \u00a08. August \u00a02026 | Schl\u00fc\u00dfhof Lychen, Deutschland | Sprache: Deutsch<\/span><\/div><div class=\"listing-item\"><a class=\"title\" href=\"https:\/\/www.eyebody.com\/de\/6-tage-kurs-oesterreich-august-2026\/\">6 Tage-Kurs, \u00d6sterreich \u2013 August 2026<\/a> <span class=\"excerpt-dash\">-<\/span> <span class=\"excerpt\">20. \u2013 26. August 2026 | Hotel des Gl\u00fccks, St. Oswald, Nieder\u00f6sterreich | Sprache: Deutsch<\/span><\/div><div class=\"listing-item\"><a class=\"title\" href=\"https:\/\/www.eyebody.com\/de\/6-day-basis-advanced-retreat-trentino-september-2026\/\">6-Day Basis\/Advanced Retreat, Trentino &#8211; September 2026<\/a> <span class=\"excerpt-dash\">-<\/span> <span class=\"excerpt\">31 August \u2013 6 September 2026 | Roncegno (Trento), Italy | Language: English + Italian<\/span><\/div><\/div>\n<p>&nbsp;<\/p>\n<a class=\"button btn-primary\" href=\"\/workshops-lessons\/\">Workshops in englischer Sprache<\/a>\n<p>&nbsp;<\/p>\n<h3>Online-Einf\u00fchrungskurs in die Eyebody-Methode<\/h3>\n<p><strong>Leicht erreichbar und ohne reisen<\/strong> zu m\u00fcssen erhalten Sie die M\u00f6glichkeit, die Eyebody-Methode in Theorie und Praxis in einem Online-Kurs kennenzulernen. F\u00fcr viele ist das Gelegenheit, den Begr\u00fcnder der Eyebody-Methode pers\u00f6nlich kennenzulernen, erste Experimente ohne Brille zu machen und eine Entscheidungshilfe zu bekommen, ob ein mehrt\u00e4giger Kurs der anstehende n\u00e4chste Schritt ist.<br \/>\n<a class=\"button btn-primary\" href=\"https:\/\/www.eyebody.com\/de\/shop\/das-natuerliche-sehen-eyebody-online-einfuehrungskurs-4-module\/\">Online-Einf\u00fchrungskurs \u2013 Info &amp; Buchung<\/a><\/p>\n<hr \/>\n<h3>Sechst\u00e4gige Eyebody-Seminare<\/h3>\n<p>Diese Kurse sind als integrative Lernerfahrung zur Verbesserung des Sehens, der k\u00f6rperlichen Beweglichkeit, der Entspannung und Vorstellungskraft konzipiert. Die Seminare sind sowohl f\u00fcr Neueinsteiger als auch f\u00fcr Fortgeschritte geeignet.<\/p>\n<div class=\"responsive-video\"><iframe src=\"https:\/\/player.vimeo.com\/video\/1175826948?badge=0&amp;autopause=0&amp;player_id=0&amp;app_id=58479\" frameborder=\"0\" allow=\"autoplay; fullscreen; picture-in-picture; clipboard-write; encrypted-media; web-share\" referrerpolicy=\"strict-origin-when-cross-origin\" style=\"position:absolute;top:0;left:0;width:100%;height:100%;\" title=\"6-Tage-Retreat mit Peter Grunwald, Eyebody Begr\u00fcnder\"><\/iframe><\/div>\n<p><script src=\"https:\/\/player.vimeo.com\/api\/player.js\"><\/script><\/p>\n<p>W\u00e4hrend der sechs Tage wird, aufbauend auf Peter Grunwalds Erfahrungen, ein schrittweises Entw\u00f6hnen von der Brille und zeitgleich eine Erholung des gesamten Sehsystems angebahnt. Alle Kursorte bieten ein geeignetes Umfeld, das die n\u00f6tige Sicherheit zur Verf\u00fcgung stellt, so dass inneres Vertrauen wachsen kann und positive Ver\u00e4nderungen geschehen k\u00f6nnen. Im Kurs werden Gruppen- und Einzelarbeit sinnvoll miteinander kombiniert.<\/p>\n<p><img loading=\"lazy\" decoding=\"async\" class=\"alignleft size-medium wp-image-18016\" src=\"https:\/\/www.eyebody.com\/wp-content\/uploads\/2014\/12\/zist-sommer-108_DSC_2138-300x200.jpg\" alt=\"zist-sommer-108_DSC_2138\" width=\"300\" height=\"200\" srcset=\"https:\/\/www.eyebody.com\/wp-content\/uploads\/2014\/12\/zist-sommer-108_DSC_2138-300x200.jpg 300w, https:\/\/www.eyebody.com\/wp-content\/uploads\/2014\/12\/zist-sommer-108_DSC_2138-416x278.jpg 416w, https:\/\/www.eyebody.com\/wp-content\/uploads\/2014\/12\/zist-sommer-108_DSC_2138-768x513.jpg 768w, https:\/\/www.eyebody.com\/wp-content\/uploads\/2014\/12\/zist-sommer-108_DSC_2138-1024x684.jpg 1024w, https:\/\/www.eyebody.com\/wp-content\/uploads\/2014\/12\/zist-sommer-108_DSC_2138.jpg 1420w\" sizes=\"auto, (max-width: 300px) 100vw, 300px\" \/>Jedes Seminar findet in einer f\u00fcr das Sehen ansprechenden und der Erholung dienlichen Umgebung statt, so etwa in der Heidelandschaft Norddeutschlands, mit Blick auf das Alpenpanorama im s\u00fcdlichen Bayern oder im Renaissance-Schloss Puchberg bei Wels in Ober\u00f6sterreich.<\/p>\n<p>Au\u00dferhalb des deutsch-sprachigen Raums bietet sich die Idylle der Coromandel Halbinsel auf Neuseeland an, das Valsugana im norditalienischen Trentino, die gr\u00fcnen Landstriche Gro\u00dfbritanniens oder ein beschaulicher Ort unweit der Tempelstadt Kyoto in Japan.<\/p>\n<hr \/>\n<h3><img loading=\"lazy\" decoding=\"async\" class=\"alignleft size-medium wp-image-18015\" src=\"https:\/\/www.eyebody.com\/wp-content\/uploads\/2014\/12\/mana-from-the-mountain-208x300.jpg\" alt=\"mana-from-the-mountain\" width=\"208\" height=\"300\" \/>Sehen, Denken und Bewegen &#8211; ein zweiw\u00f6chiges Intensivprogramm<\/h3>\n<p>Diesen Intensivkurs bietet Peter Grunwald j\u00e4hrlich in den ersten zwei Januar-Wochen in Neuseeland an. Die erste Woche findet im Mana Retreat Center auf der Coromandel Halbinsel statt, die Folgewoche in der Sch\u00f6nheit der Coromandel-K\u00fcste zwischen Peter Grunwalds Wyuna Bay Studio und Coromandel Township. Dieser Workshop steht Menschen offen, die bereits einen sechst\u00e4gigen Kurs gemacht haben, bzw. es bedarf der pers\u00f6nlichen Absprache.<\/p>\n<p>Alle Workshops finden Sie in der Terminliste oben. Dort k\u00f6nnen Sie auch ausf\u00fchrliche Informationen einsehen und sich direkt online anmelden.<\/p>\n<hr \/>\n<h3>Private Einzellektionen in der Grunwald Eyebody-Methode<\/h3>\n<p>Die M\u00f6glichkeit, Einzellektionen w\u00e4hrend Peters Aufenthalten in Europa zu buchen, sind in der Regel Personen vorbehalten, die bereits an mindestens einem sechst\u00e4gigen Seminar teilgenommen haben. Auf diese Weise unterst\u00fctzt Peter seine zahlreichen Teilnehmerinnen und Teilnehmer, besonders im deutschsprachigen Raum. Private Einzellektionen mit Peter sind auf Ihre jeweiligen Bed\u00fcrfnisse individuell zugeschnitten. Die Kursteilnehmer werden durch den Newsletter \u00fcber die Angebote in Deutschland, \u00d6sterreich und der Schweiz informiert.<\/p>\n<p><strong><img loading=\"lazy\" decoding=\"async\" class=\"alignright size-medium wp-image-7415\" src=\"https:\/\/www.eyebody.com\/wp-content\/uploads\/2014\/12\/112_DSC_2155-300x200.jpg\" alt=\"Private Lesson\" width=\"300\" height=\"200\" srcset=\"https:\/\/www.eyebody.com\/wp-content\/uploads\/2014\/12\/112_DSC_2155-300x200.jpg 300w, https:\/\/www.eyebody.com\/wp-content\/uploads\/2014\/12\/112_DSC_2155-416x277.jpg 416w, https:\/\/www.eyebody.com\/wp-content\/uploads\/2014\/12\/112_DSC_2155-768x512.jpg 768w, https:\/\/www.eyebody.com\/wp-content\/uploads\/2014\/12\/112_DSC_2155.jpg 1024w\" sizes=\"auto, (max-width: 300px) 100vw, 300px\" \/>Das Grunwald Eyebody-Zentrum\u00a0in Auckland, Neuseeland<\/strong><\/p>\n<p>Nach Neuseeland reisen \u2013 g\u00f6nnen Sie sich eine Serie ganz auf\u00a0Sie zugeschnittener Einzelstunden und\u00a0entdecken Sie so durch neue Seherfahrungen die Sch\u00f6nheit Neuseelands!<br \/>\nDas Eyebody-Zentrum liegt in Aucklands Vorort Herne Bay \u2013 in der unmittelbaren N\u00e4he der Herne Bucht mit Blick auf Aucklands weitl\u00e4ufigen nat\u00fcrlichen Hafen. Hier haben Sie die M\u00f6glichkeit, an einer Reihe von Einzelstunden teilzunehmen, die an Ihre pers\u00f6nliche Situation angepasst sind. Diese Art des Lernens empfiehlt sich f\u00fcr reisefreudige Menschen aus aller Welt, die in den Genuss der Einzelarbeit kommen m\u00f6chten. Gestalten Sie so Ihren Neueinstieg in die Eyebody-Methode oder vertiefen Sie Ihre Erfahrungen!<br \/>\nDie H\u00e4ufigkeit der Einzelstunden ist abgestimmt auf die jeweilige Situation. \u00dcblicherweise werden 2 bis 3 Lektionen pro Tag \u00fcber einen Zeitraum von einer bis drei Wochen\u00a0\u00a0empfohlen, die auch f\u00fcr neuseel\u00e4ndische Reiseerfahrungen unterbrochen werden k\u00f6nnen. Die \u00d6ffnungszeiten des Zentrums sind jeweils von Montag bis Freitag.<\/p>\n<p>Unser B\u00fcro kann Ihnen auf der Suche nach einer passenden Unterkunft in der N\u00e4he des Eyebody-Zentrums behilflich sein.<br \/>\nBitte vereinbaren Sie Ihre Termine per E-Mail unter info@eyebody.com.<\/p>\n<p>&nbsp;<\/p>\n","protected":false},"excerpt":{"rendered":"<p>Die Eyebody-Methode wird auf Ein-Tages-Kursen, Online-Einf\u00fchrungskursen, mehrt\u00e4gigen Seminaren, intensiven Zwei-Wochen-Retreats und in privaten Einzelstunden vermittelt. Viele Menschen haben durch diese Erfahrungen ihre Brille oder Kontaktlinsen aufgegeben. Die Erfahrungen und Erlebnisse eines oder mehrerer dieser Kurse sind eine nat\u00fcrliche Alternative zu einer Laseroperation oder anderen medizinischen Eingriffen am Auge. S\u00e4mtliche Kurse werden von Peter Grunwald selbst<a class=\"button read-more\" href=\"https:\/\/www.eyebody.com\/de\/6-day-basis-advanced-retreat-trentino-september-2026\/\">Weiterlesen<\/a><\/p>\n","protected":false},"author":5,"featured_media":18020,"parent":0,"menu_order":144,"comment_status":"closed","ping_status":"closed","template":"","meta":{"footnotes":""},"class_list":["post-109","page","type-page","status-publish","has-post-thumbnail","hentry"],"_links":{"self":[{"href":"https:\/\/www.eyebody.com\/de\/wp-json\/wp\/v2\/pages\/109","targetHints":{"allow":["GET"]}}],"collection":[{"href":"https:\/\/www.eyebody.com\/de\/wp-json\/wp\/v2\/pages"}],"about":[{"href":"https:\/\/www.eyebody.com\/de\/wp-json\/wp\/v2\/types\/page"}],"author":[{"embeddable":true,"href":"https:\/\/www.eyebody.com\/de\/wp-json\/wp\/v2\/users\/5"}],"replies":[{"embeddable":true,"href":"https:\/\/www.eyebody.com\/de\/wp-json\/wp\/v2\/comments?post=109"}],"version-history":[{"count":3,"href":"https:\/\/www.eyebody.com\/de\/wp-json\/wp\/v2\/pages\/109\/revisions"}],"predecessor-version":[{"id":65077,"href":"https:\/\/www.eyebody.com\/de\/wp-json\/wp\/v2\/pages\/109\/revisions\/65077"}],"wp:featuredmedia":[{"embeddable":true,"href":"https:\/\/www.eyebody.com\/de\/wp-json\/wp\/v2\/media\/18020"}],"wp:attachment":[{"href":"https:\/\/www.eyebody.com\/de\/wp-json\/wp\/v2\/media?parent=109"}],"curies":[{"name":"wp","href":"https:\/\/api.w.org\/{rel}","templated":true}]}}