{"id":17,"date":"2014-03-17T08:01:48","date_gmt":"2014-03-17T07:01:48","guid":{"rendered":"http:\/\/www.eyebody.com\/?page_id=17"},"modified":"2019-06-27T12:53:38","modified_gmt":"2019-06-27T10:53:38","slug":"peter-grunwald","status":"publish","type":"page","link":"https:\/\/www.eyebody.com\/de\/peter-grunwald\/","title":{"rendered":"Peter Grunwald"},"content":{"rendered":"<p>Peter Grunwald trug bereits im Alter von drei Jahren eine Brille wegen Kurzsichtigkeit und Hornhautverkr\u00fcmmung. Au\u00dferdem fing er an zu stottern, hatte eine schlechte Haltung und litt unter geringem Selbstvertrauen.<\/p>\n<p>1984 begann er in Australien eine dreij\u00e4hrige Vollzeitausbildung zum Lehrer der F. M. Alexander-Technik mit dem Ziel, das Stottern und die schlechte K\u00f6rperhaltung zu \u00fcberwinden. Bei Abschluss der Ausbildung hatte sich sein Stottern ganz wesentlich verbessert, er hatte ein v\u00f6llig neues Selbstverst\u00e4ndnis von k\u00f6rperlichem und mentalem Gleichgewicht entwickelt und stark an Selbstwertgef\u00fchl gewonnen.<\/p>\n<p>In Deutschland bildete er sich bei der bekannten Sehlehrerin Dr. Janet Goodrich weiter. Binnen 18 Monaten war er in der Lage, seine -10,5 Dioptrien starke Brille aufzugeben. Seine Entdeckungen der Beziehungen zwischen Augen und K\u00f6rper folgten im Jahr 1992 und f\u00fchrten ihn zu noch gr\u00f6\u00dferer physischer und mentaler Klarheit. Seither hat er regelm\u00e4\u00dfig geforscht und die nach ihm benannte Lernmethode entwickelt.<\/p>\n<p>Peter unterrichtet in privater Praxis, schreibt und leitet j\u00e4hrlich Seminare im deutsch-sprachigen Raum, sowie in Japan, den U.S.A., Neuseeland und anderen englischsprachigen L\u00e4ndern. Er lebt in Neuseeland.<\/p>\n<p>&nbsp;<\/p>\n","protected":false},"excerpt":{"rendered":"<p>Peter Grunwald trug bereits im Alter von drei Jahren eine Brille wegen Kurzsichtigkeit und Hornhautverkr\u00fcmmung. Au\u00dferdem fing er an zu stottern, hatte eine schlechte Haltung und litt unter geringem Selbstvertrauen. 1984 begann er in Australien eine dreij\u00e4hrige Vollzeitausbildung zum Lehrer der F. M. Alexander-Technik mit dem Ziel, das Stottern und die schlechte K\u00f6rperhaltung zu \u00fcberwinden.<a class=\"button read-more\" href=\"https:\/\/www.eyebody.com\/de\/peter-grunwald\/\">Weiterlesen<\/a><\/p>\n","protected":false},"author":5,"featured_media":17995,"parent":0,"menu_order":139,"comment_status":"closed","ping_status":"closed","template":"","meta":{"footnotes":""},"class_list":["post-17","page","type-page","status-publish","has-post-thumbnail","hentry"],"_links":{"self":[{"href":"https:\/\/www.eyebody.com\/de\/wp-json\/wp\/v2\/pages\/17","targetHints":{"allow":["GET"]}}],"collection":[{"href":"https:\/\/www.eyebody.com\/de\/wp-json\/wp\/v2\/pages"}],"about":[{"href":"https:\/\/www.eyebody.com\/de\/wp-json\/wp\/v2\/types\/page"}],"author":[{"embeddable":true,"href":"https:\/\/www.eyebody.com\/de\/wp-json\/wp\/v2\/users\/5"}],"replies":[{"embeddable":true,"href":"https:\/\/www.eyebody.com\/de\/wp-json\/wp\/v2\/comments?post=17"}],"version-history":[{"count":5,"href":"https:\/\/www.eyebody.com\/de\/wp-json\/wp\/v2\/pages\/17\/revisions"}],"predecessor-version":[{"id":25631,"href":"https:\/\/www.eyebody.com\/de\/wp-json\/wp\/v2\/pages\/17\/revisions\/25631"}],"wp:featuredmedia":[{"embeddable":true,"href":"https:\/\/www.eyebody.com\/de\/wp-json\/wp\/v2\/media\/17995"}],"wp:attachment":[{"href":"https:\/\/www.eyebody.com\/de\/wp-json\/wp\/v2\/media?parent=17"}],"curies":[{"name":"wp","href":"https:\/\/api.w.org\/{rel}","templated":true}]}}