{"id":20,"date":"2014-03-17T08:06:45","date_gmt":"2014-03-17T07:06:45","guid":{"rendered":"http:\/\/www.eyebody.com\/?page_id=20"},"modified":"2019-05-10T12:14:49","modified_gmt":"2019-05-10T10:14:49","slug":"eyebody-methode","status":"publish","type":"page","link":"https:\/\/www.eyebody.com\/de\/eyebody-methode\/","title":{"rendered":"Die Eyebody Muster"},"content":{"rendered":"<p><img loading=\"lazy\" decoding=\"async\" class=\"img-fullwidth aligncenter wp-image-24372 size-full\" src=\"https:\/\/www.eyebody.com\/wp-content\/uploads\/2019\/05\/eyebody-pattern-2019_DE-1.jpg\" alt=\"\" width=\"890\" height=\"680\" srcset=\"https:\/\/www.eyebody.com\/wp-content\/uploads\/2019\/05\/eyebody-pattern-2019_DE-1.jpg 890w, https:\/\/www.eyebody.com\/wp-content\/uploads\/2019\/05\/eyebody-pattern-2019_DE-1-416x318.jpg 416w, https:\/\/www.eyebody.com\/wp-content\/uploads\/2019\/05\/eyebody-pattern-2019_DE-1-300x229.jpg 300w, https:\/\/www.eyebody.com\/wp-content\/uploads\/2019\/05\/eyebody-pattern-2019_DE-1-768x587.jpg 768w\" sizes=\"auto, (max-width: 890px) 100vw, 890px\" \/><\/p>\n<p><strong>Der EyeBody-Methode liegt eine einzigartige Entdeckung zugrunde: Peter Grunwald hat herausgefunden, dass jeder einzelne Bereich des Sehsystems mit einem bestimmten Bereich des K\u00f6rpers und des Gehirns\u00a0in Verbindung steht. Bestimmte Fehlfunktionen wie z. B. Kurz- und Weitsichtigkeit, Hornhautverkr\u00fcmmung, Altersweitsichtigkeit, Schielen und Fusionsst\u00f6rungen, genauso wie Gr\u00fcner oder Grauer Star gehen mit spezifischen Spannungen und Verk\u00fcrzungen im K\u00f6rper einher.<\/strong><\/p>\n<h4>Peter Grunwald \u00fcber die Anf\u00e4nge mit den EyeBody-Mustern:<\/h4>\n<p>&#8222;Das erste Mal wurde ich 1992 auf eine regelrechte Verbindung zwischen meinen Augen und meinem K\u00f6rper aufmerksam. In meinem Unterrichtsraum in Auckland, Neuseeland, dachte ich \u00fcber die Hornhautverkr\u00fcmmung nach, die mich schon mein Leben lang begleitete. Ich wusste, dass Astigmatismus teilweise auf unnat\u00fcrliche Kr\u00fcmmungen in verschiedenen Ebenen der Hornhaut zur\u00fcckzuf\u00fchren ist. Als ich so dasa\u00df und meinen \u00dcberlegungen nachhing, stellte ich mir vor, die Hornhaut zu verengen und zu verkleinern (eine solche mentale Herangehensweise war mir von der Alexander-Technik her vertraut, allerdings bis zu dem Zeitpunkt nur im Zusammenhang mit dem restlichen K\u00f6rper, nicht mit den Augen). Im gleichen Augenblick bemerkte ich ein Zusammensacken im oberen Brustbereich. \u00dcberrascht &#8211; und darauf bedacht, meine Haltung nicht \u00fcber die Bewegungs- bzw. Haltungsmuskulatur zu beeinflussen &#8211; begann ich nun, meine Hornhaut anzuleiten, sich zu strecken und auszudehnen. Sofort fiel mir auf, wie sich mein Brustkorb wieder nach oben bewegte. Ich wiederholte denselben Gedankenprozess und zu meinem Erstaunen hatte das denselben Effekt. Dieses zweite Mal und viele Male danach.<\/p>\n<p>Aufgeregt, aber bedachtsam, bat ich sp\u00e4ter am Tag einige meiner Privatsch\u00fcler, ihr Denken auf die Hornhaut zu richten&#8230; und siehe da, genau dasselbe Ph\u00e4nomen trat auch bei ihnen auf. Am Ende des Tages war ich zu folgendem Schluss gekommen: wenn es eine bestimmte Beziehung zwischen der Hornhaut und dem Brustbereich gibt, dann frage ich mich doch, was f\u00fcr andere Verbindungen zwischen den Augen und dem K\u00f6rper existieren?<\/p>\n<p><img loading=\"lazy\" decoding=\"async\" class=\"alignleft size-medium wp-image-105\" src=\"https:\/\/www.eyebody.com\/wp-content\/uploads\/2014\/03\/peter-sessionklavier-255_DSC_2605-300x200.jpg\" alt=\"peter-sessionklavier-255_DSC_2605\" width=\"300\" height=\"200\" srcset=\"https:\/\/www.eyebody.com\/wp-content\/uploads\/2014\/03\/peter-sessionklavier-255_DSC_2605-300x200.jpg 300w, https:\/\/www.eyebody.com\/wp-content\/uploads\/2014\/03\/peter-sessionklavier-255_DSC_2605-416x278.jpg 416w, https:\/\/www.eyebody.com\/wp-content\/uploads\/2014\/03\/peter-sessionklavier-255_DSC_2605-768x513.jpg 768w, https:\/\/www.eyebody.com\/wp-content\/uploads\/2014\/03\/peter-sessionklavier-255_DSC_2605-1024x684.jpg 1024w, https:\/\/www.eyebody.com\/wp-content\/uploads\/2014\/03\/peter-sessionklavier-255_DSC_2605-624x416.jpg 624w, https:\/\/www.eyebody.com\/wp-content\/uploads\/2014\/03\/peter-sessionklavier-255_DSC_2605.jpg 1420w\" sizes=\"auto, (max-width: 300px) 100vw, 300px\" \/>W\u00e4hrend der n\u00e4chsten Wochen, Monate und Jahre fand ich mehr und mehr \u00fcber diese Beziehungen heraus. Nach und nach kam ich den Mustern auf die Spur. Ich entdeckte den gesamten Torso vom Hals bis zum Becken innerhalb des Auges abgebildet und konnte so eine Karte erstellen.<\/p>\n<p>Bis heute habe ich die pr\u00e4zisen Korrelationen zwischen zahlreichen Bereichen des K\u00f6rpers und des Sehsystems entdeckt &#8211; immer weitere Zonen kamen und kommen mit der Zeit hinzu.<\/p>\n<p>Bei der Kurzsichtigkeit etwa gibt es eine Stauchung der Baucheingeweide (Glask\u00f6rper) und eine Verk\u00fcrzung des unteren R\u00fcckens (Netzhaut), die Wirkung auf das Becken, das H\u00fcftgelenk (Blinder Fleck) und den Oberschenkel (Sehnerv) haben, genauso wie auf das Knie (seitliche Knieh\u00f6cker des Thalamus) und die F\u00fc\u00dfe (Sehrinde). Weiterhin zeigt sich eine Stauchung des Hirnstamms und des R\u00fcckenmarks, die ein Zur\u00fcckziehen des Kopfes nach hinten und unten ausl\u00f6sen, was in der Folge die gesamte K\u00f6rperstatur beeinflusst (der Torso steht mit dem Augapfel in Verbindung). Es gibt allgemein eine Auswirkung auf die kn\u00f6cherne Augenh\u00f6hle, wobei sich das Keilbein, durch das der Sehnerv (Oberschenkel) auf dem Weg vom Gehirn zum Auge hindurchtritt, im Besonderen nach vorne und unten neigt&#8230;&#8220;<\/p>\n<p><!--:--><\/p>\n","protected":false},"excerpt":{"rendered":"<p>Der EyeBody-Methode liegt eine einzigartige Entdeckung zugrunde: Peter Grunwald hat herausgefunden, dass jeder einzelne Bereich des Sehsystems mit einem bestimmten Bereich des K\u00f6rpers und des Gehirns\u00a0in Verbindung steht. Bestimmte Fehlfunktionen wie z. B. Kurz- und Weitsichtigkeit, Hornhautverkr\u00fcmmung, Altersweitsichtigkeit, Schielen und Fusionsst\u00f6rungen, genauso wie Gr\u00fcner oder Grauer Star gehen mit spezifischen Spannungen und Verk\u00fcrzungen im K\u00f6rper<a class=\"button read-more\" href=\"https:\/\/www.eyebody.com\/de\/eyebody-methode\/\">Weiterlesen<\/a><\/p>\n","protected":false},"author":5,"featured_media":0,"parent":0,"menu_order":113,"comment_status":"closed","ping_status":"closed","template":"","meta":{"footnotes":""},"class_list":["post-20","page","type-page","status-publish","hentry"],"_links":{"self":[{"href":"https:\/\/www.eyebody.com\/de\/wp-json\/wp\/v2\/pages\/20","targetHints":{"allow":["GET"]}}],"collection":[{"href":"https:\/\/www.eyebody.com\/de\/wp-json\/wp\/v2\/pages"}],"about":[{"href":"https:\/\/www.eyebody.com\/de\/wp-json\/wp\/v2\/types\/page"}],"author":[{"embeddable":true,"href":"https:\/\/www.eyebody.com\/de\/wp-json\/wp\/v2\/users\/5"}],"replies":[{"embeddable":true,"href":"https:\/\/www.eyebody.com\/de\/wp-json\/wp\/v2\/comments?post=20"}],"version-history":[{"count":9,"href":"https:\/\/www.eyebody.com\/de\/wp-json\/wp\/v2\/pages\/20\/revisions"}],"predecessor-version":[{"id":24376,"href":"https:\/\/www.eyebody.com\/de\/wp-json\/wp\/v2\/pages\/20\/revisions\/24376"}],"wp:attachment":[{"href":"https:\/\/www.eyebody.com\/de\/wp-json\/wp\/v2\/media?parent=20"}],"curies":[{"name":"wp","href":"https:\/\/api.w.org\/{rel}","templated":true}]}}