{"id":39516,"date":"2020-12-13T21:22:18","date_gmt":"2020-12-13T20:22:18","guid":{"rendered":"https:\/\/www.eyebody.com\/?page_id=39516"},"modified":"2021-09-14T08:48:20","modified_gmt":"2021-09-14T06:48:20","slug":"freier-und-bewusster-leben-ohne-brille","status":"publish","type":"page","link":"https:\/\/www.eyebody.com\/de\/","title":{"rendered":"Freier und bewusster leben ohne Brille"},"content":{"rendered":"<h4><strong>Mit Hilfe der revolution\u00e4ren\u00a0Grunwald EyeBody-Methode<sup>\u00ae<\/sup> k\u00f6nnen Sie das nat\u00fcrliche Sehen wieder erlangen.<\/strong><\/h4>\n<p><strong>EyeBody bedeutet Arbeit an Gehirn, Augen und K\u00f6rper gleichzeitig. Die Methode bedient sich klar formulierter Prinzipien, die im Alltag angewendet werden k\u00f6nnen \u2013 einem Alltag ohne Brille oder Kontaktlinsen.<\/strong><\/p>\n<p><a href=\"\/de\/peter-grunwald\/\">Peter Grunwald<\/a> hat herausgefunden, dass jeder Einschr\u00e4nkung des Sehens &#8211; wie Kurzsichtigkeit, Altersweitsichtigkeit, Hornhautverkr\u00fcmmung oder anderen visuellen Dysfunktionen &#8211; ein bestimmtes Muster zugrunde liegt. Ein Muster, in dem das jeweilige Gehirn arbeitet. Bestimmte Bereiche des Gehirns und Sehsystems stehen mit spezifischen Bereichen des K\u00f6rpers in Verbindung. Deshalb gehen St\u00f6rungen in der Koordination des Sehens mit Schw\u00e4chen in der K\u00f6rperkoordination und\u00a0K\u00f6rperhaltung einher und verursachen so Schmerzen im R\u00fccken, Nacken oder Schulterg\u00fcrtel, Kopfschmerzen und Atembeschwerden.<\/p>\n<p><img loading=\"lazy\" decoding=\"async\" class=\"alignleft size-medium wp-image-99\" src=\"https:\/\/www.eyebody.com\/wp-content\/uploads\/2014\/03\/peter-privatsession-113_DSC_2158-300x200.jpg\" alt=\"peter-privatsession-113_DSC_2158\" width=\"300\" height=\"200\" srcset=\"https:\/\/www.eyebody.com\/wp-content\/uploads\/2014\/03\/peter-privatsession-113_DSC_2158-300x200.jpg 300w, https:\/\/www.eyebody.com\/wp-content\/uploads\/2014\/03\/peter-privatsession-113_DSC_2158-416x278.jpg 416w, https:\/\/www.eyebody.com\/wp-content\/uploads\/2014\/03\/peter-privatsession-113_DSC_2158-768x513.jpg 768w, https:\/\/www.eyebody.com\/wp-content\/uploads\/2014\/03\/peter-privatsession-113_DSC_2158-1024x684.jpg 1024w, https:\/\/www.eyebody.com\/wp-content\/uploads\/2014\/03\/peter-privatsession-113_DSC_2158-624x416.jpg 624w, https:\/\/www.eyebody.com\/wp-content\/uploads\/2014\/03\/peter-privatsession-113_DSC_2158.jpg 1420w\" sizes=\"auto, (max-width: 300px) 100vw, 300px\" \/>Peter Grunwald wendet die durch F. M. Alexander entwickelten Prinzipien auf die so genannten <a href=\"\/de\/eyebody-methode\/\">EyeBody-Muster<\/a><sup><sup>\u00ae<\/sup><\/sup> an und verbindet sie mit Elementen des &#8222;Nat\u00fcrlich besser Sehens&#8220; nach Bates.<\/p>\n<p>Menschen jeden Alters und Hintergrunds haben <a href=\"\/de\/die-methode-und-ihre-wirkungen\/\">die Methode<\/a> erfolgreich angewandt. Sie empfiehlt sich besonders f\u00fcr eine Verbesserung oder Pr\u00e4vention der Kurzsichtigkeit, Altersweitsichtigkeit, \u00dcbersichtigkeit, Schielen, Hornhautverkr\u00fcmmung, Grauem Star (Katarakt) bzw. Gr\u00fcnem Star (Glaukom) und anderen Dysfunktionen sowie der damit einhergehenden K\u00f6rperkoordination und Gehirnfunktion.<\/p>\n<p>Peter Grunwald hat 2004 sein erstes Buch <a href=\"https:\/\/www.eyebody.com\/de\/shop\/eyebody-die-integration-von-auge-gehirn-und-korper-deutsche-ausgabe\/\">&#8222;EyeBody&#8220;<\/a> ver\u00f6ffentlicht, welches inzwischen mehrmals neu aufgelegt wurde. Sie finden darin eine ausf\u00fchrliche und tiefgr\u00fcndige Darstellung seiner bisherigen Arbeit, die ebenso faszinierend wie informativ ist.<\/p>\n<p>Die Grunwald EyeBody-Methode<sup><sup>\u00ae<\/sup><\/sup> wird von Peter Grunwald selbst in Online-Kursen, Seminaren, Vortr\u00e4gen bzw. in privater Einzelarbeit vermittelt.<\/p>\n<p>&nbsp;<\/p>\n<hr \/>\n<h3>Aktuelle Eyebody-Seminare<\/h3>\n<div class=\"seminar-list-wrapper\"><div class=\"listing-item\"><a class=\"title\" href=\"https:\/\/www.eyebody.com\/de\/tageskurs-badboll-2-mai-2026\/\">Tageskurs Bad Boll \u2013 2. Mai 2026<\/a> <span class=\"excerpt-dash\">-<\/span> <span class=\"excerpt\"><strong>Ausgebucht!<\/strong> Eyebody Einf\u00fchrungskurs mit Peter Grunwald | Samstag, 2. Mai 2026 | Bad Boll, Deutschland | Sprache: Deutsch<\/span><\/div><div class=\"listing-item\"><a class=\"title\" href=\"https:\/\/www.eyebody.com\/de\/tageskurs-lindau-3-mai-2026\/\">Tageskurs Lindau \u2013 3. Mai 2026<\/a> <span class=\"excerpt-dash\">-<\/span> <span class=\"excerpt\"><strong>Ausgebucht!<\/strong> Eyebody Einf\u00fchrungskurs mit Peter Grunwald | Sonntag, 3. Mai 2026 | Lindau, Deutschland | Sprache: Deutsch<\/span><\/div><div class=\"listing-item\"><a class=\"title\" href=\"https:\/\/www.eyebody.com\/de\/6-tage-kurs-oberbayern-juni-2026\/\">6 Tage-Kurs, Oberbayern \u2013 Juni 2026<\/a> <span class=\"excerpt-dash\">-<\/span> <span class=\"excerpt\"><strong>Ausgebucht! Wir f\u00fchren eine Warteliste.<\/strong> 28. Juni \u2013 \u00a04. Juli 2026 | Holzmannstett\/Pfaffing, Deutschland | Sprache: Deutsch<\/span><\/div><div class=\"listing-item\"><a class=\"title\" href=\"https:\/\/www.eyebody.com\/de\/tageskurs-wien-10-mai-2026\/\">Tageskurs Wien \u2013 10. Mai 2026<\/a> <span class=\"excerpt-dash\">-<\/span> <span class=\"excerpt\">Eyebody Einf\u00fchrungskurs mit Peter Grunwald | Sonntag, 10. Mai 2026 | Wien, \u00d6sterreich | Sprache: Deutsch<\/span><\/div><div class=\"listing-item\"><a class=\"title\" href=\"https:\/\/www.eyebody.com\/de\/vertiefungskurs-oberbayern-juli-2026\/\">Vertiefungskurs Oberbayern &#8211; Juli 2026<\/a> <span class=\"excerpt-dash\">-<\/span> <span class=\"excerpt\"><strong>Ausgebucht! Wir f\u00fchren eine Warteliste.<\/strong> 6. \u2013 12. Juli 2026 | Holzmannstett\/Pfaffing, Deutschland | Sprache: Deutsch<\/span><\/div><div class=\"listing-item\"><a class=\"title\" href=\"https:\/\/www.eyebody.com\/de\/6-tage-kurs-niedersachsen-juli-2026\/\">6 Tage-Kurs, Niedersachsen \u2013 Juli 2026<\/a> <span class=\"excerpt-dash\">-<\/span> <span class=\"excerpt\"><strong>Ausgebucht! Wir f\u00fchren eine Warteliste.<\/strong> 19. \u2013\u00a0 25. Juli 2026 | Haus Schnede, Salzhausen, Deutschland | Sprache: Deutsch<\/span><\/div><div class=\"listing-item\"><a class=\"title\" href=\"https:\/\/www.eyebody.com\/de\/6-tage-kurs-hohenfels-juli-2026\/\">6 Tage-Kurs, Schloss Hohenfels \u2013 Juli 2026<\/a> <span class=\"excerpt-dash\">-<\/span> <span class=\"excerpt\"><strong>Ausgebucht! Wir f\u00fchren eine Warteliste.<\/strong> 26. Juli \u2013 \u00a01. August 2026 | Schloss Hohenfels, Deutschland | Sprache: Deutsch<\/span><\/div><div class=\"listing-item\"><a class=\"title\" href=\"https:\/\/www.eyebody.com\/de\/6-tage-kurs-uckermark-august-2026\/\">6 Tage-Kurs, Uckermark \u2013 August 2026<\/a> <span class=\"excerpt-dash\">-<\/span> <span class=\"excerpt\"><strong>Ausgebucht! Wir f\u00fchren eine Warteliste.<\/strong> 2. \u2013 \u00a08. August \u00a02026 | Schl\u00fc\u00dfhof Lychen, Deutschland | Sprache: Deutsch<\/span><\/div><div class=\"listing-item\"><a class=\"title\" href=\"https:\/\/www.eyebody.com\/de\/6-tage-kurs-oesterreich-august-2026\/\">6 Tage-Kurs, \u00d6sterreich \u2013 August 2026<\/a> <span class=\"excerpt-dash\">-<\/span> <span class=\"excerpt\">20. \u2013 26. August 2026 | Hotel des Gl\u00fccks, St. Oswald, Nieder\u00f6sterreich | Sprache: Deutsch<\/span><\/div><div class=\"listing-item\"><a class=\"title\" href=\"https:\/\/www.eyebody.com\/de\/6-day-basis-advanced-retreat-trentino-september-2026\/\">6-Day Basis\/Advanced Retreat, Trentino &#8211; September 2026<\/a> <span class=\"excerpt-dash\">-<\/span> <span class=\"excerpt\">31 August \u2013 6 September 2026 | Roncegno (Trento), Italy | Language: English + Italian<\/span><\/div><\/div>\n<p><a class=\"button\" href=\"https:\/\/www.eyebody.com\/workshops-lessons\/\">Workshops &amp; retreats in English language<\/a><\/p>\n<p>&nbsp;<\/p>\n","protected":false},"excerpt":{"rendered":"<p>Mit Hilfe der revolution\u00e4ren\u00a0Grunwald EyeBody-Methode\u00ae k\u00f6nnen Sie das nat\u00fcrliche Sehen wieder erlangen. EyeBody bedeutet Arbeit an Gehirn, Augen und K\u00f6rper gleichzeitig. Die Methode bedient sich klar formulierter Prinzipien, die im Alltag angewendet werden k\u00f6nnen \u2013 einem Alltag ohne Brille oder Kontaktlinsen. Peter Grunwald hat herausgefunden, dass jeder Einschr\u00e4nkung des Sehens &#8211; wie Kurzsichtigkeit, Altersweitsichtigkeit, Hornhautverkr\u00fcmmung<a class=\"button read-more\" href=\"https:\/\/www.eyebody.com\/de\/6-day-basis-advanced-retreat-trentino-september-2026\/\">Weiterlesen<\/a><\/p>\n","protected":false},"author":5,"featured_media":7279,"parent":0,"menu_order":117,"comment_status":"closed","ping_status":"closed","template":"","meta":{"footnotes":""},"class_list":["post-39516","page","type-page","status-publish","has-post-thumbnail","hentry"],"_links":{"self":[{"href":"https:\/\/www.eyebody.com\/de\/wp-json\/wp\/v2\/pages\/39516","targetHints":{"allow":["GET"]}}],"collection":[{"href":"https:\/\/www.eyebody.com\/de\/wp-json\/wp\/v2\/pages"}],"about":[{"href":"https:\/\/www.eyebody.com\/de\/wp-json\/wp\/v2\/types\/page"}],"author":[{"embeddable":true,"href":"https:\/\/www.eyebody.com\/de\/wp-json\/wp\/v2\/users\/5"}],"replies":[{"embeddable":true,"href":"https:\/\/www.eyebody.com\/de\/wp-json\/wp\/v2\/comments?post=39516"}],"version-history":[{"count":2,"href":"https:\/\/www.eyebody.com\/de\/wp-json\/wp\/v2\/pages\/39516\/revisions"}],"predecessor-version":[{"id":45825,"href":"https:\/\/www.eyebody.com\/de\/wp-json\/wp\/v2\/pages\/39516\/revisions\/45825"}],"wp:featuredmedia":[{"embeddable":true,"href":"https:\/\/www.eyebody.com\/de\/wp-json\/wp\/v2\/media\/7279"}],"wp:attachment":[{"href":"https:\/\/www.eyebody.com\/de\/wp-json\/wp\/v2\/media?parent=39516"}],"curies":[{"name":"wp","href":"https:\/\/api.w.org\/{rel}","templated":true}]}}