{"id":60993,"date":"2025-05-23T17:23:33","date_gmt":"2025-05-23T15:23:33","guid":{"rendered":"https:\/\/www.eyebody.com\/?page_id=60993"},"modified":"2026-03-29T13:26:52","modified_gmt":"2026-03-29T11:26:52","slug":"eyebody-podcast","status":"publish","type":"page","link":"https:\/\/www.eyebody.com\/de\/eyebody-podcast\/","title":{"rendered":"Eyebody Podcast"},"content":{"rendered":"<p>mit Peter Grunwald, Begr\u00fcnder der Eyebody-Methode.<br \/>\nNeue Podcast-Episoden werden in unserem <strong><a href=\"https:\/\/www.eyebody.com\/de\/newsletter-abonnieren\/\" target=\"_blank\" rel=\"noopener\">Newsletter<\/a><\/strong> bekanntgegeben.<\/p>\n<hr \/>\n<p>&nbsp;<\/p>\n<h3>#11 &#8211; Peter Grunwald im Gespr\u00e4ch mit Matthias Erdrich, dem ersten Eyebody-Lehrer<\/h3>\n<p>28. M\u00e4rz 2026 \u2013 Matthias kommt urspr\u00fcnglich aus Deutschland, lebt heute mit seiner Familie in Neuseeland und war viele Jahre als Musiker im Auckland-Orchester t\u00e4tig. In dieser Folge sprechen Peter und Matthias dar\u00fcber, wie Eyebody ihr Leben und ihre Praxis bereichert hat, welche \u00dcbungen sie selbst regelm\u00e4\u00dfig anwenden und was ihnen dabei besonders wichtig ist. Ein pers\u00f6nliches Gespr\u00e4ch voller Erfahrung, Tiefe und praktischer Impulse.<\/p>\n<div class=\"responsive-video\"><iframe src=\"https:\/\/player.vimeo.com\/video\/1175844132?badge=0&amp;autopause=0&amp;player_id=0&amp;app_id=58479\" frameborder=\"0\" allow=\"autoplay; fullscreen; picture-in-picture; clipboard-write; encrypted-media; web-share\" referrerpolicy=\"strict-origin-when-cross-origin\" style=\"position:absolute;top:0;left:0;width:100%;height:100%;\" title=\"Podcast Matthias Erdrich - Eyebody Praxis\"><\/iframe><\/div>\n<p>&nbsp;<\/p>\n<h3>#10 &#8211; Eyebody 1-zu-1-Sessions: Die pers\u00f6nliche Einzelbegleitung vor Ort<\/h3>\n<p>14. Februar 2026 \u2013 Eine ganz besondere Eyebody-Podcast-Episode: W\u00e4hrend Peter Grunwald zu einem Retreat in Uruguay weilte, hatte Tali, Peters S\u00fcdamerika-Organisatorin, die Gelegenheit, eine private Eyebody-Einzelsession zu erhalten.<br \/>\nNeugierig, wie so etwas konkret abl\u00e4uft?<br \/>\nIn dieser Episode lernen Sie Tali kennen, die ebenfalls professionelle Fotografin ist und mit Augenproblemen zu k\u00e4mpfen hat. Peter begleitet sie durch eine sanfte, sehr aufmerksame Session, und ausnahmsweise d\u00fcrfen Sie als Zuschauer mit dabei sein, direkt im Raum.<br \/>\nAuch wenn Sie von au\u00dfen nicht vollst\u00e4ndig \u201esp\u00fcren\u201c k\u00f6nnen, was in Talis K\u00f6rper und mit ihren Emotionen geschieht, werden Sie die Qualit\u00e4t von Peters Pr\u00e4senz deutlich wahrnehmen und erleben, wie wirksam diese Art von Arbeit sein kann, wenn sie pr\u00e4zise und mit gro\u00dfer Sorgfalt durchgef\u00fchrt wird. &#8211; <strong>Video in englischer Sprache<\/strong><\/p>\n<div class=\"responsive-video\"><iframe src=\"https:\/\/player.vimeo.com\/video\/1164951392?badge=0&amp;autopause=0&amp;player_id=0&amp;app_id=58479\" frameborder=\"0\" allow=\"autoplay; fullscreen; picture-in-picture; clipboard-write; encrypted-media; web-share\" referrerpolicy=\"strict-origin-when-cross-origin\" style=\"position:absolute;top:0;left:0;width:100%;height:100%;\" title=\"Eyebody Hands-On-Session\"><\/iframe><\/div>\n<p>&nbsp;<\/p>\n<h3>#9 &#8211; Graphic Recording: Sehen, was wirklich gemeint ist<\/h3>\n<p>9. Januar 2026 \u2013 Eine besondere Folge des Eyebody Podcasts: Heute ist <strong>Britta Krondorf<\/strong> zu Gast im Gespr\u00e4ch mit Peter Grunwald, moderiert von Ursula G\u00e9rard. Britta ist erfahrene Graphic Recorderin und Expertin f\u00fcr visuelle Kommunikation. Sie unterst\u00fctzt Menschen in Unternehmen dabei, zu sehen, was wirklich gemeint ist, indem sie Gespr\u00e4chen zuh\u00f6rt und daraus visuelle Roadmaps, also Graphic Recordings, entwickelt.<br \/>\n<strong>In dieser Episode erkl\u00e4rt Peter seine Methode des Envisionings<\/strong>, das bewusste Visualisieren des Tages und eigener Projekte, w\u00e4hrend Britta live sichtbar macht, was er meint. Mit ihrer F\u00e4higkeit, die Essenz komplexer Diskussionen in detaillierte Bilder zu \u00fcbersetzen, entsteht Klarheit. Und das, was gesagt wird, bleibt nicht nur im Raum, sondern auch im Ged\u00e4chtnis. <a href=\"https:\/\/grafische-visualisierung.de\/graphic-recording\/\" target=\"_blank\">Mehr \u00fcber Britta Krondorf<\/a><br \/>\n<strong>Zur englischen Version dieses Videos klicken Sie oben rechts auf dieser Seite auf das Landes-F\u00e4hnchen.<\/strong><\/p>\n<div class=\"responsive-video\"><iframe src=\"https:\/\/player.vimeo.com\/video\/1152320151?badge=0&amp;autopause=0&amp;player_id=0&amp;app_id=58479\" frameborder=\"0\" allow=\"autoplay; fullscreen; picture-in-picture; clipboard-write; encrypted-media; web-share\" referrerpolicy=\"strict-origin-when-cross-origin\" style=\"position:absolute;top:0;left:0;width:100%;height:100%;\" title=\"Eyebody Britta Krondorf DE\"><\/iframe><\/div>\n<p>&nbsp;<\/p>\n<h3>#8 &#8211; Eine Eyebody-Pionierstimme: Matthias Erdrich<\/h3>\n<p>12. Dezember 2025 \u2013 Im Gespr\u00e4ch mit Ursula G\u00e9rard erz\u00e4hlt Matthias von dem Weg, der ihn von Deutschland nach Neuseeland gef\u00fchrt hat, wo die Liebe sein Leben neu ausgerichtet hat und Musik seine erste Sprache wurde. Seit Jahrzehnten ist er professioneller Musiker und spielte viele Jahre im Auckland Orchestra. Er wurde <strong>der erste von Peter Grunwald ausgebildete Eyebody-Lehrer<\/strong>. Heute reist er um die Welt und begleitet Menschen mit transformierenden Eyebody-Einzelsitzungen.<\/p>\n<div class=\"responsive-video\"><iframe src=\"https:\/\/player.vimeo.com\/video\/1145966089?badge=0&amp;autopause=0&amp;player_id=0&amp;app_id=58479\" frameborder=\"0\" allow=\"autoplay; fullscreen; picture-in-picture; clipboard-write; encrypted-media; web-share\" referrerpolicy=\"strict-origin-when-cross-origin\" style=\"position:absolute;top:0;left:0;width:100%;height:100%;\" title=\"Interview mit Matthias Erdrich, Deutsch\"><\/iframe><\/div>\n<p>&nbsp;<\/p>\n<h3>#7 &#8211; Ein Blick hinter die Kulissen \u2013 mit Tara Sullivan,<br \/>\nInterview in 2 Teilen (Audio, Englisch)<\/h3>\n<p>11. November 2025 \u2013 Eine alte Weggef\u00e4hrtin im Studio: Tara Sullivan. Peter Grunwald und Tara Sullivan lernten sich vor \u00fcber 20 Jahren in New York kennen. Seitdem begleitet Tara die Entwicklung von Eyebody, vom Schreiben der englischen B\u00fccher bis zur j\u00fcngsten <a href=\"https:\/\/www.eyebody.com\/de\/shop\/eyebody-the-art-of-integrating-eye-brain-and-body-hoerbuch-englisch\/\" target=\"_blank\"><strong>H\u00f6rbuchaufnahme<\/strong><\/a> in Berlin. In dieser Episode erz\u00e4hlt sie von Anf\u00e4ngen, Wendepunkten und ihrem Blick auf Eyebody.<\/p>\n<div class=\"responsive-video\"><iframe src=\"https:\/\/player.vimeo.com\/video\/1117652460?badge=0&amp;autopause=0&amp;player_id=0&amp;app_id=58479\" frameborder=\"0\" allow=\"autoplay; fullscreen; picture-in-picture; clipboard-write; encrypted-media; web-share\" referrerpolicy=\"strict-origin-when-cross-origin\" style=\"position:absolute;top:0;left:0;width:100%;height:100%;\" title=\"Eyebody Podcast: Guest is Tara Sullivan - Part 1\"><\/iframe><\/div>\n<div class=\"responsive-video\"><iframe src=\"https:\/\/player.vimeo.com\/video\/1122003508?badge=0&amp;autopause=0&amp;player_id=0&amp;app_id=58479\" frameborder=\"0\" allow=\"autoplay; fullscreen; picture-in-picture; clipboard-write; encrypted-media; web-share\" referrerpolicy=\"strict-origin-when-cross-origin\" style=\"position:absolute;top:0;left:0;width:100%;height:100%;\" title=\"Eyebody Podcast with guest Tara Sullivan, Part 2\"><\/iframe><\/div>\n<p>&nbsp;<\/p>\n<h3>#6 &#8211; Eyebody Podcast Episode mit Robert Schleip (Deutsch)<\/h3>\n<p>8. Oktober 2025 \u2013 In einer weiteren Podcast-Episode mit Dr. Schleip gibt es noch mehr interessante Erkenntnisse \u00fcber die vielschichtige Verbindung zwischen faszialen Strukturen, visueller Wahrnehmung und Bewusstseinsprozessen.<\/p>\n<div class=\"responsive-video\"><iframe src=\"https:\/\/player.vimeo.com\/video\/1114138204?badge=0&amp;autopause=0&amp;player_id=0&amp;app_id=58479\" frameborder=\"0\" allow=\"autoplay; fullscreen; picture-in-picture; clipboard-write; encrypted-media; web-share\" referrerpolicy=\"strict-origin-when-cross-origin\" style=\"position:absolute;top:0;left:0;width:100%;height:100%;\" title=\"Eyebody Podcast Episode: Robert Schleip\"><\/iframe><\/div>\n<p>&nbsp;<\/p>\n<h3>#5 &#8211; Eyebody Podcast Episode mit Robert Schleip und Judy Gantz (Englisch)<\/h3>\n<p>8. August 2025 \u2013 In dieser Podcast-Episode sprechen Dr. Schleip und Peter Grunwald miteinander \u00fcber die vielschichtige Verbindung zwischen faszialen Strukturen, visueller Wahrnehmung und Bewusstseinsprozessen und er\u00f6ffnen damit neue Perspektiven. Moderiert wird diese Episode von Judy Gantz.<\/p>\n<div class=\"responsive-video\"><iframe style=\"position: absolute; top: 0; left: 0; width: 100%; height: 100%;\" title=\"Eyebody Podcast Episode with Robert Schleip\" src=\"https:\/\/player.vimeo.com\/video\/1105983699?badge=0&amp;autopause=0&amp;player_id=0&amp;app_id=58479\" frameborder=\"0\" allow=\"autoplay; fullscreen; picture-in-picture; clipboard-write; encrypted-media; web-share\"><\/iframe><\/div>\n<p><strong>Dr. Robert Schleip<\/strong>  z\u00e4hlt zu den international f\u00fchrenden Kapazit\u00e4ten auf dem Gebiet der Faszienforschung. Als promovierter Humanbiologe und Diplom-Psychologe mit zus\u00e4tzlicher Qualifikation in Rolfing<sup>\u00ae<\/sup> sowie als ausgebildeter Feldenkrais<sup>\u00ae<\/sup>-Lehrer verbindet er naturwissenschaftliche Pr\u00e4zision mit somatischer Erfahrung und therapeutischer Tiefe. In seiner Funktion als wissenschaftlicher Leiter des renommierten Fascia Research Project an der Universit\u00e4t Ulm hat er entscheidend dazu beigetragen, das Verst\u00e4ndnis der Faszien als sensorisch hochaktives und biomechanisch bedeutsames Gewebe grundlegend zu erneuern. Seine Arbeiten finden weltweit Beachtung und haben nicht nur die manuelle Therapie, sondern auch die Bewegungs- und Schmerzforschung nachhaltig gepr\u00e4gt.<br \/>\nDr. Schleip ist ein gefragter Dozent auf internationalen Kongressen, Autor zahlreicher Fachpublikationen sowie Herausgeber grundlegender Werke zur Faszienforschung. Er begeistert durch seine F\u00e4higkeit, komplexe Inhalte verst\u00e4ndlich, humorvoll und praxisnah zu vermitteln. <\/p>\n<p><strong>Judy Gantz<\/strong>, M.A., war au\u00dferordentliche Professorin (Associate Adjunct Professor) an der UCLA im Fachbereich Tanz, Weltkunst und Kulturen (Dance, World Arts &#038; Cultures), mit den Schwerpunkten Tanzmedizin, Verletzungspr\u00e4vention und -behandlung, Anatomie f\u00fcr T\u00e4nzer, Somatik, Laban Bewegungsanalyse und kreative Bewegungs- und Tanzp\u00e4dagogik (von 1982 bis 2005).<br \/>\nSie ist zertifizierte Bewegungsanalystin (Certified Movement Analyst, CMA) sowie Gr\u00fcnderin und Direktorin des Center for Movement Education and Research (CMER), einer gemeinn\u00fctzigen Organisation, die Programme zur integrativen Kraft von Bewegung anbietet. Von 2005 bis 2016 leitete sie das CMER-Ausbildungsprogramm f\u00fcr Tanz- und Bewegungstherapie nach dem Alternate Route Training in Kalifornien.<br \/>\nJudy besitzt au\u00dferdem ein Diplom als Dozentin auf fortgeschrittenem Niveau vom Schweizer FAMO Fascia Movement-Ausbildungsprogramm von Karin Gurtner, ist T\u00e4nzerin und zugleich P\u00e4dagogin. Sie war u.\u202fa. Dozentin an der University of California Los Angeles, University of Southern California, Dominican University, University of Washington, University of Illinois, Sonoma State University und der Western Michigan University.<br \/>\nInternational unterrichtete sie u.\u202fa. in Irland (University of Limerick), S\u00fcdkorea, Russland, China und in Deutschland im Rahmen des Embodied Leadership Trainings.<br \/>\nDerzeit leitet sie den Onlinekurs Movement for Equanimity (MFE), einen Faszienbewegungskurs, und pr\u00e4sentiert weiterhin weltweit. Ihre Website lautet: <a href=\"http:\/\/cmer.info\" target=\"_blank\">cmer.info<\/a><br \/>\n&nbsp;<\/p>\n<h3>#4 &#8211; Gespr\u00e4ch mit Leonie, Eyebody-Lehrerin (Englisch mit deutschen UT)<\/h3>\n<p>1. Juli 2025 \u2013 L\u00e9onie John stammt urspr\u00fcnglich aus Schottland und lebt und arbeitet seit 40 Jahren in Canberra, Australien, zun\u00e4chst als Lehrerin f\u00fcr Alexander-Technik und Ausbilderin f\u00fcr Lehrer, zuletzt als Eyebody-Lehrerin.<br \/>\n<strong><span style=\"color:red;\">Aktivieren der Untertitel:<\/span> Im Video unten rechts auf den &#8222;CC&#8220;-Knopf dr\u00fccken und &#8222;Deutsch&#8220; w\u00e4hlen.<\/strong><\/p>\n<div class=\"responsive-video\"><iframe style=\"position: absolute; top: 0; left: 0; width: 100%; height: 100%;\" title=\"Podcast Episode with Leonie (Eyebody Teacher)\" src=\"https:\/\/player.vimeo.com\/video\/1094854756?badge=0&amp;autopause=0&amp;player_id=0&amp;app_id=58479\" frameborder=\"0\" allow=\"autoplay; fullscreen; picture-in-picture; clipboard-write; encrypted-media; web-share\"><\/iframe><\/div>\n<p>&nbsp;<\/p>\n<h3>#3 &#8211; Wie Sehen funktioniert<\/h3>\n<p>23. Mai 2025 \u2013 <strong>Was passiert eigentlich, wenn wir \u201esehen\u201c?<\/strong> In dieser Episode erfahren Sie, warum Sehen weit mehr ist als ein rein mechanischer Vorgang \u2013 n\u00e4mlich ein tiefgreifender, integrierter Prozess, der K\u00f6rper, Gehirn und Umwelt miteinander verbindet. Entdecken Sie, wie diese Elemente zusammenwirken und welchen unmittelbaren Einfluss Ihre innere Haltung auf Ihr Sehen hat.<\/p>\n<div class=\"responsive-video\"><iframe style=\"position: absolute; top: 0; left: 0; width: 100%; height: 100%;\" title=\"Wie Sehen funktioniert\" src=\"https:\/\/player.vimeo.com\/video\/1084484767?badge=0&amp;autopause=0&amp;player_id=0&amp;app_id=58479\" frameborder=\"0\" allow=\"autoplay; fullscreen; picture-in-picture; clipboard-write; encrypted-media; web-share\"><\/iframe><\/div>\n<p>&nbsp;<\/p>\n<h3>#2 &#8211; Peters Geschichte<\/h3>\n<p>21. April 2025 \u2013 In meiner abenteuerlichen Lebensgeschichte erz\u00e4hle ich, wie es dazu kam, dass ich den Eyebody-Ansatz entwickelt habe \u2013 und was er f\u00fcr mein Leben und das vieler anderer Menschen bedeutet. Moderation: Ursula G\u00e9rard.<\/p>\n<div class=\"responsive-video\"><iframe style=\"position: absolute; top: 0; left: 0; width: 100%; height: 100%;\" title=\"Peters Geschichte\" src=\"https:\/\/player.vimeo.com\/video\/1076798485?badge=0&amp;autopause=0&amp;player_id=0&amp;app_id=58479\" frameborder=\"0\" allow=\"autoplay; fullscreen; picture-in-picture; clipboard-write; encrypted-media; web-share\"><\/iframe><\/div>\n<p>&nbsp;<\/p>\n<h3>#1 &#8211; Warum dieser Podcast?<\/h3>\n<p>28. M\u00e4rz 2025 \u2013 In der ersten Episode spreche ich mit Ursula G\u00e9rard \u00fcber den Sinn und die Vision hinter dem Podcast \u2013 und was Euch in den Podcast-Eposiden erwartet.<\/p>\n<div class=\"responsive-video\"><iframe style=\"position: absolute; top: 0; left: 0; width: 100%; height: 100%;\" title=\"Warum dieser Podcast?\" src=\"https:\/\/player.vimeo.com\/video\/1075012206?badge=0&amp;autopause=0&amp;player_id=0&amp;app_id=58479\" frameborder=\"0\" allow=\"autoplay; fullscreen; picture-in-picture; clipboard-write; encrypted-media; web-share\"><\/iframe><\/div>\n<p>&nbsp;<\/p>\n<h3><\/h3>\n<p>&nbsp;<\/p>\n<p>&nbsp;<br \/>\n<script src=\"https:\/\/player.vimeo.com\/api\/player.js\"><\/script><\/p>\n<hr \/>\n<p>Neue Podcast-Episoden werden in unserem <strong><a href=\"https:\/\/www.eyebody.com\/de\/newsletter-abonnieren\/\" target=\"_blank\" rel=\"noopener\">Newsletter<\/a><\/strong> bekanntgegeben.<\/p>\n<p>&nbsp;<\/p>\n<p>&nbsp;<\/p>\n<p>&nbsp;<\/p>\n","protected":false},"excerpt":{"rendered":"<p>mit Peter Grunwald, Begr\u00fcnder der Eyebody-Methode. Neue Podcast-Episoden werden in unserem Newsletter bekanntgegeben. &nbsp; #11 &#8211; Peter Grunwald im Gespr\u00e4ch mit Matthias Erdrich, dem ersten Eyebody-Lehrer 28. M\u00e4rz 2026 \u2013 Matthias kommt urspr\u00fcnglich aus Deutschland, lebt heute mit seiner Familie in Neuseeland und war viele Jahre als Musiker im Auckland-Orchester t\u00e4tig. In dieser Folge sprechen<a class=\"button read-more\" href=\"https:\/\/www.eyebody.com\/de\/eyebody-podcast\/\">Weiterlesen<\/a><\/p>\n","protected":false},"author":5,"featured_media":0,"parent":0,"menu_order":0,"comment_status":"closed","ping_status":"closed","template":"","meta":{"footnotes":""},"class_list":["post-60993","page","type-page","status-publish","hentry"],"_links":{"self":[{"href":"https:\/\/www.eyebody.com\/de\/wp-json\/wp\/v2\/pages\/60993","targetHints":{"allow":["GET"]}}],"collection":[{"href":"https:\/\/www.eyebody.com\/de\/wp-json\/wp\/v2\/pages"}],"about":[{"href":"https:\/\/www.eyebody.com\/de\/wp-json\/wp\/v2\/types\/page"}],"author":[{"embeddable":true,"href":"https:\/\/www.eyebody.com\/de\/wp-json\/wp\/v2\/users\/5"}],"replies":[{"embeddable":true,"href":"https:\/\/www.eyebody.com\/de\/wp-json\/wp\/v2\/comments?post=60993"}],"version-history":[{"count":2,"href":"https:\/\/www.eyebody.com\/de\/wp-json\/wp\/v2\/pages\/60993\/revisions"}],"predecessor-version":[{"id":65067,"href":"https:\/\/www.eyebody.com\/de\/wp-json\/wp\/v2\/pages\/60993\/revisions\/65067"}],"wp:attachment":[{"href":"https:\/\/www.eyebody.com\/de\/wp-json\/wp\/v2\/media?parent=60993"}],"curies":[{"name":"wp","href":"https:\/\/api.w.org\/{rel}","templated":true}]}}