{"id":7363,"date":"2015-07-22T11:30:13","date_gmt":"2015-07-22T09:30:13","guid":{"rendered":"http:\/\/www.eyebody.com\/?page_id=7363"},"modified":"2022-04-04T16:26:25","modified_gmt":"2022-04-04T14:26:25","slug":"die-methode-und-ihre-wirkungen","status":"publish","type":"page","link":"https:\/\/www.eyebody.com\/de\/die-methode-und-ihre-wirkungen\/","title":{"rendered":"Die Methode und ihre Wirkungen"},"content":{"rendered":"<p>Die Eyebody-Methode vermittelt Zugang zu einer neuen und ganzheitlichen Weise des Sehens und Seins.<\/p>\n<p><strong>Wenn Sie sich auf die EyeBody-Methode einlassen, k\u00f6nnen Sie lernen:<\/strong><\/p>\n<ul>\n<li>wie Sie die Gewohnheit, eine Brille oder Kontaktlinsen zu tragen, verringern oder ganz ablegen und dabei die Leistung Ihres Sehsystems verbessern k\u00f6nnen<\/li>\n<li>wie Sie vermeiden k\u00f6nnen, zu sehr und angestrengt zu fokussieren, und gleichzeitig Schmerzen im unteren R\u00fccken l\u00f6sen<\/li>\n<li>wie Sie Ihr gesamtes Gehirn effizient so benutzen k\u00f6nnen, dass die Synapsen und \u00dcbertragungswege innerhalb der Sehrinde\u00a0wirksam stimuliert werden<\/li>\n<li>wie Sie Ihr Gehirn so steuern k\u00f6nnen, dass alle Bereiche der Augen, der beiden Sehwege und des K\u00f6rpers davon profitieren<\/li>\n<li>wie Sie die Methode in s\u00e4mtlichen Aktivit\u00e4ten des Alltags anwenden k\u00f6nnen, darunter z. B. Lesen, Gehen, Autofahren, Arbeiten am Computer und Sehen in der Nacht<\/li>\n<\/ul>\n<p><strong>Die Anwendung der Methode im Alltag kann Ihnen helfen, folgende Erscheinungen zu verringern:<\/strong><\/p>\n<ul>\n<li>Die Notwendigkeit von Brille oder Kontaktlinsen<\/li>\n<li>Verschwommenheit, Anstrengung oder Erm\u00fcdung beim Lesen<\/li>\n<li>\u00e4ngstliche Anspannung und Furcht<\/li>\n<li>Schmerzen und Anspannung in den Augen und bei der Aufrechthaltung des K\u00f6rpers<\/li>\n<li>Verspannungen im Hals, Schulterg\u00fcrtel und R\u00fccken<\/li>\n<\/ul>\n<p><strong>Die regelm\u00e4\u00dfige Anwendung der Methode wird Sie darin unterst\u00fctzen:<\/strong><\/p>\n<ul>\n<li>g\u00e4nzlich auf verordnete Brillen, Kontaktlinsen oder Sonnenbrillen zu verzichten<\/li>\n<li>klares Sehen in unterschiedliche Entfernungen zu entwickeln (auch dann, wenn Sie eine Laseroperation hinter sich haben)<\/li>\n<li>Ihre K\u00f6rperausrichtung und -koordination zu verbessern<\/li>\n<li>effizient am Computer zu arbeiten<\/li>\n<li>Ihr Selbstwertgef\u00fchl und Ihr Wohlbefinden zu steigern<\/li>\n<li>eine neue Welt der dreidimensionalen Tiefenwahrnehmung zu erleben<\/li>\n<li>Ihre geistige Klarheit zu steigern<\/li>\n<li>Ihre Aufmerksamkeit und Pr\u00e4senz auf nat\u00fcrliche Weise zu erh\u00f6hen<\/li>\n<li>Ihre kreative Vorstellungs- und Visualisierungskraft weiter zu entwickeln<\/li>\n<li>erw\u00fcnschte Ver\u00e4nderungen im Charakter anzubahnen &#8211; emotional, physisch, mental und spirituell<\/li>\n<li>allgemein Ihre Gesundheit und Koordination zu f\u00f6rdern<\/li>\n<\/ul>\n","protected":false},"excerpt":{"rendered":"<p>Die Eyebody-Methode vermittelt Zugang zu einer neuen und ganzheitlichen Weise des Sehens und Seins. Wenn Sie sich auf die EyeBody-Methode einlassen, k\u00f6nnen Sie lernen: wie Sie die Gewohnheit, eine Brille oder Kontaktlinsen zu tragen, verringern oder ganz ablegen und dabei die Leistung Ihres Sehsystems verbessern k\u00f6nnen wie Sie vermeiden k\u00f6nnen, zu sehr und angestrengt zu<a class=\"button read-more\" href=\"https:\/\/www.eyebody.com\/de\/die-methode-und-ihre-wirkungen\/\">Weiterlesen<\/a><\/p>\n","protected":false},"author":5,"featured_media":0,"parent":0,"menu_order":101,"comment_status":"closed","ping_status":"open","template":"","meta":{"footnotes":""},"class_list":["post-7363","page","type-page","status-publish","hentry"],"_links":{"self":[{"href":"https:\/\/www.eyebody.com\/de\/wp-json\/wp\/v2\/pages\/7363","targetHints":{"allow":["GET"]}}],"collection":[{"href":"https:\/\/www.eyebody.com\/de\/wp-json\/wp\/v2\/pages"}],"about":[{"href":"https:\/\/www.eyebody.com\/de\/wp-json\/wp\/v2\/types\/page"}],"author":[{"embeddable":true,"href":"https:\/\/www.eyebody.com\/de\/wp-json\/wp\/v2\/users\/5"}],"replies":[{"embeddable":true,"href":"https:\/\/www.eyebody.com\/de\/wp-json\/wp\/v2\/comments?post=7363"}],"version-history":[{"count":3,"href":"https:\/\/www.eyebody.com\/de\/wp-json\/wp\/v2\/pages\/7363\/revisions"}],"predecessor-version":[{"id":47691,"href":"https:\/\/www.eyebody.com\/de\/wp-json\/wp\/v2\/pages\/7363\/revisions\/47691"}],"wp:attachment":[{"href":"https:\/\/www.eyebody.com\/de\/wp-json\/wp\/v2\/media?parent=7363"}],"curies":[{"name":"wp","href":"https:\/\/api.w.org\/{rel}","templated":true}]}}