{"id":7453,"date":"2015-07-30T16:34:00","date_gmt":"2015-07-30T14:34:00","guid":{"rendered":"http:\/\/www.eyebody.com\/?page_id=7453"},"modified":"2024-10-09T13:00:47","modified_gmt":"2024-10-09T11:00:47","slug":"kontakt","status":"publish","type":"page","link":"https:\/\/www.eyebody.com\/de\/kontakt\/","title":{"rendered":"Kontakt"},"content":{"rendered":"<p>&nbsp;<\/p>\n<h2>Fragen zu Workshops &amp; Seminaren<\/h2>\n<p>Bei Fragen zu Workshops wenden Sie sich bitte an den <strong>in der jeweiligen Kurs-Ausschreibung angegebenen Organisator<\/strong>.<\/p>\n<hr \/>\n<h2>Fragen zu Ihrer Online-Bestellung<\/h2>\n<p>Bei Fragen zu Ihrer Bestellung in unserem Online-Shop wenden Sie sich bitte\u00a0an unseren Versand-Service per eMail\u00a0<a href=\"mailto:shop@eyebody.com\">shop@eyebody.com<\/a>\u00a0(<strong>eMail-Support<\/strong> Deutsch\/English).<\/p>\n<hr \/>\n<h2>Buchh\u00e4ndler, Wiederverk\u00e4ufer, Rabatte<\/h2>\n<p>Sie sind Buchh\u00e4ndler und m\u00f6chten Eyebody-B\u00fccher an Ihre Kunden weiter verkaufen? Als Buchh\u00e4ndler erhalten Sie bei Eyebody <strong>10% Rabatt<\/strong> auf B\u00fccher und Lochbrillen (au\u00dfer Bundles) sowie kostenfreien Versand. Schreiben Sie uns bitte eine E-Mail an <a href=\"mailto:shop@eyebody.com\">shop@eyebody.com<\/a>, <strong>BEVOR<\/strong> Sie eine Bestellung t\u00e4tigen \u2013 Rabatte k\u00f6nnen nachtr\u00e4glich nicht mehr ber\u00fccksichtigt werden. <b>Sie erhalten von uns einen speziellen Rabatt-Code f\u00fcr unseren Online-Shop.<\/b><\/p>\n<p>Auf<strong>\u00a0Bestellungen ab 5 St\u00fcck<\/strong> B\u00fccher oder Lochbrillen\u00a0(au\u00dfer Bundles) erhalten Sie automatisch <strong>Mengen-Rabatt<\/strong>, welcher Ihnen w\u00e4hrend des Bestellprozesses im Online-Shop angezeigt wird.<\/p>\n<hr \/>\n<h2>Service &amp; Support<\/h2>\n<p>F\u00fcr weitere Anfragen wenden Sie sich bitte an unseren Support per eMail an<br \/>\n<a href=\"mailto:shop@eyebody.com\">shop@eyebody.com<\/a> (<strong>eMail-Support<\/strong> Deutsch\/English).<\/p>\n<hr \/>\n<p><strong>Eyebody International Ltd.<\/strong><br \/>\nP.O. Box 147 550<br \/>\nPonsonby, Auckland 1144<br \/>\nNew Zealand<br \/>\nPhone +64 21 311145<br \/>\nEmail info@eyebody.com<\/p>\n<p>&nbsp;<\/p>\n","protected":false},"excerpt":{"rendered":"<p>&nbsp; Fragen zu Workshops &amp; Seminaren Bei Fragen zu Workshops wenden Sie sich bitte an den in der jeweiligen Kurs-Ausschreibung angegebenen Organisator. Fragen zu Ihrer Online-Bestellung Bei Fragen zu Ihrer Bestellung in unserem Online-Shop wenden Sie sich bitte\u00a0an unseren Versand-Service per eMail\u00a0shop@eyebody.com\u00a0(eMail-Support Deutsch\/English). Buchh\u00e4ndler, Wiederverk\u00e4ufer, Rabatte Sie sind Buchh\u00e4ndler und m\u00f6chten Eyebody-B\u00fccher an Ihre Kunden<a class=\"button read-more\" href=\"https:\/\/www.eyebody.com\/de\/kontakt\/\">Weiterlesen<\/a><\/p>\n","protected":false},"author":5,"featured_media":0,"parent":0,"menu_order":95,"comment_status":"closed","ping_status":"closed","template":"","meta":{"footnotes":""},"class_list":["post-7453","page","type-page","status-publish","hentry"],"_links":{"self":[{"href":"https:\/\/www.eyebody.com\/de\/wp-json\/wp\/v2\/pages\/7453","targetHints":{"allow":["GET"]}}],"collection":[{"href":"https:\/\/www.eyebody.com\/de\/wp-json\/wp\/v2\/pages"}],"about":[{"href":"https:\/\/www.eyebody.com\/de\/wp-json\/wp\/v2\/types\/page"}],"author":[{"embeddable":true,"href":"https:\/\/www.eyebody.com\/de\/wp-json\/wp\/v2\/users\/5"}],"replies":[{"embeddable":true,"href":"https:\/\/www.eyebody.com\/de\/wp-json\/wp\/v2\/comments?post=7453"}],"version-history":[{"count":3,"href":"https:\/\/www.eyebody.com\/de\/wp-json\/wp\/v2\/pages\/7453\/revisions"}],"predecessor-version":[{"id":58325,"href":"https:\/\/www.eyebody.com\/de\/wp-json\/wp\/v2\/pages\/7453\/revisions\/58325"}],"wp:attachment":[{"href":"https:\/\/www.eyebody.com\/de\/wp-json\/wp\/v2\/media?parent=7453"}],"curies":[{"name":"wp","href":"https:\/\/api.w.org\/{rel}","templated":true}]}}