{"id":21945,"date":"2018-12-19T18:22:20","date_gmt":"2018-12-20T16:15:43","guid":{"rendered":"https:\/\/www.eyebody.com\/?post_type=product&#038;p=21945"},"modified":"2021-10-27T14:09:00","modified_gmt":"2021-10-27T12:09:00","slug":"eyebody-die-integration-von-auge-gehirn-und-koerper-audio-download-deutsch","status":"publish","type":"product","link":"https:\/\/www.eyebody.com\/de\/shop\/eyebody-die-integration-von-auge-gehirn-und-koerper-audio-download-deutsch\/","title":{"rendered":"Eyebody \u2013 Die Integration von Auge, Gehirn und K\u00f6rper (Audio-Download, deutsch)"},"content":{"rendered":"<p>&#8222;Eyebody &#8211; die Integration von Auge, Gehirn und K\u00f6rper&#8220; ist nun auch als Audiobuch in deutscher Sprache erh\u00e4ltlich! Im Oktober 2018 haben Profi-Sprecherin Christiane F\u00e4nder und Autor Peter Grunwald gemeinsam im Studio des Bayerischen Blindenbunds in M\u00fcnchen die aktuelle Auflage des Buches aufgenommen. Es liegt in verschiedenen Audio-Formaten vor, auch in einer DAISY-Version f\u00fcr blinde und sehbehinderte Menschen.<\/p>\n<p>Peter Grunwald sagt dazu: &#8222;Die abwechselnd gesprochenen Aufnahmen mit Christiane F\u00e4nder sind so lebendig und aus der Tiefe heraus entstanden, die enorme Authentizit\u00e4t vermitteln, und bieten jedem den leichten Einstieg in den Inhalt des Eyebody Buches. Auch f\u00fcr Menschen, die das Buch schon gelesen haben bietet diese Audio-Aufnahme eine enorme M\u00f6glichkeit den Inhalt mit einem Anf\u00e4ngergeist neu und gleichzeitig tiefer zu erfahren. Viel Freude beim Zuh\u00f6ren aus Pr\u00e4senz!&#8220;<\/p>\n<p><strong>H\u00f6rprobe:<br \/>\nAusschnitt aus &#8222;Das vierte Prinzip \u2013 Das Sehen f\u00fchrt, der K\u00f6rper folgt\u201d (Buch-Seite 83)<\/strong><\/p>\n<div class=\"wp-playlist wp-audio-playlist wp-playlist-light\">\n\t\t\t<div class=\"wp-playlist-current-item\"><\/div>\n\t\t<audio controls=\"controls\" preload=\"none\" width=\"958\"\n\t\t\t><\/audio>\n\t<div class=\"wp-playlist-next\"><\/div>\n\t<div class=\"wp-playlist-prev\"><\/div>\n\t<noscript>\n\t<ol>\n\t\t<li><a href='https:\/\/www.eyebody.com\/wp-content\/uploads\/2018\/12\/Eyebody-DieIntegrationvonAugeGehirnundKoerper-Hoerprobe.mp3'>Das vierte Prinzip - Das Sehen f\u00fchrt, der K\u00f6rper folgt (Ausschnitt)<\/a><\/li>\t<\/ol>\n\t<\/noscript>\n\t<script type=\"application\/json\" class=\"wp-playlist-script\">{\"type\":\"audio\",\"tracklist\":true,\"tracknumbers\":true,\"images\":false,\"artists\":false,\"tracks\":[{\"src\":\"https:\/\/www.eyebody.com\/wp-content\/uploads\/2018\/12\/Eyebody-DieIntegrationvonAugeGehirnundKoerper-Hoerprobe.mp3\",\"type\":\"audio\/mpeg\",\"title\":\"Das vierte Prinzip - Das Sehen f\\u00fchrt, der K\\u00f6rper folgt (Ausschnitt)\",\"caption\":\"\",\"description\":\"\\\"Das vierte Prinzip - Das Sehen f\\u00fchrt, der K\\u00f6rper folgt\\\" aus Reptiliengehirn &amp; aetherischer Bereich von Peter Grunwald. Ver\\u00f6ffentlicht: 2017. Titel 1. Genre: eyebody podcast.\",\"meta\":{\"artist\":\"Peter Grunwald\",\"album\":\"Reptiliengehirn und aetherischer Bereich\",\"genre\":\"eyebody podcast\",\"year\":\"2017\",\"length_formatted\":\"2:13\"},\"image\":{\"src\":\"https:\/\/www.eyebody.com\/wp-includes\/images\/media\/audio.svg\",\"width\":48,\"height\":64},\"thumb\":{\"src\":\"https:\/\/www.eyebody.com\/wp-includes\/images\/media\/audio.svg\",\"width\":48,\"height\":64}}]}<\/script>\n<\/div>\n\t\n<p>&nbsp;<\/p>\n<p>&nbsp;<\/p>\n","protected":false},"excerpt":{"rendered":"<p><strong>Das H\u00f6rbuch<\/strong><br \/>\nH\u00f6rfassung der deutschen Ausgabe \u2013 gelesen von Peter Grunwald und Christiane F\u00e4nder. Spieldauer 8 Std., 44 Min.<br \/>\nEs stehen folgende <strong>Audio-Formate zum Download<\/strong> zur Verf\u00fcgung:<\/p>\n<ul>\n<li><strong>mp3<\/strong> &#8211; zum direkten H\u00f6ren in unserer Online-Mediathek oder zum Herunterladen<\/li>\n<li><strong>m4b<\/strong> &#8211; H\u00f6rbuch-Datei (AAC, mit Lesezeichen) zur Verwendung mit iTunes und iPod<\/li>\n<li><strong>DAISY<\/strong> &#8211; MP3-Dateien + DAISY-Dateien z.B. f\u00fcr Plextalk<\/li>\n<\/ul>\n","protected":false},"author":5,"featured_media":21937,"template":"","meta":[],"product_brand":[],"product_cat":[151,238],"product_tag":[],"class_list":{"0":"post-21945","1":"product","2":"type-product","3":"status-publish","4":"has-post-thumbnail","6":"product_cat-eyebody-shop-de","7":"product_cat-pc_on","9":"first","10":"instock","11":"virtual","12":"sold-individually","13":"purchasable","14":"product-type-simple"},"exclude_global_add_ons":[],"addons":[],"_links":{"self":[{"href":"https:\/\/www.eyebody.com\/de\/wp-json\/wp\/v2\/product\/21945","targetHints":{"allow":["GET"]}}],"collection":[{"href":"https:\/\/www.eyebody.com\/de\/wp-json\/wp\/v2\/product"}],"about":[{"href":"https:\/\/www.eyebody.com\/de\/wp-json\/wp\/v2\/types\/product"}],"author":[{"embeddable":true,"href":"https:\/\/www.eyebody.com\/de\/wp-json\/wp\/v2\/users\/5"}],"wp:featuredmedia":[{"embeddable":true,"href":"https:\/\/www.eyebody.com\/de\/wp-json\/wp\/v2\/media\/21937"}],"wp:attachment":[{"href":"https:\/\/www.eyebody.com\/de\/wp-json\/wp\/v2\/media?parent=21945"}],"wp:term":[{"taxonomy":"product_brand","embeddable":true,"href":"https:\/\/www.eyebody.com\/de\/wp-json\/wp\/v2\/product_brand?post=21945"},{"taxonomy":"product_cat","embeddable":true,"href":"https:\/\/www.eyebody.com\/de\/wp-json\/wp\/v2\/product_cat?post=21945"},{"taxonomy":"product_tag","embeddable":true,"href":"https:\/\/www.eyebody.com\/de\/wp-json\/wp\/v2\/product_tag?post=21945"}],"curies":[{"name":"wp","href":"https:\/\/api.w.org\/{rel}","templated":true}]}}