{"id":21963,"date":"2018-12-21T09:14:31","date_gmt":"2018-12-21T08:14:31","guid":{"rendered":"https:\/\/www.eyebody.com\/?post_type=product&#038;p=21963"},"modified":"2024-07-01T16:01:11","modified_gmt":"2024-07-01T14:01:11","slug":"spezial-paket-plus-eyebody-buch-deutsch-hoerbuch-deutsch-lochbrille-grau","status":"publish","type":"product","link":"https:\/\/www.eyebody.com\/de\/shop\/spezial-paket-plus-eyebody-buch-deutsch-hoerbuch-deutsch-lochbrille-grau\/","title":{"rendered":"Spezial-Paket PLUS: Eyebody-Buch (deutsch) + H\u00f6rbuch (Download, deutsch) + Lochbrille (grau)"},"content":{"rendered":"<div class=\"woocommerce-product-details__short-description\">\n<p>Peter Grunwalds Erfolgsbuch \u201eEyeBody\u201c liegt deutschsprachig nunmehr in 3. Auflage vor. Es beschreibt ausf\u00fchrlich, wie die EyeBody-Methode<sup><sup>\u00ae<\/sup><\/sup> mit den neu entdeckten Zusammenh\u00e4ngen zwischen Auge, K\u00f6rper und Gehirn arbeitet und zeigt die praktische Anwendung ihrer grundlegenden Prinzipien im Alltag.<\/p>\n<p>Wie viele Menschen litt Peter Grunwald unter starker Kurzsichtigkeit und Haltungsproblemen. 27 Jahre lang wurden seine Brillengl\u00e4ser immer st\u00e4rker, sein pers\u00f6nliches und soziales Wohlbefinden immer schlechter. Seine Ausbildung in der F. M. Alexander-Technik und die Auseinandersetzung mit der Methode \u201eNat\u00fcrlich besser sehen\u201c von Bates\/Goodrich brachten den Wendepunkt. Achtzehn Monate sp\u00e4ter legte Peter Grunwald seine Brille f\u00fcr immer ab. Es folgten eigene wegweisende Entdeckungen, von denen heute weltweit tausende Menschen profitieren. In \u00fcber 25.000 Einzelsitzungen und Gruppenstunden mit Menschen aller Altersstufen und unterschiedlichster Sehproblematik entstand die auf Prinzipien aufbauende ganzheitliche EyeBody-Methode<sup><sup>\u00ae<\/sup><\/sup>.<\/p>\n<p>Sie verhilft zu tiefgreifenden Ver\u00e4nderungen in der Koordination von K\u00f6rper, Gehirn und Auge. Dies f\u00fchrt zu einer Verbesserung des Sehverm\u00f6gens und der K\u00f6rperhaltung sowie zu emotionaler Balance und Effizienz des Gehirns. Das Buch er\u00f6ffnet einen v\u00f6llig neuen Blick auf das Funktionieren unseres Nervensystems. Es wendet sich an Menschen mit Sehproblemen (z.B. Kurz- und Weitsichtigkeit, Alterssichtigkeit, Gr\u00fcner und Grauer Star) und anderen g\u00e4ngigen Beschwerden (z.B. Migr\u00e4ne, stressbedingten St\u00f6rungen, Nacken- und R\u00fcckenschmerzen). Menschen mit medizinischem Hintergrund finden in diesem Buch einen \u00fcberraschend neuen Ansatz im Umgang mit Sehst\u00f6rungen.<\/p>\n<p>Mit Einf\u00fchlungsverm\u00f6gen, Tiefgang und Humor vermittelt Peter Grunwald seine Methode in Seminaren und Einzelsitzungen und unterst\u00fctzt damit Menschen auf ihrem ganz pers\u00f6nlichen Entwicklungsweg. Er lebt in Neuseeland und unterrichtet regelm\u00e4\u00dfig im deutschsprachigen Raum.<\/p>\n<hr \/>\n<h3>Das Buch im Paket mit dem H\u00f6rbuch (Download)<\/h3>\n<p>\u201cEyebody \u2013 die Integration von Auge, Gehirn und K\u00f6rper\u201d ist nun auch als Audiobuch in deutscher Sprache erh\u00e4ltlich! Im Oktober 2018 haben Profi-Sprecherin Christiane F\u00e4nder und Autor Peter Grunwald gemeinsam im Studio des Bayerischen Blindenbunds in M\u00fcnchen die aktuelle Auflage des Buches aufgenommen. Es liegt in verschiedenen Audio-Formaten vor, auch in einer DAISY-Version f\u00fcr blinde und sehbehinderte Menschen.<\/p>\n<p>Peter Grunwald sagt dazu: \u201cDie abwechselnd gesprochenen Aufnahmen mit Christiane F\u00e4nder sind so lebendig und aus der Tiefe heraus entstanden, die enorme Authentizit\u00e4t vermitteln, und bieten jedem den leichten Einstieg in den Inhalt des Eyebody Buches. Auch f\u00fcr Menschen, die das Buch schon gelesen haben bietet diese Audio-Aufnahme eine enorme M\u00f6glichkeit den Inhalt mit einem Anf\u00e4ngergeist neu und gleichzeitig tiefer zu erfahren. Viel Freude beim Zuh\u00f6ren aus Pr\u00e4senz!\u201d<\/p>\n<hr \/>\n<h3>Die Eyebody Lochbrille<\/h3>\n<p>Entdecken Sie, wie Sie m\u00fcde Augen entspannen, sowie Lesen, Schreiben und Arbeit am Computer auf gesunde Weise genie\u00dfen k\u00f6nnen \u2013 ohne geschliffene Brillengl\u00e4ser. Ein exzellentes \u00dcbungsmittel!<\/p>\n<p><strong>Der Teufelskreis<\/strong><\/p>\n<p>Wenn Sie eine optische Brille tragen, tappen Sie in eine Falle: Sie benutzen in Ihren Augen weder die Muskulatur, die der Scharfeinstellung dient, noch die Gesamtheit der Sehzellen auf der Netzhaut. Die wichtigen \u201eZiliarmuskeln\u201c werden geschw\u00e4cht, was erneute Besuche beim Augenarzt erfordert, der Ihnen dann eine st\u00e4rkere Brille oder st\u00e4rkere Kontaktlinsen verschreiben wird.<\/p>\n<p>Steigen Sie jetzt aus dem Teufelskreis aus und trainieren Sie Ihr Sehsystem! Kosteng\u00fcnstig und rezeptfrei. Lochbrillen erfrischen die m\u00fcden Augenmuskeln und bewahren die Augen vor dem Starren \u2013 einer g\u00e4ngigen Ursache f\u00fcr ersch\u00f6pfte Augen.<\/p>\n<p><strong>Wie die Lochbrille funktioniert<\/strong><\/p>\n<p>Sobald eine \u201eLochbrille\u201c vor die Augen kommt, gelangt ein viel engerer Parallelstrahl Licht durch die L\u00f6cher ins Auge. Das eng geb\u00fcndelte Licht trifft auch auf die Sehgrube und verursacht so Nachrichten an das Gehirn, die in Klarsicht umgesetzt werden.<\/p>\n<p>Lochbrillen fokussieren so, dass Objekte unabh\u00e4ngig von der Form des Augapfels scharf abgebildet werden, w\u00e4hrend der Rest der schwarzen \u201eLinse\u201c die Fotorezeptoren der restlichen Netzhaut (St\u00e4bchen) stimuliert. So wird die gesamte Netzhaut angeregt und trainiert. Dieser Vorgang ist sehr entspannend und f\u00f6rderlich.<\/p>\n<hr \/>\n<h3>Online Audio Guide<\/h3>\n<p><a href=\"\/de\/audio-guide-die-eyebody-lochbrille\/\">Anweisungen und \u00dcbungen zur Eyebody Lochbrille, gesprochen von Peter Grunwald<\/a><\/p>\n<p>&nbsp;<\/p>\n<\/div>\n","protected":false},"excerpt":{"rendered":"<p><strong>Lieferumfang: Sie erhalten hier das gedruckte Eyebody-Buch, Zugang zur H\u00f6rfassung in unserer Online-Mediathek + eine Eyebody-Lochbrille (grauer Rahmen)<\/strong><\/p>\n<p><strong>Das Buch<\/strong><br \/>\nPeter Grunwald: Eyebody \u2013 Die Integration von Auge, Gehirn und K\u00f6rper (Deutsche Ausgabe) 3. Auflage 2016, Paperback, 224 Seiten, ISBN: 9780958280907<\/p>\n<p><strong>Das H\u00f6rbuch<\/strong><br \/>\nH\u00f6rfassung der deutschen Ausgabe \u2013 gelesen von Peter Grunwald und Christiane F\u00e4nder. Spieldauer 8 Std., 44 Min.<br \/>\nEs stehen folgende <strong>Audio-Formate zum Download<\/strong> zur Verf\u00fcgung:<\/p>\n<ul>\n<li><strong>mp3<\/strong> \u2013 zum direkten H\u00f6ren in unserer Online-Mediathek oder zum Herunterladen<\/li>\n<li><strong>m4b<\/strong> \u2013 H\u00f6rbuch-Datei (AAC, mit Lesezeichen) zur Verwendung mit iTunes und iPod<\/li>\n<li><strong>DAISY<\/strong> \u2013 MP3-Dateien + DAISY-Dateien z.B. f\u00fcr Plextalk<\/li>\n<\/ul>\n<p><strong>Die Eyebody-Lochbrille<br \/>\n<\/strong>Rahmen in grau + Online-Audio Guide<\/p>\n","protected":false},"author":5,"featured_media":21952,"template":"","meta":[],"product_brand":[],"product_cat":[151,236],"product_tag":[],"class_list":{"0":"post-21963","1":"product","2":"type-product","3":"status-publish","4":"has-post-thumbnail","6":"product_cat-eyebody-shop-de","7":"product_cat-pc_bu","8":"product_shipping_class-small-package-de","10":"first","11":"instock","12":"sold-individually","13":"shipping-taxable","14":"purchasable","15":"product-type-simple"},"exclude_global_add_ons":[],"addons":[],"_links":{"self":[{"href":"https:\/\/www.eyebody.com\/de\/wp-json\/wp\/v2\/product\/21963","targetHints":{"allow":["GET"]}}],"collection":[{"href":"https:\/\/www.eyebody.com\/de\/wp-json\/wp\/v2\/product"}],"about":[{"href":"https:\/\/www.eyebody.com\/de\/wp-json\/wp\/v2\/types\/product"}],"author":[{"embeddable":true,"href":"https:\/\/www.eyebody.com\/de\/wp-json\/wp\/v2\/users\/5"}],"wp:featuredmedia":[{"embeddable":true,"href":"https:\/\/www.eyebody.com\/de\/wp-json\/wp\/v2\/media\/21952"}],"wp:attachment":[{"href":"https:\/\/www.eyebody.com\/de\/wp-json\/wp\/v2\/media?parent=21963"}],"wp:term":[{"taxonomy":"product_brand","embeddable":true,"href":"https:\/\/www.eyebody.com\/de\/wp-json\/wp\/v2\/product_brand?post=21963"},{"taxonomy":"product_cat","embeddable":true,"href":"https:\/\/www.eyebody.com\/de\/wp-json\/wp\/v2\/product_cat?post=21963"},{"taxonomy":"product_tag","embeddable":true,"href":"https:\/\/www.eyebody.com\/de\/wp-json\/wp\/v2\/product_tag?post=21963"}],"curies":[{"name":"wp","href":"https:\/\/api.w.org\/{rel}","templated":true}]}}