{"id":41321,"date":"2020-11-04T09:02:18","date_gmt":"2020-11-05T07:13:27","guid":{"rendered":"https:\/\/www.eyebody.com\/?post_type=product&#038;p=41321"},"modified":"2020-11-05T08:18:34","modified_gmt":"2020-11-05T07:18:34","slug":"private-online-sessions-paket-mit-credits-fuer-5-sessions","status":"publish","type":"product","link":"https:\/\/www.eyebody.com\/de\/shop\/private-online-sessions-paket-mit-credits-fuer-5-sessions\/","title":{"rendered":"Private Online-Sessions &#8211; Paket mit Credits f\u00fcr 5 Sessions"},"content":{"rendered":"<p>Hier k\u00f6nnen Sie Credits f\u00fcr 5 private Online-Sessions mit einem Eyebody-Consultant buchen.<\/p>\n<h2>Wichtige Hinweise<\/h2>\n<p>Nach dem Kauf dieses Credit-Pakets <strong>erhalten Sie einen Gutscheincode<\/strong> (&#8222;Store Credit&#8220;) an die von Ihnen angegebene E-Mail-Adresse. Bitte stellen Sie sicher, dass Sie diese E-Mails empfangen k\u00f6nnen.<\/p>\n<p><strong>Mit diesem Gutschein-Code<\/strong> k\u00f6nnen Sie hier <a href=\"https:\/\/www.eyebody.com\/de\/shop\/private-online-session-45minuten-single\/\">https:\/\/www.eyebody.com\/de\/shop\/private-online-session-45minuten-single\/<\/a>\u00a0<strong>insgesamt 5 Termine<\/strong> f\u00fcr eine private Online-Session mit einem Eyebody-Consultant buchen. Dabei muss jeweils noch einmal der Bezahlprozess komplett durchlaufen werden. <strong>Bitte melden Sie sich dabei unbedingt an Ihrem Eyebody-Kundenkonto an<\/strong>, damit die vorher bezahlten Credits automatisch angerechnet werden k\u00f6nnen.<\/p>\n<p>Sie finden Ihren Gutschein-Code auch in Ihrem Kunden-Konto unter diesem Link: <a href=\"https:\/\/www.eyebody.com\/de\/mein-konto\/wc-smart-coupons\/\">https:\/\/www.eyebody.com\/de\/mein-konto\/wc-smart-coupons\/<\/a><\/p>\n<p><strong>Die Credits f\u00fcr private Online-Sessions sind 12 Monate g\u00fcltig. Nicht verbrauchte Credits k\u00f6nnen nicht erstattet oder f\u00fcr andere Eyebody Produkte oder Kurse gutgeschrieben werden.<\/strong><\/p>\n<p>&nbsp;<\/p>\n","protected":false},"excerpt":{"rendered":"<p>Kaufen Sie hier Credits im Wert von EUR 450,- f\u00fcr 5 pers\u00f6nliche Online-Sessions von 45 Minuten mit einem Eyebody-Consultant.<\/p>\n<ol>\n<li>kaufen und bezahlen Sie diese Credits<\/li>\n<li>Sie erhalten einen Gutschein-Code per E-Mail<\/li>\n<li>mit diesem Gutschein-Code k\u00f6nnen Sie innerhalb 12 Monaten 5 Termine f\u00fcr jeweils eine Online-Session buchen<\/li>\n<\/ol>\n<p><strong>Andere Optionen:<\/strong><br \/>\n<a href=\"https:\/\/www.eyebody.com\/de\/shop\/private-online-sessions-paket-mit-credits-fuer-3-sessions\/\">Credits f\u00fcr 3 Online-Sessions<\/a><br \/>\n<a href=\"https:\/\/www.eyebody.com\/de\/shop\/private-online-sessions-paket-mit-credits-fuer-10-sessions\/\">Credits f\u00fcr 10 Online-Sessions<\/a><\/p>\n","protected":false},"author":5,"featured_media":40941,"template":"","meta":[],"product_brand":[],"product_cat":[238,196],"product_tag":[],"class_list":{"0":"post-41321","1":"product","2":"type-product","3":"status-publish","4":"has-post-thumbnail","6":"product_cat-pc_on","7":"product_cat-termine","9":"first","10":"instock","11":"virtual","12":"purchasable","13":"product-type-store_credit"},"exclude_global_add_ons":[],"addons":[],"_links":{"self":[{"href":"https:\/\/www.eyebody.com\/de\/wp-json\/wp\/v2\/product\/41321","targetHints":{"allow":["GET"]}}],"collection":[{"href":"https:\/\/www.eyebody.com\/de\/wp-json\/wp\/v2\/product"}],"about":[{"href":"https:\/\/www.eyebody.com\/de\/wp-json\/wp\/v2\/types\/product"}],"author":[{"embeddable":true,"href":"https:\/\/www.eyebody.com\/de\/wp-json\/wp\/v2\/users\/5"}],"wp:featuredmedia":[{"embeddable":true,"href":"https:\/\/www.eyebody.com\/de\/wp-json\/wp\/v2\/media\/40941"}],"wp:attachment":[{"href":"https:\/\/www.eyebody.com\/de\/wp-json\/wp\/v2\/media?parent=41321"}],"wp:term":[{"taxonomy":"product_brand","embeddable":true,"href":"https:\/\/www.eyebody.com\/de\/wp-json\/wp\/v2\/product_brand?post=41321"},{"taxonomy":"product_cat","embeddable":true,"href":"https:\/\/www.eyebody.com\/de\/wp-json\/wp\/v2\/product_cat?post=41321"},{"taxonomy":"product_tag","embeddable":true,"href":"https:\/\/www.eyebody.com\/de\/wp-json\/wp\/v2\/product_tag?post=41321"}],"curies":[{"name":"wp","href":"https:\/\/api.w.org\/{rel}","templated":true}]}}