{"id":46400,"date":"2020-08-05T10:24:22","date_gmt":"2020-08-05T08:24:22","guid":{"rendered":"https:\/\/www.eyebody.com\/?post_type=product&#038;p=46400"},"modified":"2023-02-04T07:07:06","modified_gmt":"2023-02-04T06:07:06","slug":"lochbrillen-einsatz-ersatzteil-fuer-die-eyebody-lochbrille","status":"publish","type":"product","link":"https:\/\/www.eyebody.com\/de\/shop\/lochbrillen-einsatz-ersatzteil-fuer-die-eyebody-lochbrille\/","title":{"rendered":"Lochbrillen-Einsatz \u2013 Ersatzteil f\u00fcr die Eyebody-Lochbrille"},"content":{"rendered":"<p>Zum Einbau der Locheins\u00e4tze muss die gesamte Lochbrille leicht erw\u00e4rmt werden \u2013 nicht \u00fcber 65\u00b0C!<\/p>\n<p>Die Locheins\u00e4tze sind links und rechts identisch und lassen sich <strong>nach vorn<\/strong> aus dem Gestell herausdr\u00fccken und auch <strong>von vorn wieder hinein<\/strong>.<\/p>\n<p><strong>HINWEIS: Wenn Ihre Lochbrille nicht aus der aktuellen Serie stammt (vor 2019), ist es m\u00f6glich, dass die Locheins\u00e4tze etwas zu gro\u00df sind und ringsherum ca. 0,5 bis 1 mm abgeschliffen werden m\u00fcssen.<\/strong><\/p>\n","protected":false},"excerpt":{"rendered":"<ul>\n<li>es werden pro Lochbrille 2 St\u00fcck ben\u00f6tigt<\/li>\n<li>linke und rechte Seite sind identisch<\/li>\n<\/ul>\n","protected":false},"author":5,"featured_media":46399,"template":"","meta":[],"product_brand":[],"product_cat":[171,240],"product_tag":[],"class_list":{"0":"post-46400","1":"product","2":"type-product","3":"status-publish","4":"has-post-thumbnail","6":"product_cat-allgemein","7":"product_cat-pc_ph","9":"first","10":"instock","11":"shipping-taxable","12":"purchasable","13":"product-type-simple"},"exclude_global_add_ons":[],"addons":[],"_links":{"self":[{"href":"https:\/\/www.eyebody.com\/de\/wp-json\/wp\/v2\/product\/46400","targetHints":{"allow":["GET"]}}],"collection":[{"href":"https:\/\/www.eyebody.com\/de\/wp-json\/wp\/v2\/product"}],"about":[{"href":"https:\/\/www.eyebody.com\/de\/wp-json\/wp\/v2\/types\/product"}],"author":[{"embeddable":true,"href":"https:\/\/www.eyebody.com\/de\/wp-json\/wp\/v2\/users\/5"}],"wp:featuredmedia":[{"embeddable":true,"href":"https:\/\/www.eyebody.com\/de\/wp-json\/wp\/v2\/media\/46399"}],"wp:attachment":[{"href":"https:\/\/www.eyebody.com\/de\/wp-json\/wp\/v2\/media?parent=46400"}],"wp:term":[{"taxonomy":"product_brand","embeddable":true,"href":"https:\/\/www.eyebody.com\/de\/wp-json\/wp\/v2\/product_brand?post=46400"},{"taxonomy":"product_cat","embeddable":true,"href":"https:\/\/www.eyebody.com\/de\/wp-json\/wp\/v2\/product_cat?post=46400"},{"taxonomy":"product_tag","embeddable":true,"href":"https:\/\/www.eyebody.com\/de\/wp-json\/wp\/v2\/product_tag?post=46400"}],"curies":[{"name":"wp","href":"https:\/\/api.w.org\/{rel}","templated":true}]}}