{"id":46774,"date":"2021-12-22T13:14:34","date_gmt":"2021-12-22T12:14:34","guid":{"rendered":"https:\/\/www.eyebody.com\/?post_type=product&#038;p=46774"},"modified":"2021-12-22T13:46:18","modified_gmt":"2021-12-22T12:46:18","slug":"spezial-paket-e-book-deutsch-lochbrille-grau","status":"publish","type":"product","link":"https:\/\/www.eyebody.com\/de\/shop\/spezial-paket-e-book-deutsch-lochbrille-grau\/","title":{"rendered":"Spezial-Paket: E-Book (deutsch) + Lochbrille (grau)"},"content":{"rendered":"<h3>Eyebody \u2013 Die Integration von Auge, Gehirn und K\u00f6rper oder die Kunst, ohne Brille zu leben (E-Book Edition)<\/h3>\n<p>Peter Grunwalds Erfolgsbuch \u201eEyeBody\u201c liegt deutschsprachig nunmehr in 3. Auflage vor. Es beschreibt ausf\u00fchrlich, wie die EyeBody-Methode<sup><sup>\u00ae<\/sup><\/sup> mit den neu entdeckten Zusammenh\u00e4ngen zwischen Auge, K\u00f6rper und Gehirn arbeitet und zeigt die praktische Anwendung ihrer grundlegenden Prinzipien im Alltag.<\/p>\n<p>Wie viele Menschen litt Peter Grunwald unter starker Kurzsichtigkeit und Haltungsproblemen. 27 Jahre lang wurden seine Brillengl\u00e4ser immer st\u00e4rker, sein pers\u00f6nliches und soziales Wohlbefinden immer schlechter. Seine Ausbildung in der F. M. Alexander-Technik und die Auseinandersetzung mit der Methode \u201eNat\u00fcrlich besser sehen\u201c von Bates\/Goodrich brachten den Wendepunkt. Achtzehn Monate sp\u00e4ter legte Peter Grunwald seine Brille f\u00fcr immer ab. Es folgten eigene wegweisende Entdeckungen, von denen heute weltweit Tausende profitieren. In \u00fcber 25.000 Einzelsitzungen und Gruppenstunden mit Menschen aller Altersstufen und unterschiedlichster Sehproblematik entstand die auf Prinzipien aufbauende ganzheitliche EyeBody-Methode<sup><sup>\u00ae<\/sup><\/sup>.<\/p>\n<p>Sie verhilft zu tiefgreifenden Ver\u00e4nderungen in der Koordination von K\u00f6rper, Gehirn und Auge. Dies f\u00fchrt zu einer Verbesserung des Sehverm\u00f6gens und der K\u00f6rperhaltung sowie zu emotionaler Balance und Effizienz des Gehirns. Das Buch er\u00f6ffnet einen v\u00f6llig neuen Blick auf das Funktionieren unseres Nervensystems. Es wendet sich an Menschen mit Sehproblemen (z.B. Kurz- und Weitsichtigkeit, Alterssichtigkeit, Gr\u00fcner und Grauer Star) und anderen g\u00e4ngigen Beschwerden (z.B. Migr\u00e4ne, stressbedingten St\u00f6rungen, Nacken- und R\u00fcckenschmerzen). Menschen mit medizinischem Hintergrund finden in diesem Buch einen \u00fcberraschend neuen Ansatz im Umgang mit Sehst\u00f6rungen.<\/p>\n<p>Mit Einf\u00fchlungsverm\u00f6gen, Tiefgang und Humor vermittelt Peter Grunwald seine Methode in Seminaren und Einzelsitzungen und unterst\u00fctzt damit Menschen auf ihrem ganz pers\u00f6nlichen Entwicklungsweg. Er lebt in Neuseeland und unterrichtet regelm\u00e4\u00dfig im deutschsprachigen Raum.<\/p>\n<hr \/>\n<h3>Die Eyebody Lochbrille<\/h3>\n<p>Entdecken Sie, wie Sie m\u00fcde Augen entspannen, sowie Lesen, Schreiben und Arbeit am Computer auf gesunde Weise genie\u00dfen k\u00f6nnen \u2013 ohne geschliffene Brillengl\u00e4ser. Ein exzellentes \u00dcbungsmittel!<\/p>\n<p><strong>Der Teufelskreis<\/strong><\/p>\n<p>Wenn Sie eine optische Brille tragen, tappen Sie in eine Falle: Sie benutzen in Ihren Augen weder die Muskulatur, die der Scharfeinstellung dient, noch die Gesamtheit der Sehzellen auf der Netzhaut. Die wichtigen \u201eZiliarmuskeln\u201c werden geschw\u00e4cht, was erneute Besuche beim Augenarzt erfordert, der Ihnen dann eine st\u00e4rkere Brille oder st\u00e4rkere Kontaktlinsen verschreiben wird.<\/p>\n<p>Steigen Sie jetzt aus dem Teufelskreis aus und trainieren Sie Ihr Sehsystem! Kosteng\u00fcnstig und rezeptfrei. Lochbrillen erfrischen die m\u00fcden Augenmuskeln und bewahren die Augen vor dem Starren \u2013 einer g\u00e4ngigen Ursache f\u00fcr ersch\u00f6pfte Augen.<\/p>\n<p><strong>Wie die Lochbrille funktioniert<\/strong><\/p>\n<p>Sobald eine \u201eLochbrille\u201c vor die Augen kommt, gelangt ein viel engerer Parallelstrahl Licht durch die L\u00f6cher ins Auge. Das eng geb\u00fcndelte Licht trifft auch auf die Sehgrube und verursacht so Nachrichten an das Gehirn, die in Klarsicht umgesetzt werden.<\/p>\n<p>Lochbrillen fokussieren so, dass Objekte unabh\u00e4ngig von der Form des Augapfels scharf abgebildet werden, w\u00e4hrend der Rest der schwarzen \u201eLinse\u201c die Fotorezeptoren der restlichen Netzhaut (St\u00e4bchen) stimuliert. So wird die gesamte Netzhaut angeregt und trainiert. Dieser Vorgang ist sehr entspannend und f\u00f6rderlich.<\/p>\n<hr \/>\n<h3>Online Audio Guide<\/h3>\n<p><a href=\"\/de\/audio-guide-die-eyebody-lochbrille\/\">Anweisungen und \u00dcbungen zur Eyebody Lochbrille, gesprochen von Peter Grunwald<\/a><\/p>\n<p>&nbsp;<\/p>\n","protected":false},"excerpt":{"rendered":"<p>Spezial-Paket: Das Eyebody-Buch von Peter Grunwald <strong>(E-Book, deutsch)<\/strong> + Eyebody Lochbrille <strong>(Grauer Rahmen)<\/strong> + Online Audio Guide<\/p>\n","protected":false},"author":5,"featured_media":46762,"template":"","meta":[],"product_brand":[],"product_cat":[151,236],"product_tag":[],"class_list":{"0":"post-46774","1":"product","2":"type-product","3":"status-publish","4":"has-post-thumbnail","6":"product_cat-eyebody-shop-de","7":"product_cat-pc_bu","8":"product_shipping_class-small-package-de","10":"first","11":"instock","12":"downloadable","13":"sold-individually","14":"shipping-taxable","15":"purchasable","16":"product-type-simple"},"exclude_global_add_ons":[],"addons":[],"_links":{"self":[{"href":"https:\/\/www.eyebody.com\/de\/wp-json\/wp\/v2\/product\/46774","targetHints":{"allow":["GET"]}}],"collection":[{"href":"https:\/\/www.eyebody.com\/de\/wp-json\/wp\/v2\/product"}],"about":[{"href":"https:\/\/www.eyebody.com\/de\/wp-json\/wp\/v2\/types\/product"}],"author":[{"embeddable":true,"href":"https:\/\/www.eyebody.com\/de\/wp-json\/wp\/v2\/users\/5"}],"wp:featuredmedia":[{"embeddable":true,"href":"https:\/\/www.eyebody.com\/de\/wp-json\/wp\/v2\/media\/46762"}],"wp:attachment":[{"href":"https:\/\/www.eyebody.com\/de\/wp-json\/wp\/v2\/media?parent=46774"}],"wp:term":[{"taxonomy":"product_brand","embeddable":true,"href":"https:\/\/www.eyebody.com\/de\/wp-json\/wp\/v2\/product_brand?post=46774"},{"taxonomy":"product_cat","embeddable":true,"href":"https:\/\/www.eyebody.com\/de\/wp-json\/wp\/v2\/product_cat?post=46774"},{"taxonomy":"product_tag","embeddable":true,"href":"https:\/\/www.eyebody.com\/de\/wp-json\/wp\/v2\/product_tag?post=46774"}],"curies":[{"name":"wp","href":"https:\/\/api.w.org\/{rel}","templated":true}]}}