{"id":46783,"date":"2021-12-22T13:48:00","date_gmt":"2021-12-22T12:48:00","guid":{"rendered":"https:\/\/www.eyebody.com\/?post_type=product&#038;p=46783"},"modified":"2021-12-22T13:51:40","modified_gmt":"2021-12-22T12:51:40","slug":"paquete-especial-libro-electronico-espanol-gafas-reticulares-montura-gris-copy","status":"publish","type":"product","link":"https:\/\/www.eyebody.com\/de\/shop\/paquete-especial-libro-electronico-espanol-gafas-reticulares-montura-gris-copy\/","title":{"rendered":"Paquete especial: libro electr\u00f3nico (Espa\u00f1ol) + gafas reticulares (montura roja)"},"content":{"rendered":"<h3>Libro electr\u00f3nico: Eyebody &#8211; La integraci\u00f3n del ojo, el cerebro y el cuerpo<\/h3>\n<p>Peter Grunwald utilizo\u0301 gafas para la miopi\u0301a y el astigmatismo durante veintisiete an\u0303os. Su habla, postura y vista se habi\u0301an deteriorado de forma progresiva y su graduacio\u0301n habi\u0301a aumentado. El punto de inflexio\u0301n llego\u0301 cuando comenzo\u0301 su formacio\u0301n de te\u0301cnica Alexander, que le proporciono\u0301 grandes beneficios posturales y mentales y contribuyo\u0301 en gran medida a la correccio\u0301n de su tartamudez. Despue\u0301s de conocer el me\u0301todo Bates para la mejora natural de la vista, Peter se formo\u0301 en Alemania con la instructora de la visio\u0301n de reconocido prestigio internacional Janet Goodrich. Por aquel entonces, Peter descubrio\u0301 que en el interior del sistema visual existe un mapa de la totalidad del cuerpo humano. Los ojos esta\u0301n conectados con sus estructuras cerebrales correspondientes, encargadas de la coordinacio\u0301n del cuerpo, las emociones, y las habilidades de pensar y razonar. A lo largo de miles de talleres y sesiones individuales, Peter ha observado cambios importantes en el cerebro, los ojos y el cuerpo de los participantes, asi\u0301 como mejori\u0301as relacionadas con la coordinacio\u0301n, la vista, la postura, el balance emocional y la funcio\u0301n cerebral.<\/p>\n<hr \/>\n<h3>Gafas reticulares Eyebody<\/h3>\n<p>Descubra c\u00f3mo relajar sus ojos cansados y disfrutar de la lectura, la escritura y el trabajo en el ordenador de forma saludable: sin gafas graduadas. \u00a1Una herramienta de ejercicio brillante!<\/p>\n<p><strong>La cuesta abajo<\/strong><\/p>\n<p>Cuando llevas gafas graduadas caes en una trampa. Ya no utilizas plenamente ni los m\u00fasculos de enfoque ni los fotorreceptores de tu retina. Los importantes &#8222;m\u00fasculos ciliares&#8220; comienzan a debilitarse, lo que obliga a visitar a su oftalm\u00f3logo para que le ponga lentes cada vez m\u00e1s fuertes.<\/p>\n<p>Invierta la cuesta abajo y ejercite su sistema visual ahora. No es costoso, \u00a1no necesita receta m\u00e9dica! Las gafas reticulares refrescan los m\u00fasculos oculares cansados y evitan que los ojos miren fijamente, una causa com\u00fan de la fatiga ocular.<\/p>\n<p><strong>Pinholes cient\u00edficos &#8211; C\u00f3mo funcionan las gafas reticulares<\/strong><\/p>\n<p>En el momento en que las &#8222;Pinhole Glasses&#8220; se colocan delante de los ojos, un haz de luz paralelo mucho m\u00e1s estrecho entra por los agujeros. La luz estrecha se centra en la retina y env\u00eda mensajes al cerebro para que la visi\u00f3n sea clara. Lejan\u00eda Miop\u00eda Enfocada con gafas reticulares Las gafas reticulares enfocan la luz en la f\u00f3vea central. Esto hace que los objetos se enfoquen independientemente de la forma del globo ocular, mientras que el resto de la lente negra estimula los fotorreceptores del resto de la retina (bastones). Por lo tanto, toda la retina est\u00e1 siendo estimulada y ejercitada.<\/p>\n<p>Este proceso es muy relajante y beneficioso.<\/p>\n<hr \/>\n<h3>Gu\u00eda de audio online (en ingl\u00e9s)<\/h3>\n<p><a href=\"https:\/\/www.eyebody.com\/de\/audio-guide-die-eyebody-lochbrille\/\">Instruction and exercises for Eyebody Pinhole Glasses<\/a><\/p>\n<p>&nbsp;<\/p>\n<hr \/>\n<p>&nbsp;<\/p>\n","protected":false},"excerpt":{"rendered":"<p>Paquete especial: Eyebody &#8211; La integraci\u00f3n del ojo, el cerebro y el cuerpo <strong>(libro electr\u00f3nico, en espa\u00f1ol)<\/strong> + gafas reticulares <strong>(montura roja)<\/strong> + Gu\u00eda de audio online (en ingl\u00e9s)<\/p>\n","protected":false},"author":5,"featured_media":46772,"template":"","meta":[],"product_brand":[],"product_cat":[151,236],"product_tag":[],"class_list":{"0":"post-46783","1":"product","2":"type-product","3":"status-publish","4":"has-post-thumbnail","6":"product_cat-eyebody-shop-de","7":"product_cat-pc_bu","8":"product_shipping_class-small-package-de","10":"first","11":"instock","12":"downloadable","13":"sold-individually","14":"shipping-taxable","15":"purchasable","16":"product-type-simple"},"exclude_global_add_ons":[],"addons":[],"_links":{"self":[{"href":"https:\/\/www.eyebody.com\/de\/wp-json\/wp\/v2\/product\/46783","targetHints":{"allow":["GET"]}}],"collection":[{"href":"https:\/\/www.eyebody.com\/de\/wp-json\/wp\/v2\/product"}],"about":[{"href":"https:\/\/www.eyebody.com\/de\/wp-json\/wp\/v2\/types\/product"}],"author":[{"embeddable":true,"href":"https:\/\/www.eyebody.com\/de\/wp-json\/wp\/v2\/users\/5"}],"wp:featuredmedia":[{"embeddable":true,"href":"https:\/\/www.eyebody.com\/de\/wp-json\/wp\/v2\/media\/46772"}],"wp:attachment":[{"href":"https:\/\/www.eyebody.com\/de\/wp-json\/wp\/v2\/media?parent=46783"}],"wp:term":[{"taxonomy":"product_brand","embeddable":true,"href":"https:\/\/www.eyebody.com\/de\/wp-json\/wp\/v2\/product_brand?post=46783"},{"taxonomy":"product_cat","embeddable":true,"href":"https:\/\/www.eyebody.com\/de\/wp-json\/wp\/v2\/product_cat?post=46783"},{"taxonomy":"product_tag","embeddable":true,"href":"https:\/\/www.eyebody.com\/de\/wp-json\/wp\/v2\/product_tag?post=46783"}],"curies":[{"name":"wp","href":"https:\/\/api.w.org\/{rel}","templated":true}]}}