{"id":48726,"date":"2022-08-24T17:16:00","date_gmt":"2022-08-24T15:16:00","guid":{"rendered":"https:\/\/www.eyebody.com\/?post_type=product&#038;p=48726"},"modified":"2026-05-02T10:57:03","modified_gmt":"2026-05-02T08:57:03","slug":"eyebody-beseelt-sehen-bewusst-leben-deutsch","status":"publish","type":"product","link":"https:\/\/www.eyebody.com\/de\/shop\/eyebody-beseelt-sehen-bewusst-leben-deutsch\/","title":{"rendered":"Eyebody \u2013 Beseelt sehen \u2013 bewusst leben (Deutsch)"},"content":{"rendered":"<p>Peter Grunwald<br \/>\n<strong>Beseelt sehen \u2013 bewusst leben<\/strong><br \/>\n<strong>Die Kunst, die eigene Seele zu verwirklichen<\/strong><\/p>\n<p>Paperback, 256 Seiten.<br \/>\nMit mehr als 35 farbigen Fotografien und Illustrationen und einer Ausklapp-Karte der energetischen Eyebody-Muster.<\/p>\n<hr \/>\n<p>Peter Grunwalds wegweisende Entdeckungen zur Integration von Gehirn, Augen und K\u00f6rper \u2013 und einem Leben ohne Brille \u2013 sind auf Prinzipien aufgebaut, die der F\u00fchrung durch die eigene Seele unterliegen. Ein Nahtod-Erlebnis war Ansto\u00df f\u00fcr tiefe spirituelle Verbundenheit und jene Forschungsarbeit, aus der sich die Eyebody Methode entwickelte.<\/p>\n<p>In diesem zweiten Buch erweitert er die bekannten Eyebody Muster um gleich zwei weitere Dimensionen: die Vielfalt der emotionalen und der spirituellen Natur von uns Menschen. Er stellt dar, wie emotionale Muster visuelle Fehlfunktionen verursachen, z. B. Kurzsichtigkeit, Astigmatismus, Alterssichtigkeit, Schielen, Glaukom, Katarakt und Makuladegeneration.<\/p>\n<p>\u00dcber Generationen manifestierte Traumata, die sich oft dem direkten Zugriff entziehen, beeinflussen nicht nur Struktur und Funktion von Augen, Gehirn und K\u00f6rper. Vielmehr wirken sie auch auf unsere Umwelt und daher auf unsere Beziehungen im Leben. Dieses Buch erl\u00e4utert Techniken zur Aufl\u00f6sung von unbewusstem systemischem Verhalten. Es erkl\u00e4rt, auf welche Weise Widrigkeiten wie z. B. \u00fcber lange Zeit festgehaltene \u00c4ngste, Frustration, Traurigkeit oder Verwirrung auf sanfte Weise gel\u00f6st werden k\u00f6nnen \u2013 und wie die Beseelung durch Qualit\u00e4ten wie Gl\u00fccklichsein, Liebe und Gewissheit zur\u00fcckkehren kann. Zellerinnerungen und Strukturen in den Augen und im gesamten Sehsystem k\u00f6nnen so konstruktiv ver\u00e4ndert werden.<\/p>\n<p>Lesen Sie, wie Ihr Gehirn zu m\u00fchelosem mentalem Fokus gelangen kann und Ihr Sehen zu Klarheit \u2013 und wie Sie zu emotionaler Stabilit\u00e4t und authentischem Selbstausdruck finden k\u00f6nnen. Erfahren Sie, wie Faszien-Membranen die Augen formen, und wie es m\u00f6glich ist, von Brillen oder Kontaktlinsen loszukommen.<\/p>\n<p>Peter Grunwald lebt auf der Coromandel-Halbinsel in Neuseeland. In vielen L\u00e4ndern der Welt gibt er regelm\u00e4\u00dfig Kurse. Au\u00dferdem bildet er andere Menschen darin aus, die Eyebody Methode zu unterrichten. Seine \u00fcber vierzigj\u00e4hrige Lern- und Lehrt\u00e4tigkeit ist gepr\u00e4gt von Humor, Geduld und einem tiefen Verst\u00e4ndnis f\u00fcr Menschen jeden Alters. Seine B\u00fccher sind in mehreren Sprachen erschienen, im Deutschen auch als H\u00f6rb\u00fccher.<\/p>\n<hr \/>\n<h3>Was ist der Unterschied zwischen den beiden Eyebody-B\u00fcchern?<\/h3>\n<p>Beide B\u00fccher zeigen jeweils verschiedene Wege zum ganzheitlichen nat\u00fcrlichen Sehen ohne Brille. W\u00e4hrend das erste Buch <strong><a href=\"https:\/\/www.eyebody.com\/de\/shop\/eyebody-die-integration-von-auge-gehirn-und-korper-deutsche-ausgabe\/\">&#8222;Die Integration von Auge, Gehirn und K\u00f6rper&#8220;<\/a><\/strong> mehr die physischen Grundlagen des Sehens mit Gehirn, Auge und K\u00f6rper beleuchtet, erweitert Peter Grunwald mit seinem neuen Buch <a href=\"https:\/\/www.eyebody.com\/de\/shop\/eyebody-beseelt-sehen-bewusst-leben-deutsch\/\"><strong>&#8222;Beseelt sehen \u2013 bewusst leben&#8220;<\/strong><\/a> die Eyebody Muster um die emotionale und die spirituelle Dimension.<\/p>\n<p>Sie k\u00f6nnen zum Beginnen mit dem ersten Buch arbeiten und danach mit dem zweiten Buch die Seelenqualit\u00e4ten\u00a0entdecken \u2013 oder Sie starten mit dem zweiten Buch auf emotional-spiritueller Ebene und f\u00fcgen dann die im ersten Buch\u00a0genauer erkl\u00e4rten physischen Details zu einem Ganzen zusammen. Beide Wege sind gleicherma\u00dfen spannend.<\/p>\n","protected":false},"excerpt":{"rendered":"<p>Peter Grunwald: Beseelt sehen \u2013 bewusst leben. Die Kunst, die eigene Seele zu verwirklichen (Deutsch)<\/p>\n<ul>\n<li>Mit mehr als 35 farbigen Fotografien und Illustrationen und einer Ausklapp-Karte der energetischen Eyebody-Muster.<\/li>\n<li>Paperback, 256 Seiten<\/li>\n<li>1. Auflage 2022, ISBN: 978-0-473-64790-2<\/li>\n<\/ul>\n","protected":false},"author":5,"featured_media":64812,"template":"","meta":[],"product_brand":[],"product_cat":[151,240],"product_tag":[],"class_list":{"0":"post-48726","1":"product","2":"type-product","3":"status-publish","4":"has-post-thumbnail","6":"product_cat-eyebody-shop-de","7":"product_cat-pc_ph","8":"product_shipping_class-small-package-de","10":"first","11":"instock","12":"shipping-taxable","13":"purchasable","14":"product-type-simple"},"exclude_global_add_ons":[],"addons":[],"_links":{"self":[{"href":"https:\/\/www.eyebody.com\/de\/wp-json\/wp\/v2\/product\/48726","targetHints":{"allow":["GET"]}}],"collection":[{"href":"https:\/\/www.eyebody.com\/de\/wp-json\/wp\/v2\/product"}],"about":[{"href":"https:\/\/www.eyebody.com\/de\/wp-json\/wp\/v2\/types\/product"}],"author":[{"embeddable":true,"href":"https:\/\/www.eyebody.com\/de\/wp-json\/wp\/v2\/users\/5"}],"wp:featuredmedia":[{"embeddable":true,"href":"https:\/\/www.eyebody.com\/de\/wp-json\/wp\/v2\/media\/64812"}],"wp:attachment":[{"href":"https:\/\/www.eyebody.com\/de\/wp-json\/wp\/v2\/media?parent=48726"}],"wp:term":[{"taxonomy":"product_brand","embeddable":true,"href":"https:\/\/www.eyebody.com\/de\/wp-json\/wp\/v2\/product_brand?post=48726"},{"taxonomy":"product_cat","embeddable":true,"href":"https:\/\/www.eyebody.com\/de\/wp-json\/wp\/v2\/product_cat?post=48726"},{"taxonomy":"product_tag","embeddable":true,"href":"https:\/\/www.eyebody.com\/de\/wp-json\/wp\/v2\/product_tag?post=48726"}],"curies":[{"name":"wp","href":"https:\/\/api.w.org\/{rel}","templated":true}]}}