{"id":54594,"date":"2023-11-21T13:25:12","date_gmt":"2023-11-21T12:25:12","guid":{"rendered":"https:\/\/www.eyebody.com\/?post_type=product&#038;p=54594"},"modified":"2026-03-18T18:12:28","modified_gmt":"2026-03-18T17:12:28","slug":"bundle-buch-2-eyebody-beseelt-sehen-bewusst-leben-eyebody-lochbrille","status":"publish","type":"product","link":"https:\/\/www.eyebody.com\/de\/shop\/bundle-buch-2-eyebody-beseelt-sehen-bewusst-leben-eyebody-lochbrille\/","title":{"rendered":"BUNDLE: Buch 2, Eyebody \u2013 beseelt sehen \u2013 bewusst leben + Eyebody Lochbrille"},"content":{"rendered":"<p>Peter Grunwald<br \/>\n<strong>Beseelt sehen \u2013 bewusst leben<\/strong><br \/>\n<strong>Die Kunst, die eigene Seele zu verwirklichen<\/strong><\/p>\n<p>Paperback, 256 Seiten.<br \/>\nMit mehr als 35 farbigen Fotografien und Illustrationen und einer Ausklapp-Karte der energetischen Eyebody-Muster.<br \/>\n1. Auflage 2022, ISBN: 978-0-473-64790-2<\/p>\n<hr \/>\n<p>Peter Grunwalds wegweisende Entdeckungen zur Integration von Gehirn, Augen und K\u00f6rper \u2013 und einem Leben ohne Brille \u2013 sind auf Prinzipien aufgebaut, die der F\u00fchrung durch die eigene Seele unterliegen. Ein Nahtod-Erlebnis war Ansto\u00df f\u00fcr tiefe spirituelle Verbundenheit und jene Forschungsarbeit, aus der sich die Eyebody Methode entwickelte.<\/p>\n<p>In diesem zweiten Buch erweitert er die bekannten Eyebody Muster um gleich zwei weitere Dimensionen: die Vielfalt der emotionalen und der spirituellen Natur von uns Menschen. Er stellt dar, wie emotionale Muster visuelle Fehlfunktionen verursachen, z. B. Kurzsichtigkeit, Astigmatismus, Alterssichtigkeit, Schielen, Glaukom, Katarakt und Makuladegeneration.<\/p>\n<p>\u00dcber Generationen manifestierte Traumata, die sich oft dem direkten Zugriff entziehen, beeinflussen nicht nur Struktur und Funktion von Augen, Gehirn und K\u00f6rper. Vielmehr wirken sie auch auf unsere Umwelt und daher auf unsere Beziehungen im Leben. Dieses Buch erl\u00e4utert Techniken zur Aufl\u00f6sung von unbewusstem systemischem Verhalten. Es erkl\u00e4rt, auf welche Weise Widrigkeiten wie z. B. \u00fcber lange Zeit festgehaltene \u00c4ngste, Frustration, Traurigkeit oder Verwirrung auf sanfte Weise gel\u00f6st werden k\u00f6nnen \u2013 und wie die Beseelung durch Qualit\u00e4ten wie Gl\u00fccklichsein, Liebe und Gewissheit zur\u00fcckkehren kann. Zellerinnerungen und Strukturen in den Augen und im gesamten Sehsystem k\u00f6nnen so konstruktiv ver\u00e4ndert werden.<\/p>\n<p>Lesen Sie, wie Ihr Gehirn zu m\u00fchelosem mentalem Fokus gelangen kann und Ihr Sehen zu Klarheit \u2013 und wie Sie zu emotionaler Stabilit\u00e4t und authentischem Selbstausdruck finden k\u00f6nnen. Erfahren Sie, wie Faszien-Membranen die Augen formen, und wie es m\u00f6glich ist, von Brillen oder Kontaktlinsen loszukommen.<\/p>\n<p>Peter Grunwald lebt auf der Coromandel-Halbinsel in Neuseeland. In vielen L\u00e4ndern der Welt gibt er regelm\u00e4\u00dfig Kurse. Au\u00dferdem bildet er andere Menschen darin aus, die Eyebody Methode zu unterrichten. Seine \u00fcber vierzigj\u00e4hrige Lern- und Lehrt\u00e4tigkeit ist gepr\u00e4gt von Humor, Geduld und einem tiefen Verst\u00e4ndnis f\u00fcr Menschen jeden Alters. Seine B\u00fccher sind in mehreren Sprachen erschienen, im Deutschen auch als H\u00f6rb\u00fccher.<\/p>\n<hr \/>\n<h3>Die Eyebody Lochbrille<\/h3>\n<p>Entdecken Sie, wie Sie m\u00fcde Augen entspannen, sowie Lesen, Schreiben und Arbeit am Computer auf gesunde Weise genie\u00dfen k\u00f6nnen \u2013 ohne geschliffene Brillengl\u00e4ser. Ein exzellentes \u00dcbungsmittel!<\/p>\n<p><strong>Der Teufelskreis<\/strong><\/p>\n<p>Wenn Sie eine optische Brille tragen, tappen Sie in eine Falle: Sie benutzen in Ihren Augen weder die Muskulatur, die der Scharfeinstellung dient, noch die Gesamtheit der Sehzellen auf der Netzhaut. Die wichtigen \u201eZiliarmuskeln\u201c werden geschw\u00e4cht, was erneute Besuche beim Augenarzt erfordert, der Ihnen dann eine st\u00e4rkere Brille oder st\u00e4rkere Kontaktlinsen verschreiben wird.<\/p>\n<p>Steigen Sie jetzt aus dem Teufelskreis aus und trainieren Sie Ihr Sehsystem! Kosteng\u00fcnstig und rezeptfrei. Lochbrillen erfrischen die m\u00fcden Augenmuskeln und bewahren die Augen vor dem Starren \u2013 einer g\u00e4ngigen Ursache f\u00fcr ersch\u00f6pfte Augen.<\/p>\n<p><strong>Wie die Lochbrille funktioniert<\/strong><\/p>\n<p>Sobald eine \u201eLochbrille\u201c vor die Augen kommt, gelangt ein viel engerer Parallelstrahl Licht durch die L\u00f6cher ins Auge. Das eng geb\u00fcndelte Licht trifft auch auf die Sehgrube und verursacht so Nachrichten an das Gehirn, die in Klarsicht umgesetzt werden.<\/p>\n<p>Lochbrillen fokussieren so, dass Objekte unabh\u00e4ngig von der Form des Augapfels scharf abgebildet werden, w\u00e4hrend der Rest der schwarzen \u201eLinse\u201c die Fotorezeptoren der restlichen Netzhaut (St\u00e4bchen) stimuliert. So wird die gesamte Netzhaut angeregt und trainiert. Dieser Vorgang ist sehr entspannend und f\u00f6rderlich.<\/p>\n<hr \/>\n<h3>Online Audio Guide<\/h3>\n<p><a href=\"https:\/\/www.eyebody.com\/de\/audio-guide-die-eyebody-lochbrille\/\">Anweisungen und \u00dcbungen zur Eyebody Lochbrille, gesprochen von Peter Grunwald<\/a><\/p>\n<p>&nbsp;<\/p>\n","protected":false},"excerpt":{"rendered":"<p><strong>Spezial-Paket<\/strong><br \/>\n<strong>1x Buch: Eyebody<\/strong> \u2013 beseelt sehen, bewusst leben (Deutsch oder Englisch)<br \/>\n<strong>1x Eyebody Lochbrille<\/strong> (grauer oder roter Rahmen) inkl. Online Audio Guide<\/p>\n","protected":false},"author":5,"featured_media":64845,"template":"","meta":[],"product_brand":[],"product_cat":[151,240],"product_tag":[],"class_list":{"0":"post-54594","1":"product","2":"type-product","3":"status-publish","4":"has-post-thumbnail","6":"product_cat-eyebody-shop-de","7":"product_cat-pc_ph","9":"first","10":"instock","11":"shipping-taxable","12":"purchasable","13":"product-type-variable","14":"has-default-attributes"},"exclude_global_add_ons":[],"addons":[],"_links":{"self":[{"href":"https:\/\/www.eyebody.com\/de\/wp-json\/wp\/v2\/product\/54594","targetHints":{"allow":["GET"]}}],"collection":[{"href":"https:\/\/www.eyebody.com\/de\/wp-json\/wp\/v2\/product"}],"about":[{"href":"https:\/\/www.eyebody.com\/de\/wp-json\/wp\/v2\/types\/product"}],"author":[{"embeddable":true,"href":"https:\/\/www.eyebody.com\/de\/wp-json\/wp\/v2\/users\/5"}],"wp:featuredmedia":[{"embeddable":true,"href":"https:\/\/www.eyebody.com\/de\/wp-json\/wp\/v2\/media\/64845"}],"wp:attachment":[{"href":"https:\/\/www.eyebody.com\/de\/wp-json\/wp\/v2\/media?parent=54594"}],"wp:term":[{"taxonomy":"product_brand","embeddable":true,"href":"https:\/\/www.eyebody.com\/de\/wp-json\/wp\/v2\/product_brand?post=54594"},{"taxonomy":"product_cat","embeddable":true,"href":"https:\/\/www.eyebody.com\/de\/wp-json\/wp\/v2\/product_cat?post=54594"},{"taxonomy":"product_tag","embeddable":true,"href":"https:\/\/www.eyebody.com\/de\/wp-json\/wp\/v2\/product_tag?post=54594"}],"curies":[{"name":"wp","href":"https:\/\/api.w.org\/{rel}","templated":true}]}}