{"id":61128,"date":"2025-05-31T14:35:35","date_gmt":"2025-05-31T12:35:35","guid":{"rendered":"https:\/\/www.eyebody.com\/?post_type=product&#038;p=61128"},"modified":"2025-05-31T14:28:49","modified_gmt":"2025-05-31T12:28:49","slug":"bundle-eyebody-buch-1-buch-2-deutsch","status":"publish","type":"product","link":"https:\/\/www.eyebody.com\/de\/shop\/bundle-eyebody-buch-1-buch-2-deutsch\/","title":{"rendered":"Bundle: Eyebody Buch 1 + Buch 2 (Deutsch)"},"content":{"rendered":"<p>Peter Grunwald<br \/>\n<strong>Eyebody \u2013 Die Integration von Auge, Gehirn und K\u00f6rper (Deutsch)<\/strong><\/p>\n<p>Peter Grunwalds Erfolgsbuch \u201eEyebody\u201c liegt deutschsprachig nunmehr in 3. Auflage vor. Es beschreibt ausf\u00fchrlich, wie die Eyebody-Methode<sup><sup>\u00ae<\/sup><\/sup> mit den neu entdeckten Zusammenh\u00e4ngen zwischen Auge, K\u00f6rper und Gehirn arbeitet und zeigt die praktische Anwendung ihrer grundlegenden Prinzipien im Alltag.<\/p>\n<p>Wie viele Menschen litt Peter Grunwald unter starker Kurzsichtigkeit und Haltungsproblemen. 27 Jahre lang wurden seine Brillengl\u00e4ser immer st\u00e4rker, sein pers\u00f6nliches und soziales Wohlbefinden immer schlechter. Seine Ausbildung in der F. M. Alexander-Technik und die Auseinandersetzung mit der Methode \u201eNat\u00fcrlich besser sehen\u201c von Bates\/Goodrich brachten den Wendepunkt. Achtzehn Monate sp\u00e4ter legte Peter Grunwald seine Brille f\u00fcr immer ab. Es folgten eigene wegweisende Entdeckungen, von denen heute weltweit tausende Menschen profitieren. In \u00fcber 25.000 Einzelsitzungen und Gruppenstunden mit Menschen aller Altersstufen und unterschiedlichster Sehproblematik entstand die auf Prinzipien aufbauende ganzheitliche Eyebody-Methode<sup><sup>\u00ae<\/sup><\/sup>.<\/p>\n<p>Sie verhilft zu tiefgreifenden Ver\u00e4nderungen in der Koordination von K\u00f6rper, Gehirn und Auge. Dies f\u00fchrt zu einer Verbesserung des Sehverm\u00f6gens und der K\u00f6rperhaltung sowie zu emotionaler Balance und Effizienz des Gehirns. Das Buch er\u00f6ffnet einen v\u00f6llig neuen Blick auf das Funktionieren unseres Nervensystems. Es wendet sich an Menschen mit Sehproblemen (z.B. Kurz- und Weitsichtigkeit, Alterssichtigkeit, Gr\u00fcner und Grauer Star) und anderen g\u00e4ngigen Beschwerden (z.B. Migr\u00e4ne, stressbedingten St\u00f6rungen, Nacken- und R\u00fcckenschmerzen). Menschen mit medizinischem Hintergrund finden in diesem Buch einen \u00fcberraschend neuen Ansatz im Umgang mit Sehst\u00f6rungen.<\/p>\n<p>Mit Einf\u00fchlungsverm\u00f6gen, Tiefgang und Humor vermittelt Peter Grunwald seine Methode in Seminaren und Einzelsitzungen und unterst\u00fctzt damit Menschen auf ihrem ganz pers\u00f6nlichen Entwicklungsweg. Er lebt in Neuseeland und unterrichtet regelm\u00e4\u00dfig im deutschsprachigen Raum.<\/p>\n<hr \/>\n<p>Peter Grunwald<br \/>\n<strong>Beseelt sehen \u2013 bewusst leben<\/strong><br \/>\n<strong>Die Kunst, die eigene Seele zu verwirklichen (Deutsch)<\/strong><\/p>\n<p>Mit mehr als 35 farbigen Fotografien und Illustrationen und einer Ausklapp-Karte der energetischen Eyebody-Muster.<\/p>\n<p>Peter Grunwalds wegweisende Entdeckungen zur Integration von Gehirn, Augen und K\u00f6rper \u2013 und einem Leben ohne Brille \u2013 sind auf Prinzipien aufgebaut, die der F\u00fchrung durch die eigene Seele unterliegen. Ein Nahtod-Erlebnis war Ansto\u00df f\u00fcr tiefe spirituelle Verbundenheit und jene Forschungsarbeit, aus der sich die Eyebody Methode entwickelte.<\/p>\n<p>In diesem zweiten Buch erweitert er die bekannten Eyebody Muster um gleich zwei weitere Dimensionen: die Vielfalt der emotionalen und der spirituellen Natur von uns Menschen. Er stellt dar, wie emotionale Muster visuelle Fehlfunktionen verursachen, z. B. Kurzsichtigkeit, Astigmatismus, Alterssichtigkeit, Schielen, Glaukom, Katarakt und Makuladegeneration.<\/p>\n<p>\u00dcber Generationen manifestierte Traumata, die sich oft dem direkten Zugriff entziehen, beeinflussen nicht nur Struktur und Funktion von Augen, Gehirn und K\u00f6rper. Vielmehr wirken sie auch auf unsere Umwelt und daher auf unsere Beziehungen im Leben. Dieses Buch erl\u00e4utert Techniken zur Aufl\u00f6sung von unbewusstem systemischem Verhalten. Es erkl\u00e4rt, auf welche Weise Widrigkeiten wie z. B. \u00fcber lange Zeit festgehaltene \u00c4ngste, Frustration, Traurigkeit oder Verwirrung auf sanfte Weise gel\u00f6st werden k\u00f6nnen \u2013 und wie die Beseelung durch Qualit\u00e4ten wie Gl\u00fccklichsein, Liebe und Gewissheit zur\u00fcckkehren kann. Zellerinnerungen und Strukturen in den Augen und im gesamten Sehsystem k\u00f6nnen so konstruktiv ver\u00e4ndert werden.<\/p>\n<p>Lesen Sie, wie Ihr Gehirn zu m\u00fchelosem mentalem Fokus gelangen kann und Ihr Sehen zu Klarheit \u2013 und wie Sie zu emotionaler Stabilit\u00e4t und authentischem Selbstausdruck finden k\u00f6nnen. Erfahren Sie, wie Faszien-Membranen die Augen formen, und wie es m\u00f6glich ist, von Brillen oder Kontaktlinsen loszukommen.<\/p>\n<p>Peter Grunwald lebt auf der Coromandel-Halbinsel in Neuseeland. In vielen L\u00e4ndern der Welt gibt er regelm\u00e4\u00dfig Kurse. Au\u00dferdem bildet er andere Menschen darin aus, die Eyebody Methode zu unterrichten. Seine \u00fcber vierzigj\u00e4hrige Lern- und Lehrt\u00e4tigkeit ist gepr\u00e4gt von Humor, Geduld und einem tiefen Verst\u00e4ndnis f\u00fcr Menschen jeden Alters. Seine B\u00fccher sind in mehreren Sprachen erschienen, im Deutschen auch als H\u00f6rb\u00fccher.<\/p>\n<p>&nbsp;<\/p>\n","protected":false},"excerpt":{"rendered":"<p>Dieses Produkt-Paket enth\u00e4lt:<\/p>\n<p><strong>1. Peter Grunwald: Eyebody \u2013 Die Integration von Auge, Gehirn und K\u00f6rper (Deutsche Ausgabe)<\/strong><\/p>\n<ul>\n<li>Paperback, 224 Seiten<\/li>\n<li>3. Auflage 2016, ISBN: 9780958280907<\/li>\n<\/ul>\n<p><strong>2. Peter Grunwald: Beseelt sehen \u2013 bewusst leben. Die Kunst, die eigene Seele zu verwirklichen (Deutsche Ausgabe)<\/strong><\/p>\n<ul>\n<li>Mit mehr als 35 farbigen Fotografien und Illustrationen und einer Ausklapp-Karte der energetischen Eyebody-Muster.<\/li>\n<li>Paperback, 256 Seiten<\/li>\n<li>2. Auflage 2024, ISBN: 978-0-473-64790-2<\/li>\n<\/ul>\n","protected":false},"author":5,"featured_media":64780,"template":"","meta":[],"product_brand":[],"product_cat":[151,240],"product_tag":[],"class_list":{"0":"post-61128","1":"product","2":"type-product","3":"status-publish","4":"has-post-thumbnail","6":"product_cat-eyebody-shop-de","7":"product_cat-pc_ph","8":"product_shipping_class-small-package-de","10":"first","11":"instock","12":"shipping-taxable","13":"purchasable","14":"product-type-simple"},"exclude_global_add_ons":[],"addons":[],"_links":{"self":[{"href":"https:\/\/www.eyebody.com\/de\/wp-json\/wp\/v2\/product\/61128","targetHints":{"allow":["GET"]}}],"collection":[{"href":"https:\/\/www.eyebody.com\/de\/wp-json\/wp\/v2\/product"}],"about":[{"href":"https:\/\/www.eyebody.com\/de\/wp-json\/wp\/v2\/types\/product"}],"author":[{"embeddable":true,"href":"https:\/\/www.eyebody.com\/de\/wp-json\/wp\/v2\/users\/5"}],"wp:featuredmedia":[{"embeddable":true,"href":"https:\/\/www.eyebody.com\/de\/wp-json\/wp\/v2\/media\/64780"}],"wp:attachment":[{"href":"https:\/\/www.eyebody.com\/de\/wp-json\/wp\/v2\/media?parent=61128"}],"wp:term":[{"taxonomy":"product_brand","embeddable":true,"href":"https:\/\/www.eyebody.com\/de\/wp-json\/wp\/v2\/product_brand?post=61128"},{"taxonomy":"product_cat","embeddable":true,"href":"https:\/\/www.eyebody.com\/de\/wp-json\/wp\/v2\/product_cat?post=61128"},{"taxonomy":"product_tag","embeddable":true,"href":"https:\/\/www.eyebody.com\/de\/wp-json\/wp\/v2\/product_tag?post=61128"}],"curies":[{"name":"wp","href":"https:\/\/api.w.org\/{rel}","templated":true}]}}