{"id":61996,"date":"2025-09-14T12:38:35","date_gmt":"2025-09-14T10:38:35","guid":{"rendered":"https:\/\/www.eyebody.com\/?post_type=product&#038;p=61996"},"modified":"2025-09-14T12:39:23","modified_gmt":"2025-09-14T10:39:23","slug":"vierteiliger-online-kurs-live-mit-peter-grunwald-h2025","status":"publish","type":"product","link":"https:\/\/www.eyebody.com\/de\/shop\/vierteiliger-online-kurs-live-mit-peter-grunwald-h2025\/","title":{"rendered":"Vierteiliger Online-Kurs \u2013 Live mit Peter Grunwald"},"content":{"rendered":"<p><strong>Vierteiliger Online-Kurs \u2013 Live mit Peter Grunwald im November\/Dezember 2024<\/strong><\/p>\n<p><strong>125,- \u20ac f\u00fcr 4 Sessions \u00e0 75\u201390 min.<\/strong><br \/>\n<strong>Kurssprache Deutsch<\/strong><br \/>\n<strong>Anmeldeschluss 16. November 2024<\/strong><\/p>\n<p>Peter Grunwald wird einen Link zu einem Zoom-Meeting zur Verf\u00fcgung stellen, den du jeweils kurz vor Beginn der Session \u00f6ffnest. Alle Einheiten werden au\u00dferdem aufgenommen und der Zugangslink per E-Mail an alle Teilnehmenden versendet.<\/p>\n<h3>Termine f\u00fcr die verschiedenen Gehirntypen<\/h3>\n<p><strong>Mischtypen: <\/strong><br \/>\njeweils Sonntag Abend \u2013 17. und 24. November, 1. und 8. Dezember 2024<\/p>\n<p><strong>Kontrahierte:<\/strong><br \/>\njeweils Montag Abend \u2013 18. und 25. November, 2. und 9. Dezember 2024<\/p>\n<p><strong>\u00dcberweite:<br \/>\n<\/strong>jeweils Dienstag Abend (au\u00dfer einem Abend) \u2013 19. und 26. November, <strong>Samstag<\/strong> 30. November und 10. Dezember 2024<\/p>\n<p><strong>Kursbeginn jeweils 19 Uhr (MEZ)<\/strong><\/p>\n<p>&nbsp;<\/p>\n","protected":false},"excerpt":{"rendered":"<ul>\n<li>exklusiv f\u00fcr deinen Gehirntyp<\/li>\n<li>mit Eyebody-Meditationen<\/li>\n<li>Raum f\u00fcr Fragen &amp; Antworten<\/li>\n<li>f\u00fcr Teilnehmende der Mehrtageskurse<\/li>\n<\/ul>\n<p>Beim \u00dcben und Praktizieren der Eyebody-Prinzipien kommen oft Fragen auf. In diesem Herbst bietet Peter wieder einen Online-Kurs an, der speziell auf deinen pers\u00f6nlichen Gehirntyp ausgerichtet ist. Er besteht aus vier Einheiten sowie einer sp\u00e4teren Bonus-Session \u2013 je nach Gehirntyp entweder am Sonntag-, Montag- oder Dienstag-Abend. Damit kann Peter besser auf dich, deine Symptome und Anliegen eingehen. Meditationen und die Beantwortung von Fragen orientieren sich also an deinem Koordinationstyp der oberen Sehrinde.<\/p>\n<h3>Termine f\u00fcr die verschiedenen Gehirntypen<\/h3>\n<p><strong>Mischtypen: <\/strong><br \/>\njeweils Sonntag Abend \u2013 17. und 24. November, 1. und 8. Dezember 2024<\/p>\n<p><strong>Kontrahierte:<\/strong><br \/>\njeweils Montag Abend \u2013 18. und 25. November, 2. und 9. Dezember 2024<\/p>\n<p><strong>\u00dcberweite:<br \/>\n<\/strong>jeweils Dienstag Abend (au\u00dfer einem Abend) \u2013 19. und 26. November, <strong>Samstag<\/strong> 30. November und 10. Dezember 2024<\/p>\n<p><strong>Kursbeginn jeweils 19 Uhr (MEZ)<\/strong><\/p>\n<p>&nbsp;<\/p>\n","protected":false},"author":5,"featured_media":0,"template":"","meta":[],"product_brand":[],"product_cat":[171,238],"product_tag":[252],"class_list":{"0":"post-61996","1":"product","2":"type-product","3":"status-publish","5":"product_cat-allgemein","6":"product_cat-pc_on","7":"product_tag-gehirntypen","9":"first","10":"outofstock","11":"virtual","12":"purchasable","13":"product-type-simple"},"exclude_global_add_ons":[],"addons":[],"_links":{"self":[{"href":"https:\/\/www.eyebody.com\/de\/wp-json\/wp\/v2\/product\/61996","targetHints":{"allow":["GET"]}}],"collection":[{"href":"https:\/\/www.eyebody.com\/de\/wp-json\/wp\/v2\/product"}],"about":[{"href":"https:\/\/www.eyebody.com\/de\/wp-json\/wp\/v2\/types\/product"}],"author":[{"embeddable":true,"href":"https:\/\/www.eyebody.com\/de\/wp-json\/wp\/v2\/users\/5"}],"wp:attachment":[{"href":"https:\/\/www.eyebody.com\/de\/wp-json\/wp\/v2\/media?parent=61996"}],"wp:term":[{"taxonomy":"product_brand","embeddable":true,"href":"https:\/\/www.eyebody.com\/de\/wp-json\/wp\/v2\/product_brand?post=61996"},{"taxonomy":"product_cat","embeddable":true,"href":"https:\/\/www.eyebody.com\/de\/wp-json\/wp\/v2\/product_cat?post=61996"},{"taxonomy":"product_tag","embeddable":true,"href":"https:\/\/www.eyebody.com\/de\/wp-json\/wp\/v2\/product_tag?post=61996"}],"curies":[{"name":"wp","href":"https:\/\/api.w.org\/{rel}","templated":true}]}}