{"id":62543,"date":"2025-10-15T16:38:47","date_gmt":"2025-10-15T14:38:47","guid":{"rendered":"https:\/\/www.eyebody.com\/?post_type=product&#038;p=62543"},"modified":"2026-04-19T14:47:44","modified_gmt":"2026-04-19T12:47:44","slug":"das-natuerliche-sehen-eyebody-online-einfuehrungskurs-4-module","status":"publish","type":"product","link":"https:\/\/www.eyebody.com\/de\/shop\/das-natuerliche-sehen-eyebody-online-einfuehrungskurs-4-module\/","title":{"rendered":"Das nat\u00fcrliche Sehen \u2013 Eyebody Online Einf\u00fchrungskurs (4 Module)"},"content":{"rendered":"<h2>\u00dcber diesen Online-Kurs<\/h2>\n<p><strong>In diesem Kurs lernen Sie, in welcher Weise es nicht die Augen sind, mit denen Sie sehen, sondern das Gehirn.<\/strong> Aufbauend auf mehr als 30 Jahren Erfahrung wird Peter Grunwald Sie Schritt f\u00fcr Schritt begleiten und in die Welt der nat\u00fcrlichen Verbesserung des Sehens einf\u00fchren.\u00a0Er zeigt auf, wie flexibel das Funktionieren des Gehirns ist \u2013 und in der Folge davon auch Sehen und Vorstellungsverm\u00f6gen ver\u00e4nderlich sind.<\/p>\n<p><strong>Die Eyebody Methode koordiniert physische, mentale, emotionale und energetische Aspekte des menschlichen Sehens.<\/strong> Brillen und Operationen zielen auf eine Ver\u00e4nderung der Symptome ab, adressieren jedoch nicht die Ursache der visuellen Dysfunktion. Die Methode ist auch f\u00fcr Menschen n\u00fctzlich, die aktuell keine Augen-Symptome haben, u. a. als Prophylaxe und zur Ver\u00e4nderung von anderweitigen k\u00f6rperlichen Beschwerden, z. B. des Bewegungsapparats oder des H\u00f6rens.<\/p>\n<p>Dieser Online Einf\u00fchrungskurs ist <strong>aus vier Modulen<\/strong> aufgebaut. Die Struktur orientiert sich am \u00fcber lange Jahre und in vielen L\u00e4ndern erprobten Design der eint\u00e4gigen Live-Einf\u00fchrungskurse von Peter.<\/p>\n<p>Die <strong>Module 1 und 3<\/strong> bestehen aus <strong>Online-Videos<\/strong>, welche die Grundlagen der Eyebody-Methode genau erkl\u00e4ren und praktische \u00dcbungen enthalten. Sie erhalten \u00fcber Ihr pers\u00f6nliches Kundenkonto Zugang zu den Inhalten. Das Lerntempo k\u00f6nnen Sie selbst bestimmen \u2013 die Laufzeit der Videos betr\u00e4gt pro Modul ca. 2,5 Stunden. Sie k\u00f6nnen die <strong>Kurs-Sprache<\/strong> jederzeit zwischen Englisch und Deutsch wechseln.<\/p>\n<p>Das mittlere <strong>Modul 2<\/strong> besteht aus einem <strong>Live-Online-Kontakt mit einem erfahrenen Eyebody Consultant oder Eyebody Lehrer<\/strong>. Die Module unterst\u00fctzen Sie dabei, die Gewohnheit des Brille- oder Kontaktlinsen-Tragens loszulassen. Es f\u00f6rdert die F\u00e4higkeit Ihres Gehirns zu sehen und zu verstehen, was Sie sehen.<\/p>\n<p><strong>Modul 4:<\/strong> Nach Abschluss von Modul 3 erhalten Sie <strong>eine 2. pers\u00f6nliche Online-Sitzung<\/strong> (ca. 45 Min.) zur Vertiefung mit einem Eyebody-Consultant oder Eyebody-Lehrer. Dabei gehen wir besonders auf Ihre n\u00e4chsten Schritte und die Anwendung der \u00dcbungen im Alltag ein.<\/p>\n<p><strong>In den vier Modulen werden Sie lernen, wie Sie mit dem Weglassen von Sehhilfen beginnen und einen Zugewinn erfahren k\u00f6nnen an<\/strong><\/p>\n<ul>\n<li>Visueller und mentaler Klarheit<\/li>\n<li>Leichtigkeit beim Lesen und am Computer<\/li>\n<li>Verbesserter Koordination, K\u00f6rperausrichtung und Wohlbefinden<\/li>\n<li>Aufmerksamkeit und Pr\u00e4senz, die f\u00fcr m\u00fcheloses Klarsehen erforderlich ist<\/li>\n<\/ul>\n<p><strong>Peter Grunwald geht darauf ein, wie die Eyebody Methode hilfreich sein kann bei<\/strong><\/p>\n<ul>\n<li>Kurzsichtigkeit (Myopie)<\/li>\n<li>Alterssichtigkeit (Presbyopie)<\/li>\n<li>Weitsichtigkeit (Hypermetropie)<\/li>\n<li>Hornhautverkr\u00fcmmung (Astigmatismus)<\/li>\n<li>Grauem Star (Katarakt)<\/li>\n<li>Gr\u00fcnem Star (Glaukom)<\/li>\n<li>Fliegenden M\u00fccken<\/li>\n<li>Schielen<\/li>\n<li>Lichtempfindlichkeit<\/li>\n<li>Makula-Degeneration<\/li>\n<\/ul>\n<p><strong>Der positive Effekt auf das gesamte k\u00f6rperliche Wohlbefinden schlie\u00dft z. B. ein:<\/strong><\/p>\n<ul>\n<li>Haltung \u2013 das Zusammenspiel zwischen Kopf, Hals und Wirbels\u00e4ule<\/li>\n<li>K\u00f6rperbewegung<\/li>\n<li>Atmung<\/li>\n<li>Linderung von Nacken- und R\u00fcckenbeschwerden<\/li>\n<li>Mentales und emotionales Wohlbefinden<\/li>\n<li>Aufl\u00f6sung allgemeiner M\u00fcdigkeit und Ersch\u00f6pfung<\/li>\n<\/ul>\n<p>&nbsp;<\/p>\n<h2>Inhalte der einzelnen Module<\/h2>\n<h3>Modul 1<\/h3>\n<p>Im ersten Modul erfahren Sie, wie die <strong>Grundlagen der Eyebody Methode<\/strong> entdeckt wurden und was diese mit Ihnen zu tun haben. Sie werden vertrauter mit einer ganzheitlichen Herangehensweise an das Sehen. Die Ursachen hinter Ph\u00e4nomenen wie Kurz- oder Weitsichtigkeit bzw. anderen Symptomen werden f\u00fcr Sie sichtbar gemacht. Sie werden eingef\u00fchrt in die Unterscheidung des mentalen Fokus. Zum praktischen \u00dcben erhalten Sie konkrete \u00dcbungen und Praktiken.<\/p>\n<ul>\n<li>\u00dcberblick \u00fcber die Module: physische, mentale, emotionale und energetische Aspekte des Sehens<\/li>\n<li>Peters Geschichte und Einsichten \u00fcber die nat\u00fcrliche Verbesserung des Sehens<\/li>\n<li>Entdecken, wie ganzheitliches Sehen funktioniert<\/li>\n<li>Muster, die Seele, Gehirn, Augen und K\u00f6rper verbinden<\/li>\n<li>Die Unterscheidung von Unterfokus, \u00dcberfokus und Pr\u00e4senz<\/li>\n<li>Demonstration als Hinf\u00fchrung zu Modul 2<\/li>\n<li>Empfohlene \u00dcbungen zwischen Modul 1 und 3, darunter Nachtsehen und die Verwendung der Eyebody Lochbrille<\/li>\n<\/ul>\n<h3>Modul 2<\/h3>\n<p>Das zweite Modul besteht aus einem <strong>individuellen Kontakt mit einem Eyebody Consultant oder Eyebody Lehrer<\/strong>: Raum f\u00fcr Ihre pers\u00f6nliche Geschichte und Situation mit dem Sehen sowie einer praktischen Auseinandersetzung mit den Ph\u00e4nomenen \u00dcberfokus, Unterfokus und Pr\u00e4senz. Zusammen mit einer \u00dcbung, die Sie am Ende von Modul 2 erhalten werden, ist dies die Grundlage f\u00fcr tiefergehende Inhalte im dritten Modul.<\/p>\n<ul>\n<li><strong>45 Minuten pers\u00f6nliche Online-Session<\/strong> (via Zoom)<\/li>\n<li>Kompaktes Mitteilen der eigenen Seh-Symptome<\/li>\n<li>Neue Einsichten in die Natur von \u00dcber- und Unterfokus<\/li>\n<li>Beziehung zwischen den eigenen Symptomen und Fokus bzw. Pr\u00e4senz<\/li>\n<li>Verk\u00f6rperung von Pr\u00e4senz als Erfahrung<\/li>\n<li>\u00dcbungsempfehlung bis zum Modul 3<\/li>\n<\/ul>\n<h3>Modul 3<\/h3>\n<p><strong>Das dritte Kurs-Modul baut auf den bisherigen Erfahrungen und Einsichten auf.<\/strong> Peter Grunwald erl\u00e4utert tiefergehende Erkenntnisse \u00fcber physische, emotionale und mentale Aspekte verschiedener Symptome des Sehens. Er stellt \u00dcbungen und Praktiken f\u00fcr die Integration in den Alltag vor. Damit k\u00f6nnen Sie Ihre Motivation f\u00fcr Ver\u00e4nderung in Aktivit\u00e4ten wie Lesen, Computern, Spazierengehen oder anderen T\u00e4tigkeiten integrieren, was auch immer die Herausforderung in Ihrem Sehen darstellt.<\/p>\n<p>Mithilfe der Gesamtheit der drei Module begeben Sie sich auf den Weg, Ihr Sehen neu zu trainieren. Dadurch k\u00f6nnen \u00fcber Jahre angesammelte Anspannung und Gewohnheiten aufgel\u00f6st werden.<\/p>\n<ul>\n<li>R\u00fcckblick auf Modul 1 und 2<\/li>\n<li>Meditationspraxis zur Integration von Gehirn, Augen und K\u00f6rperbewegung sowie Sinneseindr\u00fccken<\/li>\n<li>Auswirkung des Fokus auf Kopf, Hals und Atem<\/li>\n<li>Bedeutung der Pr\u00e4senz f\u00fcr die Synapsen im Gehirn, die Leichtigkeit der Fl\u00fcssigkeitsbewegung, der Strukturen, Augenkoordination, K\u00f6rperkoordination und Auswirkungen auf Aspekte des Lebens<\/li>\n<li>Zusammenarbeit der beiden Augen und der Makulae<\/li>\n<li>Ans\u00e4tze zur Aufl\u00f6sung verbreiteter Dysfunktionen<\/li>\n<li>Zellerinnerungen, die tief im Sehsystem gespeichert sind<\/li>\n<li>Visualisierungs\u00fcbung f\u00fcr das Lesen<\/li>\n<li>Nachtsehen und das Funktionieren der Netzhaut<\/li>\n<li>Die Benutzung der Eyebody Lochbrille<\/li>\n<li>Praktiken zum Loslassen von Brillen und Kontaktlinsen<\/li>\n<li>Zusammenfassung und Ausblick<\/li>\n<\/ul>\n<h3>Modul 4<\/h3>\n<p>Nach Abschluss von Modul 3 erhalten Sie <strong>eine 2. pers\u00f6nliche Online-Sitzung<\/strong> (ca. 45 Min.) zur Vertiefung mit einem Eyebody-Consultant oder Eyebody-Lehrer. Dabei gehen wir besonders auf Ihre n\u00e4chsten Schritte und die Anwendung der \u00dcbungen im Alltag ein.<\/p>\n<hr \/>\n<p>&nbsp;<\/p>\n<p><img loading=\"lazy\" decoding=\"async\" class=\"alignleft size-medium wp-image-43386\" src=\"https:\/\/www.eyebody.com\/wp-content\/uploads\/2020\/12\/Eyebody_Book_Glasses_DE_GREY_DSC_8619-300x300.jpg\" alt=\"\" width=\"300\" height=\"300\" srcset=\"https:\/\/www.eyebody.com\/wp-content\/uploads\/2020\/12\/Eyebody_Book_Glasses_DE_GREY_DSC_8619-300x300.jpg 300w, https:\/\/www.eyebody.com\/wp-content\/uploads\/2020\/12\/Eyebody_Book_Glasses_DE_GREY_DSC_8619-324x324.jpg 324w, https:\/\/www.eyebody.com\/wp-content\/uploads\/2020\/12\/Eyebody_Book_Glasses_DE_GREY_DSC_8619-100x100.jpg 100w, https:\/\/www.eyebody.com\/wp-content\/uploads\/2020\/12\/Eyebody_Book_Glasses_DE_GREY_DSC_8619-416x416.jpg 416w, https:\/\/www.eyebody.com\/wp-content\/uploads\/2020\/12\/Eyebody_Book_Glasses_DE_GREY_DSC_8619.jpg 1024w, https:\/\/www.eyebody.com\/wp-content\/uploads\/2020\/12\/Eyebody_Book_Glasses_DE_GREY_DSC_8619-150x150.jpg 150w, https:\/\/www.eyebody.com\/wp-content\/uploads\/2020\/12\/Eyebody_Book_Glasses_DE_GREY_DSC_8619-768x768.jpg 768w\" sizes=\"auto, (max-width: 300px) 100vw, 300px\" \/>Erg\u00e4nzend zum Online-Einf\u00fchrungskurs empfehlen wir die Lekt\u00fcre von Peter Grunwalds erstem <a href=\"https:\/\/www.eyebody.com\/de\/shop\/eyebody-die-integration-von-auge-gehirn-und-korper-deutsche-ausgabe\/\" target=\"_blank\" rel=\"noopener noreferrer\">Buch \u201eEyebody \u2013 Die Integration von Auge, Gehirn und K\u00f6rper\u201c<\/a>. Es kann als Begleiter des Kurses zum Einsatz kommen oder im Anschluss daran der Vertiefung der Inhalte dienen.<br \/>\nDie <a href=\"https:\/\/www.eyebody.com\/de\/shop\/die-eyebody-lochbrille-rahmen-rot\/\" target=\"_blank\" rel=\"noopener noreferrer\">Eyebody Lochbrille<\/a> ist ein sehr n\u00fctzliches Werkzeug f\u00fcr die Verbesserung des Sehens. H\u00e4ufig bringt sie mehr Leichtigkeit und Ruhe ins Lesen, auch am Computer. Darauf wird Peter w\u00e4hrend des Online-Kurses eingehen.<\/p>\n<p>Buch und Lochbrille k\u00f6nnen im Eyebody Online Shop einzeln oder als Paket erworben werden. Das Buch liegt au\u00dferdem als H\u00f6rbuch vor: gelesen vom Autor selbst sowie von Christiane F\u00e4nder, einer professionellen Sprecherin mit viel Erfahrung in Produktionen f\u00fcr Blinde und Menschen mit eingeschr\u00e4nktem Sehen.<\/p>\n","protected":false},"excerpt":{"rendered":"<p>Dieser Eyebody Online-Einf\u00fchrungskurs ist auf 4 Module aufgebaut und wird von Peter Grunwald geleitet, moderiert durch Ursula G\u00e9rard. Mithilfe der Gesamtheit der vier Module begeben Sie sich auf den Weg, Ihr Sehen neu zu trainieren. Dadurch k\u00f6nnen \u00fcber Jahre angesammelte Anspannung und Gewohnheiten aufgel\u00f6st werden.<\/p>\n<ul>\n<li>Online-Kurs mit 4 Modulen<\/li>\n<li>Modul 1: Online-Videokurs<\/li>\n<li>Modul 2: pers\u00f6nliche Online-Sitzung (45 Minuten) mit einem Eyebody-Consultant oder Eyebody-Lehrer<\/li>\n<li>Modul 3: Online-Videokurs<\/li>\n<li>Modul 4: zweite pers\u00f6nliche Online-Sitzung (45 Minuten) mit einem Eyebody-Consultant oder Eyebody-Lehrer<\/li>\n<\/ul>\n","protected":false},"author":5,"featured_media":43360,"template":"","meta":[],"product_brand":[],"product_cat":[154,238],"product_tag":[],"class_list":{"0":"post-62543","1":"product","2":"type-product","3":"status-publish","4":"has-post-thumbnail","6":"product_cat-abonnements","7":"product_cat-pc_on","9":"first","10":"instock","11":"virtual","12":"sold-individually","13":"purchasable","14":"product-type-simple"},"exclude_global_add_ons":[],"addons":[],"_links":{"self":[{"href":"https:\/\/www.eyebody.com\/de\/wp-json\/wp\/v2\/product\/62543","targetHints":{"allow":["GET"]}}],"collection":[{"href":"https:\/\/www.eyebody.com\/de\/wp-json\/wp\/v2\/product"}],"about":[{"href":"https:\/\/www.eyebody.com\/de\/wp-json\/wp\/v2\/types\/product"}],"author":[{"embeddable":true,"href":"https:\/\/www.eyebody.com\/de\/wp-json\/wp\/v2\/users\/5"}],"wp:featuredmedia":[{"embeddable":true,"href":"https:\/\/www.eyebody.com\/de\/wp-json\/wp\/v2\/media\/43360"}],"wp:attachment":[{"href":"https:\/\/www.eyebody.com\/de\/wp-json\/wp\/v2\/media?parent=62543"}],"wp:term":[{"taxonomy":"product_brand","embeddable":true,"href":"https:\/\/www.eyebody.com\/de\/wp-json\/wp\/v2\/product_brand?post=62543"},{"taxonomy":"product_cat","embeddable":true,"href":"https:\/\/www.eyebody.com\/de\/wp-json\/wp\/v2\/product_cat?post=62543"},{"taxonomy":"product_tag","embeddable":true,"href":"https:\/\/www.eyebody.com\/de\/wp-json\/wp\/v2\/product_tag?post=62543"}],"curies":[{"name":"wp","href":"https:\/\/api.w.org\/{rel}","templated":true}]}}