{"id":63434,"date":"2025-12-13T13:48:20","date_gmt":"2025-12-13T12:48:20","guid":{"rendered":"https:\/\/www.eyebody.com\/?post_type=product&#038;p=63434"},"modified":"2026-03-28T10:08:10","modified_gmt":"2026-03-28T09:08:10","slug":"eyebody-einfuehrungskurs-berlin-12-april-2026","status":"publish","type":"product","link":"https:\/\/www.eyebody.com\/de\/shop\/eyebody-einfuehrungskurs-berlin-12-april-2026\/","title":{"rendered":"Eyebody Einf\u00fchrungskurs &#8211; Berlin, 12. April 2026"},"content":{"rendered":"","protected":false},"excerpt":{"rendered":"<h3>Seminar-Anmeldung:<\/h3>\n<p><strong>Eint\u00e4giger Einf\u00fchrungskurs mit Peter Grunwald<\/strong><br \/>\nSonntag, 12. April 2026, 10.30 bis ca. 16.30 Uhr<\/p>\n<p><strong>Veranstaltungsort:<br \/>\n<\/strong>EDEN Studio 150.1, Breite Stra\u00dfe 43, 13187 Berlin (Pankow)<\/p>\n<p><strong>Kurs-Sprache:<\/strong> Deutsch<\/p>\n<p><strong>Teilnahmebedingungen:<br \/>\n<\/strong>Sie reservieren Ihren Platz mit Zahlung der Kursgeb\u00fchr. Sie k\u00f6nnen per PayPal oder Kreditkarte bezahlen oder die Kursgeb\u00fchr an die am Ende des Bestellprozesses angezeigte Bankverbindung \u00fcberweisen. Bei gew\u00e4hlter Zahlungsweise \u201c\u00dcberweisung\/Vorkasse\u201d erwarten wir Ihre Zahlung innerhalb von 7 Tagen nach Buchung. Andernfalls behalten wir uns vor, den Seminarplatz wieder freizugeben, damit dieser Platz f\u00fcr andere Interessenten zur Verf\u00fcgung steht.<br \/>\nBei R\u00fccktritt bis 14\u00a0Tage vor der Veranstaltung wird die Kursgeb\u00fchr abz\u00fcglich einer Bearbeitungsgeb\u00fchr von \u20ac 29,- erstattet. Sp\u00e4ter ist eine Erstattung nur m\u00f6glich, wenn ein Ersatzteilnehmer gefunden werden kann.<\/p>\n<p><strong>Datenschutz:<br \/>\n<\/strong>Die w\u00e4hrend des Bestellprozesses anzugebenden pers\u00f6nlichen Daten verwenden wir ausschlie\u00dflich f\u00fcr die Organisation dieser Veranstaltung, z.B. f\u00fcr den Versand von zus\u00e4tzlichen Informationen per E-Mail.<\/p>\n<hr \/>\n<p>&nbsp;<\/p>\n","protected":false},"author":5,"featured_media":9373,"template":"","meta":[],"product_brand":[],"product_cat":[152,242],"product_tag":[],"class_list":{"0":"post-63434","1":"product","2":"type-product","3":"status-publish","4":"has-post-thumbnail","6":"product_cat-eyebody-tageskurse","7":"product_cat-pc_ws","9":"first","10":"instock","11":"virtual","12":"purchasable","13":"product-type-simple"},"exclude_global_add_ons":[],"addons":[],"_links":{"self":[{"href":"https:\/\/www.eyebody.com\/de\/wp-json\/wp\/v2\/product\/63434","targetHints":{"allow":["GET"]}}],"collection":[{"href":"https:\/\/www.eyebody.com\/de\/wp-json\/wp\/v2\/product"}],"about":[{"href":"https:\/\/www.eyebody.com\/de\/wp-json\/wp\/v2\/types\/product"}],"author":[{"embeddable":true,"href":"https:\/\/www.eyebody.com\/de\/wp-json\/wp\/v2\/users\/5"}],"wp:featuredmedia":[{"embeddable":true,"href":"https:\/\/www.eyebody.com\/de\/wp-json\/wp\/v2\/media\/9373"}],"wp:attachment":[{"href":"https:\/\/www.eyebody.com\/de\/wp-json\/wp\/v2\/media?parent=63434"}],"wp:term":[{"taxonomy":"product_brand","embeddable":true,"href":"https:\/\/www.eyebody.com\/de\/wp-json\/wp\/v2\/product_brand?post=63434"},{"taxonomy":"product_cat","embeddable":true,"href":"https:\/\/www.eyebody.com\/de\/wp-json\/wp\/v2\/product_cat?post=63434"},{"taxonomy":"product_tag","embeddable":true,"href":"https:\/\/www.eyebody.com\/de\/wp-json\/wp\/v2\/product_tag?post=63434"}],"curies":[{"name":"wp","href":"https:\/\/api.w.org\/{rel}","templated":true}]}}