{"id":63864,"date":"2026-01-09T17:39:47","date_gmt":"2026-01-09T16:39:47","guid":{"rendered":"https:\/\/www.eyebody.com\/?post_type=product&#038;p=63864"},"modified":"2026-04-15T15:18:41","modified_gmt":"2026-04-15T13:18:41","slug":"basis-intensivkurs-st-oswald-20-26-august-2026","status":"publish","type":"product","link":"https:\/\/www.eyebody.com\/de\/shop\/basis-intensivkurs-st-oswald-20-26-august-2026\/","title":{"rendered":"Basis-Intensivkurs \u2013 St. Oswald, 20. &#8211; 26. August 2026"},"content":{"rendered":"","protected":false},"excerpt":{"rendered":"<p><strong>Sechst\u00e4giger Basis-Intensivkurs mit Peter Grunwald<br \/>\n<\/strong><strong>20. &#8211; 26. August 2026<\/strong><br \/>\nSprache: Deutsch<\/p>\n<p><strong>Seminar-Organisation: <\/strong><br \/>\nAnne Olschewski<br \/>\nTelefon: +49 (0)172 431 86 16<br \/>\nE-Mail: office@eyebody.de<\/p>\n<p><strong>Beginn und Ende des Kurses:<\/strong><br \/>\nKursbeginn am ersten Tag um 17 Uhr<br \/>\nKursende am letzten Tag nach dem Mittagessen, ca. 15 Uhr<\/p>\n<p><strong>Seminarort:<\/strong><br \/>\nHotel des Gl\u00fccks, 3684 St. Oswald, Nieder\u00f6sterreich<\/p>\n<p><strong>Kursgeb\u00fchr<\/strong> (zzgl. \u00dcbernachtung\/Vollpension siehe unten)<strong>:<\/strong><br \/>\n<strong>Fr\u00fchbucherpreis bis 31. April 2026: 849,- \u20ac<\/strong><br \/>\ndanach: 969,- \u20ac<\/p>\n<hr \/>\n<h3>Zimmerbuchung, \u00dcbernachtung, Kursgeb\u00fchr, Anzahlung und R\u00fccktrittsfristen:<\/h3>\n<p><strong>Bitte beachten Sie unbedingt die <a href=\"https:\/\/www.eyebody.com\/de\/6-tage-kurs-oesterreich-august-2026\/\">Hinweise und wichtigen Informationen in der Kurs-Beschreibung<\/a>!<\/strong><\/p>\n<hr \/>\n<p>&nbsp;<\/p>\n","protected":false},"author":5,"featured_media":54032,"template":"","meta":[],"product_brand":[],"product_cat":[153,242],"product_tag":[],"class_list":{"0":"post-63864","1":"product","2":"type-product","3":"status-publish","4":"has-post-thumbnail","6":"product_cat-eyebody-seminare","7":"product_cat-pc_ws","9":"first","10":"instock","11":"sale","12":"virtual","13":"purchasable","14":"product-type-simple"},"exclude_global_add_ons":[],"addons":[],"_links":{"self":[{"href":"https:\/\/www.eyebody.com\/de\/wp-json\/wp\/v2\/product\/63864","targetHints":{"allow":["GET"]}}],"collection":[{"href":"https:\/\/www.eyebody.com\/de\/wp-json\/wp\/v2\/product"}],"about":[{"href":"https:\/\/www.eyebody.com\/de\/wp-json\/wp\/v2\/types\/product"}],"author":[{"embeddable":true,"href":"https:\/\/www.eyebody.com\/de\/wp-json\/wp\/v2\/users\/5"}],"wp:featuredmedia":[{"embeddable":true,"href":"https:\/\/www.eyebody.com\/de\/wp-json\/wp\/v2\/media\/54032"}],"wp:attachment":[{"href":"https:\/\/www.eyebody.com\/de\/wp-json\/wp\/v2\/media?parent=63864"}],"wp:term":[{"taxonomy":"product_brand","embeddable":true,"href":"https:\/\/www.eyebody.com\/de\/wp-json\/wp\/v2\/product_brand?post=63864"},{"taxonomy":"product_cat","embeddable":true,"href":"https:\/\/www.eyebody.com\/de\/wp-json\/wp\/v2\/product_cat?post=63864"},{"taxonomy":"product_tag","embeddable":true,"href":"https:\/\/www.eyebody.com\/de\/wp-json\/wp\/v2\/product_tag?post=63864"}],"curies":[{"name":"wp","href":"https:\/\/api.w.org\/{rel}","templated":true}]}}