{"id":65982,"date":"2026-04-30T21:05:18","date_gmt":"2026-04-30T19:05:18","guid":{"rendered":"https:\/\/www.eyebody.com\/?post_type=product&#038;p=65982"},"modified":"2026-05-02T10:06:35","modified_gmt":"2026-05-02T08:06:35","slug":"basis-intensivkurs-tuttlingen-13-19-august-2026","status":"publish","type":"product","link":"https:\/\/www.eyebody.com\/de\/shop\/basis-intensivkurs-tuttlingen-13-19-august-2026\/","title":{"rendered":"Basis-Intensivkurs \u2013 Tuttlingen, 13. \u2013 \u00a019. August 2026"},"content":{"rendered":"","protected":false},"excerpt":{"rendered":"<p><strong>Sechst\u00e4giger Basis-Intensivkurs mit Peter Grunwald<br \/>\n13. \u2013 \u00a019. August 2026<\/strong> (Donnerstag bis Mittwoch)<br \/>\nSprache: Deutsch<\/p>\n<p><strong>Seminar-Organisation: <\/strong><br \/>\nAnne Olschewski<br \/>\nTelefon: +49 (0)172 431 86 16<br \/>\nE-Mail: office@eyebody.de<\/p>\n<p><strong>Beginn und Ende des Kurses:<\/strong><br \/>\nKursbeginn am ersten Tag um 17 Uhr<br \/>\nKursende am letzten Tag nach dem Mittagessen, ca. 14 Uhr<\/p>\n<p><strong>Seminarort:<\/strong><br \/>\nSeminarhaus Lindenhof, Lindenhof 1, \u00a078532 Tuttlingen-M\u00f6hringen<\/p>\n<p><strong>Kursgeb\u00fchr<\/strong> (zzgl. \u00dcbernachtung\/Vollpension siehe unten):<br \/>\n<strong>Fr\u00fchbucherpreis bis 31. Mai 2026: 849,- \u20ac<\/strong><br \/>\ndanach: 969,- \u20ac<\/p>\n<hr \/>\n<h3>Zimmerbuchung, \u00dcbernachtung, Kursgeb\u00fchr, Anzahlung und R\u00fccktrittsfristen:<\/h3>\n<p><strong>Bitte beachten Sie unbedingt die <a href=\"https:\/\/www.eyebody.com\/de\/6-tage-kurs-baden-wuerttemberg-august-2026\/\">Hinweise und wichtigen Informationen in der Kurs-Beschreibung<\/a>!<\/strong><\/p>\n<hr \/>\n<p>&nbsp;<\/p>\n","protected":false},"author":5,"featured_media":54032,"template":"","meta":[],"product_brand":[],"product_cat":[153,242],"product_tag":[],"class_list":{"0":"post-65982","1":"product","2":"type-product","3":"status-publish","4":"has-post-thumbnail","6":"product_cat-eyebody-seminare","7":"product_cat-pc_ws","9":"first","10":"instock","11":"sale","12":"virtual","13":"purchasable","14":"product-type-simple"},"exclude_global_add_ons":[],"addons":[],"_links":{"self":[{"href":"https:\/\/www.eyebody.com\/de\/wp-json\/wp\/v2\/product\/65982","targetHints":{"allow":["GET"]}}],"collection":[{"href":"https:\/\/www.eyebody.com\/de\/wp-json\/wp\/v2\/product"}],"about":[{"href":"https:\/\/www.eyebody.com\/de\/wp-json\/wp\/v2\/types\/product"}],"author":[{"embeddable":true,"href":"https:\/\/www.eyebody.com\/de\/wp-json\/wp\/v2\/users\/5"}],"wp:featuredmedia":[{"embeddable":true,"href":"https:\/\/www.eyebody.com\/de\/wp-json\/wp\/v2\/media\/54032"}],"wp:attachment":[{"href":"https:\/\/www.eyebody.com\/de\/wp-json\/wp\/v2\/media?parent=65982"}],"wp:term":[{"taxonomy":"product_brand","embeddable":true,"href":"https:\/\/www.eyebody.com\/de\/wp-json\/wp\/v2\/product_brand?post=65982"},{"taxonomy":"product_cat","embeddable":true,"href":"https:\/\/www.eyebody.com\/de\/wp-json\/wp\/v2\/product_cat?post=65982"},{"taxonomy":"product_tag","embeddable":true,"href":"https:\/\/www.eyebody.com\/de\/wp-json\/wp\/v2\/product_tag?post=65982"}],"curies":[{"name":"wp","href":"https:\/\/api.w.org\/{rel}","templated":true}]}}