{"id":7263,"date":"2015-04-10T20:05:29","date_gmt":"2015-04-10T18:05:29","guid":{"rendered":"http:\/\/www.eyebody.com\/?post_type=product&#038;p=7263"},"modified":"2024-10-29T12:09:28","modified_gmt":"2024-10-29T11:09:28","slug":"eyebody-das-buch-englische-ausgabe","status":"publish","type":"product","link":"https:\/\/www.eyebody.com\/de\/shop\/eyebody-das-buch-englische-ausgabe\/","title":{"rendered":"Eyebody &#8211; The Art of Integrating Eye, Brain and Body (Englische Ausgabe)"},"content":{"rendered":"<p>Peter Grunwalds Erfolgsbuch \u201eEyeBody\u201c liegt englischsprachig nunmehr in 3. Auflage vor. Es beschreibt ausf\u00fchrlich, wie die EyeBody-Methode<sup><sup>\u00ae<\/sup><\/sup> mit den neu entdeckten Zusammenh\u00e4ngen zwischen Auge, K\u00f6rper und Gehirn arbeitet und zeigt die praktische Anwendung ihrer grundlegenden Prinzipien im Alltag.<\/p>\n<p>Wie viele Menschen litt Peter Grunwald unter starker Kurzsichtigkeit und Haltungsproblemen. 27 Jahre lang wurden seine Brillengl\u00e4ser immer st\u00e4rker, sein pers\u00f6nliches und soziales Wohlbefinden immer schlechter. Seine Ausbildung in der F. M. Alexander-Technik und die Auseinandersetzung mit der Methode \u201eNat\u00fcrlich besser sehen\u201c von Bates\/Goodrich brachten den Wendepunkt. Achtzehn Monate sp\u00e4ter legte Peter Grunwald seine Brille f\u00fcr immer ab. Es folgten eigene wegweisende Entdeckungen, von denen heute weltweit Tausende profitieren. In \u00fcber 25.000 Einzelsitzungen und Gruppenstunden mit Menschen aller Altersstufen und unterschiedlichster Sehproblematik entstand die auf Prinzipien aufbauende ganzheitliche EyeBody-Methode<sup><sup>\u00ae<\/sup><\/sup>.<\/p>\n<p>Sie verhilft zu tiefgreifenden Ver\u00e4nderungen in der Koordination von K\u00f6rper, Gehirn und Auge. Dies f\u00fchrt zu einer Verbesserung des Sehverm\u00f6gens und der K\u00f6rperhaltung sowie zu emotionaler Balance und Effizienz des Gehirns. Das Buch er\u00f6ffnet einen v\u00f6llig neuen Blick auf das Funktionieren unseres Nervensystems. Es wendet sich an Menschen mit Sehproblemen (z.B. Kurz- und Weitsichtigkeit, Alterssichtigkeit, Gr\u00fcner und Grauer Star) und anderen g\u00e4ngigen Beschwerden (z.B. Migr\u00e4ne, stressbedingten St\u00f6rungen, Nacken- und R\u00fcckenschmerzen). Menschen mit medizinischem Hintergrund finden in diesem Buch einen \u00fcberraschend neuen Ansatz im Umgang mit Sehst\u00f6rungen.<\/p>\n<p>Mit Einf\u00fchlungsverm\u00f6gen, Tiefgang und Humor vermittelt Peter Grunwald seine Methode in Seminaren und Einzelsitzungen und unterst\u00fctzt damit Menschen auf ihrem ganz pers\u00f6nlichen Entwicklungsweg. Er lebt in Neuseeland und unterrichtet regelm\u00e4\u00dfig im deutschsprachigen Raum.<\/p>\n<hr \/>\n<h3>Was ist der Unterschied zwischen den beiden Eyebody-B\u00fcchern?<\/h3>\n<p>Beide B\u00fccher zeigen jeweils verschiedene Wege zum ganzheitlichen nat\u00fcrlichen Sehen ohne Brille. W\u00e4hrend das erste Buch <strong><a href=\"https:\/\/www.eyebody.com\/de\/shop\/eyebody-die-integration-von-auge-gehirn-und-korper-deutsche-ausgabe\/\">&#8222;Die Integration von Auge, Gehirn und K\u00f6rper&#8220;<\/a><\/strong> mehr die physischen Grundlagen des Sehens mit Gehirn, Auge und K\u00f6rper beleuchtet, erweitert Peter Grunwald mit seinem neuen Buch <a href=\"https:\/\/www.eyebody.com\/de\/shop\/eyebody-beseelt-sehen-bewusst-leben-deutsch\/\"><strong>&#8222;Beseelt sehen \u2013 bewusst leben&#8220;<\/strong><\/a> die Eyebody Muster um die emotionale und die spirituelle Dimension.<\/p>\n<p>Sie k\u00f6nnen zum Beginnen mit dem ersten Buch arbeiten und danach mit dem zweiten Buch die Seelenqualit\u00e4ten\u00a0entdecken \u2013 oder Sie starten mit dem zweiten Buch auf emotional-spiritueller Ebene und f\u00fcgen dann die im ersten Buch\u00a0genauer erkl\u00e4rten physischen Details zu einem Ganzen zusammen. Beide Wege sind gleicherma\u00dfen spannend.<\/p>\n<p>&nbsp;<\/p>\n","protected":false},"excerpt":{"rendered":"<p>Peter Grunwald: Eyebody \u2013 The Art of Integrating Eye, Brain and Body (Englische Ausgabe)<br \/>\n3. Auflage 2017, Paperback, 208 Seiten, ISBN: 9780958280921<\/p>\n","protected":false},"author":5,"featured_media":64808,"template":"","meta":[],"product_brand":[],"product_cat":[151,240],"product_tag":[],"class_list":{"0":"post-7263","1":"product","2":"type-product","3":"status-publish","4":"has-post-thumbnail","6":"product_cat-eyebody-shop-de","7":"product_cat-pc_ph","8":"product_shipping_class-small-package-de","10":"first","11":"instock","12":"shipping-taxable","13":"purchasable","14":"product-type-simple"},"exclude_global_add_ons":[],"addons":[],"_links":{"self":[{"href":"https:\/\/www.eyebody.com\/de\/wp-json\/wp\/v2\/product\/7263","targetHints":{"allow":["GET"]}}],"collection":[{"href":"https:\/\/www.eyebody.com\/de\/wp-json\/wp\/v2\/product"}],"about":[{"href":"https:\/\/www.eyebody.com\/de\/wp-json\/wp\/v2\/types\/product"}],"author":[{"embeddable":true,"href":"https:\/\/www.eyebody.com\/de\/wp-json\/wp\/v2\/users\/5"}],"wp:featuredmedia":[{"embeddable":true,"href":"https:\/\/www.eyebody.com\/de\/wp-json\/wp\/v2\/media\/64808"}],"wp:attachment":[{"href":"https:\/\/www.eyebody.com\/de\/wp-json\/wp\/v2\/media?parent=7263"}],"wp:term":[{"taxonomy":"product_brand","embeddable":true,"href":"https:\/\/www.eyebody.com\/de\/wp-json\/wp\/v2\/product_brand?post=7263"},{"taxonomy":"product_cat","embeddable":true,"href":"https:\/\/www.eyebody.com\/de\/wp-json\/wp\/v2\/product_cat?post=7263"},{"taxonomy":"product_tag","embeddable":true,"href":"https:\/\/www.eyebody.com\/de\/wp-json\/wp\/v2\/product_tag?post=7263"}],"curies":[{"name":"wp","href":"https:\/\/api.w.org\/{rel}","templated":true}]}}