{"id":7464,"date":"2015-08-02T09:52:45","date_gmt":"2015-08-02T07:52:45","guid":{"rendered":""},"modified":"2023-02-07T09:05:02","modified_gmt":"2023-02-07T08:05:02","slug":"spezial-paket-buch-englisch-lochbrille-rot-cd","status":"publish","type":"product","link":"https:\/\/www.eyebody.com\/de\/shop\/spezial-paket-buch-englisch-lochbrille-rot-cd\/","title":{"rendered":"Spezial-Paket: Buch 1 (englisch) + Lochbrille (rot)"},"content":{"rendered":"<h3>Eyebody \u2013 The Art of Integrating Eye, Brain and Body (Englisch)<\/h3>\n<p>Sie erfahren in diesem Buch alles \u00fcber die Grundlagen der auf Prinzipien aufbauenden Eyebody-Methode<sup>\u00ae<\/sup>. Es enth\u00e4lt reichhaltige Information \u00fcber die praktische Anwendung, eine Schritt-f\u00fcr-Schritt-Anleitung zum Entw\u00f6hnen von der Brille und zur nat\u00fcrlichen Verbesserung des Sehverm\u00f6gens, der Gehirnfunktionen und der K\u00f6rperkoordination.<\/p>\n<p>Mehr als 40 Abbildungen und eine ausf\u00fchrliche, mehrfarbige Karte der Beziehungen zwischen Gehirn, Augen und K\u00f6rper illustrieren die Lekt\u00fcre.<\/p>\n<p>Das Buch ist ein \u201eMuss\u201c f\u00fcr alle, die sich f\u00fcr die Dimensionen des Sehens und der Gesundheit interessieren. Es ist die beste Einf\u00fchrung f\u00fcr Neueinsteiger, genauso jedoch eine Hilfe f\u00fcr das tiefer gehende Verst\u00e4ndnis fortgeschrittener Eyebody-Anwender.<\/p>\n<p>Ein wichtiger Leitfaden f\u00fcr Alexander-Technik- und Bates-Lehrer sowie deren Sch\u00fcler.<\/p>\n<p><a href=\"https:\/\/www.eyebody.com\/wp-content\/uploads\/2015\/04\/eyebody-book-summary-en.pdf\">Zusammenfassung der Kapitel des Buches lesen (zusammengestellt von Jill Freeman)<\/a> (PDF)<\/p>\n<p><a href=\"https:\/\/www.eyebody.com\/wp-content\/uploads\/2015\/04\/eyebody-book-introduction-en.pdf\">Einf\u00fchrungs-Kapitel des Eyebody Buches lesen<\/a> (PDF)<\/p>\n<hr \/>\n<h3>Die Eyebody Lochbrille<\/h3>\n<p>Entdecken Sie, wie Sie m\u00fcde Augen entspannen, sowie Lesen, Schreiben und Arbeit am Computer auf gesunde Weise genie\u00dfen k\u00f6nnen \u2013 ohne geschliffene Brillengl\u00e4ser. Ein exzellentes \u00dcbungsmittel!<\/p>\n<p><strong>Der Teufelskreis<\/strong><\/p>\n<p>Wenn Sie eine optische Brille tragen, tappen Sie in eine Falle: Sie benutzen in Ihren Augen weder die Muskulatur, die der Scharfeinstellung dient, noch die Gesamtheit der Sehzellen auf der Netzhaut. Die wichtigen \u201eZiliarmuskeln\u201c werden geschw\u00e4cht, was erneute Besuche beim Augenarzt erfordert, der Ihnen dann eine st\u00e4rkere Brille oder st\u00e4rkere Kontaktlinsen verschreiben wird.<\/p>\n<p>Steigen Sie jetzt aus dem Teufelskreis aus und trainieren Sie Ihr Sehsystem! Kosteng\u00fcnstig und rezeptfrei. Lochbrillen erfrischen die m\u00fcden Augenmuskeln und bewahren die Augen vor dem Starren \u2013 einer g\u00e4ngigen Ursache f\u00fcr ersch\u00f6pfte Augen.<\/p>\n<p><strong>Wie die Lochbrille funktioniert<\/strong><\/p>\n<p>Sobald eine \u201eLochbrille\u201c vor die Augen kommt, gelangt ein viel engerer Parallelstrahl Licht durch die L\u00f6cher ins Auge. Das eng geb\u00fcndelte Licht trifft auch auf die Sehgrube und verursacht so Nachrichten an das Gehirn, die in Klarsicht umgesetzt werden.<\/p>\n<p>Lochbrillen fokussieren so, dass Objekte unabh\u00e4ngig von der Form des Augapfels scharf abgebildet werden, w\u00e4hrend der Rest der schwarzen \u201eLinse\u201c die Fotorezeptoren der restlichen Netzhaut (St\u00e4bchen) stimuliert. So wird die gesamte Netzhaut angeregt und trainiert. Dieser Vorgang ist sehr entspannend und f\u00f6rderlich.<\/p>\n<hr \/>\n<h3>Online Audio Guide<\/h3>\n<p><a href=\"\/de\/audio-guide-die-eyebody-lochbrille\/\">Anweisungen und \u00dcbungen zur Eyebody Lochbrille, gesprochen von Peter Grunwald<\/a><\/p>\n<p>&nbsp;<\/p>\n<hr \/>\n<p>&nbsp;<\/p>\n","protected":false},"excerpt":{"rendered":"<p>Spezial-Paket:<br \/>\n1x Buch Eyebody \u2013 The Art of Integrating Eye, Brain and Body (Englisch)<br \/>\n1x Eyebody Lochbrille (Roter Rahmen) inkl. Online Audio Guide<\/p>\n","protected":false},"author":5,"featured_media":64800,"template":"","meta":[],"product_brand":[],"product_cat":[151,240],"product_tag":[],"class_list":{"0":"post-7464","1":"product","2":"type-product","3":"status-publish","4":"has-post-thumbnail","6":"product_cat-eyebody-shop-de","7":"product_cat-pc_ph","8":"product_shipping_class-small-package-de","10":"first","11":"instock","12":"shipping-taxable","13":"purchasable","14":"product-type-simple"},"exclude_global_add_ons":[],"addons":[],"_links":{"self":[{"href":"https:\/\/www.eyebody.com\/de\/wp-json\/wp\/v2\/product\/7464","targetHints":{"allow":["GET"]}}],"collection":[{"href":"https:\/\/www.eyebody.com\/de\/wp-json\/wp\/v2\/product"}],"about":[{"href":"https:\/\/www.eyebody.com\/de\/wp-json\/wp\/v2\/types\/product"}],"author":[{"embeddable":true,"href":"https:\/\/www.eyebody.com\/de\/wp-json\/wp\/v2\/users\/5"}],"wp:featuredmedia":[{"embeddable":true,"href":"https:\/\/www.eyebody.com\/de\/wp-json\/wp\/v2\/media\/64800"}],"wp:attachment":[{"href":"https:\/\/www.eyebody.com\/de\/wp-json\/wp\/v2\/media?parent=7464"}],"wp:term":[{"taxonomy":"product_brand","embeddable":true,"href":"https:\/\/www.eyebody.com\/de\/wp-json\/wp\/v2\/product_brand?post=7464"},{"taxonomy":"product_cat","embeddable":true,"href":"https:\/\/www.eyebody.com\/de\/wp-json\/wp\/v2\/product_cat?post=7464"},{"taxonomy":"product_tag","embeddable":true,"href":"https:\/\/www.eyebody.com\/de\/wp-json\/wp\/v2\/product_tag?post=7464"}],"curies":[{"name":"wp","href":"https:\/\/api.w.org\/{rel}","templated":true}]}}