{"id":56027,"date":"2024-03-14T14:39:42","date_gmt":"2024-03-14T13:39:42","guid":{"rendered":"https:\/\/www.eyebody.com\/?page_id=56027"},"modified":"2025-10-15T15:48:03","modified_gmt":"2025-10-15T13:48:03","slug":"tienda-eyebody","status":"publish","type":"page","link":"https:\/\/www.eyebody.com\/es\/tienda-eyebody\/","title":{"rendered":"Tienda Eyebody"},"content":{"rendered":"<h3>Eyebody Pinhole Glasses<\/h3>\n<div class=\"woocommerce columns-3 \"><ul class=\"products columns-3\">\n<li class=\"product type-product post-56093 status-publish first instock product_cat-pc_ph-es has-post-thumbnail shipping-taxable purchasable product-type-simple\">\n\t<a href=\"https:\/\/www.eyebody.com\/es\/shop\/the-eyebody-gafas-reticulares-montura-gris\/\" class=\"woocommerce-LoopProduct-link woocommerce-loop-product__link\"><img loading=\"lazy\" decoding=\"async\" width=\"324\" height=\"324\" src=\"https:\/\/www.eyebody.com\/wp-content\/uploads\/2015\/04\/glasses_grey_DSCF0740-324x324.jpg\" class=\"attachment-woocommerce_thumbnail size-woocommerce_thumbnail\" alt=\"The Eyebody gafas reticulares (montura gris)\" srcset=\"https:\/\/www.eyebody.com\/wp-content\/uploads\/2015\/04\/glasses_grey_DSCF0740-324x324.jpg 324w, https:\/\/www.eyebody.com\/wp-content\/uploads\/2015\/04\/glasses_grey_DSCF0740-100x100.jpg 100w, https:\/\/www.eyebody.com\/wp-content\/uploads\/2015\/04\/glasses_grey_DSCF0740-150x150.jpg 150w, https:\/\/www.eyebody.com\/wp-content\/uploads\/2015\/04\/glasses_grey_DSCF0740-32x32.jpg 32w\" sizes=\"auto, (max-width: 324px) 100vw, 324px\" \/><h2 class=\"woocommerce-loop-product__title\">The Eyebody gafas reticulares (montura gris)<\/h2>\n\t<span class=\"price\"><span class=\"woocommerce-Price-amount amount\"><bdi><span class=\"woocommerce-Price-currencySymbol\">US$<\/span>&nbsp;70.21<\/bdi><\/span><\/span>\n<\/a><a href=\"\/es\/wp-json\/wp\/v2\/pages\/56027?add-to-cart=56093\" aria-describedby=\"woocommerce_loop_add_to_cart_link_describedby_56093\" data-quantity=\"1\" class=\"button product_type_simple add_to_cart_button ajax_add_to_cart\" data-product_id=\"56093\" data-product_sku=\"PHG01\" aria-label=\"A\u00f1adir al carrito: &ldquo;The Eyebody gafas reticulares (montura gris)&rdquo;\" rel=\"nofollow\" data-success_message=\"\u00abThe Eyebody gafas reticulares (montura gris)\u00bb se ha a\u00f1adido a tu carrito\">A\u00f1adir al carrito<\/a>\t<span id=\"woocommerce_loop_add_to_cart_link_describedby_56093\" class=\"screen-reader-text\">\n\t\t\t<\/span>\n<\/li>\n<li class=\"product type-product post-56092 status-publish instock product_cat-pc_ph-es has-post-thumbnail shipping-taxable purchasable product-type-simple\">\n\t<a href=\"https:\/\/www.eyebody.com\/es\/shop\/the-eyebody-gafas-reticulares-montura-roja\/\" class=\"woocommerce-LoopProduct-link woocommerce-loop-product__link\"><img loading=\"lazy\" decoding=\"async\" width=\"324\" height=\"324\" src=\"https:\/\/www.eyebody.com\/wp-content\/uploads\/2015\/04\/glasses_rot_DSCF0752-324x324.jpg\" class=\"attachment-woocommerce_thumbnail size-woocommerce_thumbnail\" alt=\"The Eyebody gafas reticulares (montura roja)\" srcset=\"https:\/\/www.eyebody.com\/wp-content\/uploads\/2015\/04\/glasses_rot_DSCF0752-324x324.jpg 324w, https:\/\/www.eyebody.com\/wp-content\/uploads\/2015\/04\/glasses_rot_DSCF0752-100x100.jpg 100w, https:\/\/www.eyebody.com\/wp-content\/uploads\/2015\/04\/glasses_rot_DSCF0752-150x150.jpg 150w, https:\/\/www.eyebody.com\/wp-content\/uploads\/2015\/04\/glasses_rot_DSCF0752-32x32.jpg 32w\" sizes=\"auto, (max-width: 324px) 100vw, 324px\" \/><h2 class=\"woocommerce-loop-product__title\">The Eyebody gafas reticulares (montura roja)<\/h2>\n\t<span class=\"price\"><span class=\"woocommerce-Price-amount amount\"><bdi><span class=\"woocommerce-Price-currencySymbol\">US$<\/span>&nbsp;70.21<\/bdi><\/span><\/span>\n<\/a><a href=\"\/es\/wp-json\/wp\/v2\/pages\/56027?add-to-cart=56092\" aria-describedby=\"woocommerce_loop_add_to_cart_link_describedby_56092\" data-quantity=\"1\" class=\"button product_type_simple add_to_cart_button ajax_add_to_cart\" data-product_id=\"56092\" data-product_sku=\"PHG02\" aria-label=\"A\u00f1adir al carrito: &ldquo;The Eyebody gafas reticulares (montura roja)&rdquo;\" rel=\"nofollow\" data-success_message=\"\u00abThe Eyebody gafas reticulares (montura roja)\u00bb se ha a\u00f1adido a tu carrito\">A\u00f1adir al carrito<\/a>\t<span id=\"woocommerce_loop_add_to_cart_link_describedby_56092\" class=\"screen-reader-text\">\n\t\t\t<\/span>\n<\/li>\n<\/ul>\n<\/div>\n<h3>Bundles: Pinhole glasses &amp; printed book<\/h3>\n<div class=\"woocommerce columns-3 \"><\/div>\n<h3>Printed books<\/h3>\n<p><strong>Eyebody \u2013 the first book<\/strong><\/p>\n<div class=\"woocommerce columns-3 \"><ul class=\"products columns-3\">\n<li class=\"product type-product post-56097 status-publish first instock product_cat-pc_ph-es has-post-thumbnail shipping-taxable purchasable product-type-simple\">\n\t<a href=\"https:\/\/www.eyebody.com\/es\/shop\/eyebody-la-integracion-del-ojo-el-cerebro-y-el-cuerpo-espanol\/\" class=\"woocommerce-LoopProduct-link woocommerce-loop-product__link\"><img loading=\"lazy\" decoding=\"async\" width=\"324\" height=\"324\" src=\"https:\/\/www.eyebody.com\/wp-content\/uploads\/2022\/12\/EYEBODY_1_Spanish_cover-1-324x324.jpg\" class=\"attachment-woocommerce_thumbnail size-woocommerce_thumbnail\" alt=\"Eyebody \u2013 La integraci\u00f3n del ojo, el cerebro y el cuerpo (Espa\u00f1ol)\" srcset=\"https:\/\/www.eyebody.com\/wp-content\/uploads\/2022\/12\/EYEBODY_1_Spanish_cover-1-324x324.jpg 324w, https:\/\/www.eyebody.com\/wp-content\/uploads\/2022\/12\/EYEBODY_1_Spanish_cover-1-100x100.jpg 100w, https:\/\/www.eyebody.com\/wp-content\/uploads\/2022\/12\/EYEBODY_1_Spanish_cover-1-416x416.jpg 416w, https:\/\/www.eyebody.com\/wp-content\/uploads\/2022\/12\/EYEBODY_1_Spanish_cover-1-300x300.jpg 300w, https:\/\/www.eyebody.com\/wp-content\/uploads\/2022\/12\/EYEBODY_1_Spanish_cover-1.jpg 1024w, https:\/\/www.eyebody.com\/wp-content\/uploads\/2022\/12\/EYEBODY_1_Spanish_cover-1-150x150.jpg 150w, https:\/\/www.eyebody.com\/wp-content\/uploads\/2022\/12\/EYEBODY_1_Spanish_cover-1-768x768.jpg 768w\" sizes=\"auto, (max-width: 324px) 100vw, 324px\" \/><h2 class=\"woocommerce-loop-product__title\">Eyebody \u2013 La integraci\u00f3n del ojo, el cerebro y el cuerpo (Espa\u00f1ol)<\/h2>\n\t<span class=\"price\"><span class=\"woocommerce-Price-amount amount\"><bdi><span class=\"woocommerce-Price-currencySymbol\">US$<\/span>&nbsp;39.79<\/bdi><\/span><\/span>\n<\/a><a href=\"\/es\/wp-json\/wp\/v2\/pages\/56027?add-to-cart=56097\" aria-describedby=\"woocommerce_loop_add_to_cart_link_describedby_56097\" data-quantity=\"1\" class=\"button product_type_simple add_to_cart_button ajax_add_to_cart\" data-product_id=\"56097\" data-product_sku=\"EBK04\" aria-label=\"A\u00f1adir al carrito: &ldquo;Eyebody \u2013 La integraci\u00f3n del ojo, el cerebro y el cuerpo (Espa\u00f1ol)&rdquo;\" rel=\"nofollow\" data-success_message=\"\u00abEyebody \u2013 La integraci\u00f3n del ojo, el cerebro y el cuerpo (Espa\u00f1ol)\u00bb se ha a\u00f1adido a tu carrito\">A\u00f1adir al carrito<\/a>\t<span id=\"woocommerce_loop_add_to_cart_link_describedby_56097\" class=\"screen-reader-text\">\n\t\t\t<\/span>\n<\/li>\n<\/ul>\n<\/div>\n<p><strong>Eyebody \u2013 the second book<\/strong><\/p>\n<div class=\"woocommerce columns-3 \"><\/div>\n<h3>eBooks<\/h3>\n<div class=\"woocommerce columns-3 \"><ul class=\"products columns-3\">\n<li class=\"product type-product post-56094 status-publish first instock product_cat-pc_on-es has-post-thumbnail downloadable virtual purchasable product-type-simple\">\n\t<a href=\"https:\/\/www.eyebody.com\/es\/shop\/libro-electronico-eyebody-la-integracion-del-ojo-el-cerebro-y-el-cuerpo-espanol\/\" class=\"woocommerce-LoopProduct-link woocommerce-loop-product__link\"><img loading=\"lazy\" decoding=\"async\" width=\"324\" height=\"324\" src=\"https:\/\/www.eyebody.com\/wp-content\/uploads\/2021\/12\/eyebody-1-ebook-Produktbild_ES-324x324.jpg\" class=\"attachment-woocommerce_thumbnail size-woocommerce_thumbnail\" alt=\"Libro electr\u00f3nico: Eyebody - La integraci\u00f3n del ojo, el cerebro y el cuerpo (Espa\u00f1ol)\" srcset=\"https:\/\/www.eyebody.com\/wp-content\/uploads\/2021\/12\/eyebody-1-ebook-Produktbild_ES-324x324.jpg 324w, https:\/\/www.eyebody.com\/wp-content\/uploads\/2021\/12\/eyebody-1-ebook-Produktbild_ES-100x100.jpg 100w, https:\/\/www.eyebody.com\/wp-content\/uploads\/2021\/12\/eyebody-1-ebook-Produktbild_ES-416x416.jpg 416w, https:\/\/www.eyebody.com\/wp-content\/uploads\/2021\/12\/eyebody-1-ebook-Produktbild_ES-300x300.jpg 300w, https:\/\/www.eyebody.com\/wp-content\/uploads\/2021\/12\/eyebody-1-ebook-Produktbild_ES.jpg 1024w, https:\/\/www.eyebody.com\/wp-content\/uploads\/2021\/12\/eyebody-1-ebook-Produktbild_ES-150x150.jpg 150w, https:\/\/www.eyebody.com\/wp-content\/uploads\/2021\/12\/eyebody-1-ebook-Produktbild_ES-768x768.jpg 768w\" sizes=\"auto, (max-width: 324px) 100vw, 324px\" \/><h2 class=\"woocommerce-loop-product__title\">Libro electr\u00f3nico: Eyebody &#8211; La integraci\u00f3n del ojo, el cerebro y el cuerpo (Espa\u00f1ol)<\/h2>\n\t<span class=\"price\"><span class=\"woocommerce-Price-amount amount\"><bdi><span class=\"woocommerce-Price-currencySymbol\">US$<\/span>&nbsp;33.94<\/bdi><\/span><\/span>\n<\/a><a href=\"\/es\/wp-json\/wp\/v2\/pages\/56027?add-to-cart=56094\" aria-describedby=\"woocommerce_loop_add_to_cart_link_describedby_56094\" data-quantity=\"1\" class=\"button product_type_simple add_to_cart_button ajax_add_to_cart\" data-product_id=\"56094\" data-product_sku=\"EBOK1ES\" aria-label=\"A\u00f1adir al carrito: &ldquo;Libro electr\u00f3nico: Eyebody - La integraci\u00f3n del ojo, el cerebro y el cuerpo (Espa\u00f1ol)&rdquo;\" rel=\"nofollow\" data-success_message=\"\u00abLibro electr\u00f3nico: Eyebody - La integraci\u00f3n del ojo, el cerebro y el cuerpo (Espa\u00f1ol)\u00bb se ha a\u00f1adido a tu carrito\">A\u00f1adir al carrito<\/a>\t<span id=\"woocommerce_loop_add_to_cart_link_describedby_56094\" class=\"screen-reader-text\">\n\t\t\t<\/span>\n<\/li>\n<\/ul>\n<\/div>\n<h3>Online-Workshops<\/h3>\n<div class=\"woocommerce columns-3 \"><\/div>\n<h3>Eyebody Audio Books<\/h3>\n<div class=\"woocommerce columns-3 \"><\/div>\n<h3>Bundles: Pinhole glasses &amp; eBook<\/h3>\n<div class=\"woocommerce columns-3 \"><ul class=\"products columns-3\">\n<li class=\"product type-product post-56096 status-publish first instock product_cat-pc_bu-es has-post-thumbnail downloadable sold-individually shipping-taxable purchasable product-type-simple\">\n\t<a href=\"https:\/\/www.eyebody.com\/es\/shop\/paquete-especial-libro-electronico-espanol-gafas-reticulares-montura-roja\/\" class=\"woocommerce-LoopProduct-link woocommerce-loop-product__link\"><img loading=\"lazy\" decoding=\"async\" width=\"324\" height=\"324\" src=\"https:\/\/www.eyebody.com\/wp-content\/uploads\/2021\/12\/eyebody-1-ebook-bundles-Produktbild-RED-ES-324x324.jpg\" class=\"attachment-woocommerce_thumbnail size-woocommerce_thumbnail\" alt=\"Paquete especial: libro electr\u00f3nico (Espa\u00f1ol) + gafas reticulares (montura roja)\" srcset=\"https:\/\/www.eyebody.com\/wp-content\/uploads\/2021\/12\/eyebody-1-ebook-bundles-Produktbild-RED-ES-324x324.jpg 324w, https:\/\/www.eyebody.com\/wp-content\/uploads\/2021\/12\/eyebody-1-ebook-bundles-Produktbild-RED-ES-100x100.jpg 100w, https:\/\/www.eyebody.com\/wp-content\/uploads\/2021\/12\/eyebody-1-ebook-bundles-Produktbild-RED-ES-416x416.jpg 416w, https:\/\/www.eyebody.com\/wp-content\/uploads\/2021\/12\/eyebody-1-ebook-bundles-Produktbild-RED-ES-300x300.jpg 300w, https:\/\/www.eyebody.com\/wp-content\/uploads\/2021\/12\/eyebody-1-ebook-bundles-Produktbild-RED-ES.jpg 1024w, https:\/\/www.eyebody.com\/wp-content\/uploads\/2021\/12\/eyebody-1-ebook-bundles-Produktbild-RED-ES-150x150.jpg 150w, https:\/\/www.eyebody.com\/wp-content\/uploads\/2021\/12\/eyebody-1-ebook-bundles-Produktbild-RED-ES-768x768.jpg 768w\" sizes=\"auto, (max-width: 324px) 100vw, 324px\" \/><h2 class=\"woocommerce-loop-product__title\">Paquete especial: libro electr\u00f3nico (Espa\u00f1ol) + gafas reticulares (montura roja)<\/h2>\n\t<span class=\"price\"><span class=\"woocommerce-Price-amount amount\"><bdi><span class=\"woocommerce-Price-currencySymbol\">US$<\/span>&nbsp;89.00<\/bdi><\/span><\/span>\n<\/a><a href=\"\/es\/wp-json\/wp\/v2\/pages\/56027?add-to-cart=56096\" aria-describedby=\"woocommerce_loop_add_to_cart_link_describedby_56096\" data-quantity=\"1\" class=\"button product_type_simple add_to_cart_button ajax_add_to_cart\" data-product_id=\"56096\" data-product_sku=\"BNDLEBO1ESRD\" aria-label=\"A\u00f1adir al carrito: &ldquo;Paquete especial: libro electr\u00f3nico (Espa\u00f1ol) + gafas reticulares (montura roja)&rdquo;\" rel=\"nofollow\" data-success_message=\"\u00abPaquete especial: libro electr\u00f3nico (Espa\u00f1ol) + gafas reticulares (montura roja)\u00bb se ha a\u00f1adido a tu carrito\">A\u00f1adir al carrito<\/a>\t<span id=\"woocommerce_loop_add_to_cart_link_describedby_56096\" class=\"screen-reader-text\">\n\t\t\t<\/span>\n<\/li>\n<li class=\"product type-product post-56095 status-publish instock product_cat-pc_bu-es has-post-thumbnail downloadable sold-individually shipping-taxable purchasable product-type-simple\">\n\t<a href=\"https:\/\/www.eyebody.com\/es\/shop\/paquete-especial-libro-electronico-espanol-gafas-reticulares-montura-gris\/\" class=\"woocommerce-LoopProduct-link woocommerce-loop-product__link\"><img loading=\"lazy\" decoding=\"async\" width=\"324\" height=\"324\" src=\"https:\/\/www.eyebody.com\/wp-content\/uploads\/2021\/12\/eyebody-1-ebook-bundles-Produktbild-GREY-ES-324x324.jpg\" class=\"attachment-woocommerce_thumbnail size-woocommerce_thumbnail\" alt=\"Paquete especial: libro electr\u00f3nico (Espa\u00f1ol) + gafas reticulares (montura gris)\" srcset=\"https:\/\/www.eyebody.com\/wp-content\/uploads\/2021\/12\/eyebody-1-ebook-bundles-Produktbild-GREY-ES-324x324.jpg 324w, https:\/\/www.eyebody.com\/wp-content\/uploads\/2021\/12\/eyebody-1-ebook-bundles-Produktbild-GREY-ES-100x100.jpg 100w, https:\/\/www.eyebody.com\/wp-content\/uploads\/2021\/12\/eyebody-1-ebook-bundles-Produktbild-GREY-ES-416x416.jpg 416w, https:\/\/www.eyebody.com\/wp-content\/uploads\/2021\/12\/eyebody-1-ebook-bundles-Produktbild-GREY-ES-300x300.jpg 300w, https:\/\/www.eyebody.com\/wp-content\/uploads\/2021\/12\/eyebody-1-ebook-bundles-Produktbild-GREY-ES.jpg 1024w, https:\/\/www.eyebody.com\/wp-content\/uploads\/2021\/12\/eyebody-1-ebook-bundles-Produktbild-GREY-ES-150x150.jpg 150w, https:\/\/www.eyebody.com\/wp-content\/uploads\/2021\/12\/eyebody-1-ebook-bundles-Produktbild-GREY-ES-768x768.jpg 768w\" sizes=\"auto, (max-width: 324px) 100vw, 324px\" \/><h2 class=\"woocommerce-loop-product__title\">Paquete especial: libro electr\u00f3nico (Espa\u00f1ol) + gafas reticulares (montura gris)<\/h2>\n\t<span class=\"price\"><span class=\"woocommerce-Price-amount amount\"><bdi><span class=\"woocommerce-Price-currencySymbol\">US$<\/span>&nbsp;92.45<\/bdi><\/span><\/span>\n<\/a><a href=\"\/es\/wp-json\/wp\/v2\/pages\/56027?add-to-cart=56095\" aria-describedby=\"woocommerce_loop_add_to_cart_link_describedby_56095\" data-quantity=\"1\" class=\"button product_type_simple add_to_cart_button ajax_add_to_cart\" data-product_id=\"56095\" data-product_sku=\"BNDLEBO1ESGR\" aria-label=\"A\u00f1adir al carrito: &ldquo;Paquete especial: libro electr\u00f3nico (Espa\u00f1ol) + gafas reticulares (montura gris)&rdquo;\" rel=\"nofollow\" data-success_message=\"\u00abPaquete especial: libro electr\u00f3nico (Espa\u00f1ol) + gafas reticulares (montura gris)\u00bb se ha a\u00f1adido a tu carrito\">A\u00f1adir al carrito<\/a>\t<span id=\"woocommerce_loop_add_to_cart_link_describedby_56095\" class=\"screen-reader-text\">\n\t\t\t<\/span>\n<\/li>\n<\/ul>\n<\/div>\n<h3>Bundles: Pinhole glasses, printed book &amp; audio book<\/h3>\n<div class=\"woocommerce columns-3 \"><\/div>\n<p>&nbsp;<\/p>\n","protected":false},"excerpt":{"rendered":"<p>Eyebody Pinhole Glasses Bundles: Pinhole glasses &amp; printed book Printed books Eyebody \u2013 the first book Eyebody \u2013 the second book eBooks Online-Workshops Eyebody Audio Books Bundles: Pinhole glasses &amp; eBook Bundles: Pinhole glasses, printed book &amp; audio book &nbsp;<\/p>\n","protected":false},"author":5,"featured_media":0,"parent":0,"menu_order":46,"comment_status":"closed","ping_status":"closed","template":"","meta":{"footnotes":""},"class_list":["post-56027","page","type-page","status-publish","hentry"],"_links":{"self":[{"href":"https:\/\/www.eyebody.com\/es\/wp-json\/wp\/v2\/pages\/56027","targetHints":{"allow":["GET"]}}],"collection":[{"href":"https:\/\/www.eyebody.com\/es\/wp-json\/wp\/v2\/pages"}],"about":[{"href":"https:\/\/www.eyebody.com\/es\/wp-json\/wp\/v2\/types\/page"}],"author":[{"embeddable":true,"href":"https:\/\/www.eyebody.com\/es\/wp-json\/wp\/v2\/users\/5"}],"replies":[{"embeddable":true,"href":"https:\/\/www.eyebody.com\/es\/wp-json\/wp\/v2\/comments?post=56027"}],"version-history":[{"count":2,"href":"https:\/\/www.eyebody.com\/es\/wp-json\/wp\/v2\/pages\/56027\/revisions"}],"predecessor-version":[{"id":62531,"href":"https:\/\/www.eyebody.com\/es\/wp-json\/wp\/v2\/pages\/56027\/revisions\/62531"}],"wp:attachment":[{"href":"https:\/\/www.eyebody.com\/es\/wp-json\/wp\/v2\/media?parent=56027"}],"curies":[{"name":"wp","href":"https:\/\/api.w.org\/{rel}","templated":true}]}}