{"id":56042,"date":"2024-03-14T14:36:14","date_gmt":"2024-03-14T13:36:14","guid":{"rendered":"https:\/\/www.eyebody.com\/?page_id=56042"},"modified":"2024-04-04T20:55:48","modified_gmt":"2024-04-04T18:55:48","slug":"peter-grunwald","status":"publish","type":"page","link":"https:\/\/www.eyebody.com\/es\/peter-grunwald\/","title":{"rendered":"Peter Grunwald"},"content":{"rendered":"<p><img loading=\"lazy\" decoding=\"async\" class=\"alignleft wp-image-53677 size-full\" src=\"https:\/\/www.eyebody.com\/wp-content\/uploads\/2023\/08\/PeterGrunwald_Portrait_IMG_1521.jpg\" alt=\"\" width=\"480\" height=\"640\" srcset=\"https:\/\/www.eyebody.com\/wp-content\/uploads\/2023\/08\/PeterGrunwald_Portrait_IMG_1521.jpg 480w, https:\/\/www.eyebody.com\/wp-content\/uploads\/2023\/08\/PeterGrunwald_Portrait_IMG_1521-416x555.jpg 416w, https:\/\/www.eyebody.com\/wp-content\/uploads\/2023\/08\/PeterGrunwald_Portrait_IMG_1521-225x300.jpg 225w\" sizes=\"auto, (max-width: 480px) 100vw, 480px\" \/><\/p>\n<p>Desde su temprana infancia, Peter Grunwald padeci\u00f3 miop\u00eda y astigmatismo, por lo que comenz\u00f3 a usar gafas a la edad de tres a\u00f1os. Esto, conjuntamente con su tartamudez, impact\u00f3 en su postura, cada vez m\u00e1s encorvada, y redujo su autoconfianza.<\/p>\n<p>Decidido a superar estas limitaciones y a mejorar su postura, Peter se traslad\u00f3 a Australia para realizar una formaci\u00f3n profesional de tres a\u00f1os a tiempo completo en la T\u00e9cnica Alexander. Gracias a ella, su tartamudeo se redujo considerablemente, su equilibro corporal y mental mejoraron, y aument\u00f3 su autoestima.<\/p>\n<p>A continuaci\u00f3n, sigui\u00f3 form\u00e1ndose en Alemania con la instructora de la visi\u00f3n de reconocido prestigio internacional Janet Goodrich y, en tan solo dieciocho meses, fue capaz de prescindir de sus gafas de diez dioptr\u00edas y media. En 1992, hizo sus primeros descubrimientos acerca de las conexiones intr\u00ednsecas existentes entre los ojos y el cuerpo que le condujeron a una visi\u00f3n con total nitidez. Desde entonces contin\u00faa con sus investigaciones y ha desarrollado un m\u00e9todo de aprendizaje que lleva su nombre.<\/p>\n<p>En la actualidad, Peter realiza consultas privadas, escribe y dirige seminarios en nueve pa\u00edses de todo el mundo. Vive en Nueva Zelanda.<\/p>\n","protected":false},"excerpt":{"rendered":"<p>Desde su temprana infancia, Peter Grunwald padeci\u00f3 miop\u00eda y astigmatismo, por lo que comenz\u00f3 a usar gafas a la edad de tres a\u00f1os. Esto, conjuntamente con su tartamudez, impact\u00f3 en su postura, cada vez m\u00e1s encorvada, y redujo su autoconfianza. Decidido a superar estas limitaciones y a mejorar su postura, Peter se traslad\u00f3 a Australia<a class=\"button read-more\" href=\"https:\/\/www.eyebody.com\/es\/peter-grunwald\/\">Read More<\/a><\/p>\n","protected":false},"author":5,"featured_media":0,"parent":0,"menu_order":137,"comment_status":"closed","ping_status":"closed","template":"","meta":{"footnotes":""},"class_list":["post-56042","page","type-page","status-publish","hentry"],"_links":{"self":[{"href":"https:\/\/www.eyebody.com\/es\/wp-json\/wp\/v2\/pages\/56042","targetHints":{"allow":["GET"]}}],"collection":[{"href":"https:\/\/www.eyebody.com\/es\/wp-json\/wp\/v2\/pages"}],"about":[{"href":"https:\/\/www.eyebody.com\/es\/wp-json\/wp\/v2\/types\/page"}],"author":[{"embeddable":true,"href":"https:\/\/www.eyebody.com\/es\/wp-json\/wp\/v2\/users\/5"}],"replies":[{"embeddable":true,"href":"https:\/\/www.eyebody.com\/es\/wp-json\/wp\/v2\/comments?post=56042"}],"version-history":[{"count":2,"href":"https:\/\/www.eyebody.com\/es\/wp-json\/wp\/v2\/pages\/56042\/revisions"}],"predecessor-version":[{"id":56423,"href":"https:\/\/www.eyebody.com\/es\/wp-json\/wp\/v2\/pages\/56042\/revisions\/56423"}],"wp:attachment":[{"href":"https:\/\/www.eyebody.com\/es\/wp-json\/wp\/v2\/media?parent=56042"}],"curies":[{"name":"wp","href":"https:\/\/api.w.org\/{rel}","templated":true}]}}