{"id":56094,"date":"2021-12-22T11:21:28","date_gmt":"2021-12-22T10:21:28","guid":{"rendered":"https:\/\/www.eyebody.com\/?post_type=product&#038;p=56094"},"modified":"2024-03-14T14:49:19","modified_gmt":"2024-03-14T13:49:19","slug":"libro-electronico-eyebody-la-integracion-del-ojo-el-cerebro-y-el-cuerpo-espanol","status":"publish","type":"product","link":"https:\/\/www.eyebody.com\/es\/shop\/libro-electronico-eyebody-la-integracion-del-ojo-el-cerebro-y-el-cuerpo-espanol\/","title":{"rendered":"Libro electr\u00f3nico: Eyebody &#8211; La integraci\u00f3n del ojo, el cerebro y el cuerpo (Espa\u00f1ol)"},"content":{"rendered":"<p><strong>The ebook download is an EPUB file. To open this file you need an ebook reader app.<\/strong> On Apple systems the default installed app \u00abBooks\u00bb is used and on Android systems the app \u00abGoogle Play Books\u00bb. On Windows an additional app has to be installed, e.g. the <a href=\"https:\/\/icecreamapps.com\/Ebook-Reader\/\" target=\"_blank\" rel=\"noopener noreferrer\">Icecream Ebook Reader<\/a><\/p>\n<hr \/>\n<p><strong>La integraci\u00f3n del ojo, el cerebro y el cuerpo \u2014 El arte de vivir sin gafas!<\/strong><\/p>\n<p>Peter Grunwald utilizo\u0301 gafas para la miopi\u0301a y el astigmatismo durante veintisiete an\u0303os. Su habla, postura y vista se habi\u0301an deteriorado de forma progresiva y su graduacio\u0301n habi\u0301a aumentado. El punto de inflexio\u0301n llego\u0301 cuando comenzo\u0301 su formacio\u0301n de te\u0301cnica Alexander, que le proporciono\u0301 grandes beneficios posturales y mentales y contribuyo\u0301 en gran medida a la correccio\u0301n de su tartamudez. Despue\u0301s de conocer el me\u0301todo Bates para la mejora natural de la vista, Peter se formo\u0301 en Alemania con la instructora de la visio\u0301n de reconocido prestigio internacional Janet Goodrich. Por aquel entonces, Peter descubrio\u0301 que en el interior del sistema visual existe un mapa de la totalidad del cuerpo humano. Los ojos esta\u0301n conectados con sus estructuras cerebrales correspondientes, encargadas de la coordinacio\u0301n del cuerpo, las emociones, y las habilidades de pensar y razonar. A lo largo de miles de talleres y sesiones individuales, Peter ha observado cambios importantes en el cerebro, los ojos y el cuerpo de los participantes, asi\u0301 como mejori\u0301as relacionadas con la coordinacio\u0301n, la vista, la postura, el balance emocional y la funcio\u0301n cerebral.<\/p>\n<p>En la actualidad, Peter dirige talleres en todo el mundo, donde aporta su experiencia, compasio\u0301n y profunda comprensio\u0301n de su trabajo. Estos talleres se ofrecen en ingle\u0301s y alema\u0301n y con traduccio\u0301n al espan\u0303ol y a otros idiomas. Su residencia habitual esta\u0301 en Nueva Zelanda.<\/p>\n<hr \/>\n<p><strong>El trabajo de Peter con la visio\u0301n ha contribuido a descifrar por fin el funcionamiento conjunto de los ojos, el cuerpo y el cerebro&#8230; Una lectura imprescindible para todos aquellos interesados en el campo de la visio\u0301n.<\/strong><br \/>\n<em>Marc Grossman, OD LAd<\/em><br \/>\n<em>Autor de Beyond 3D: Magic Eye, Greater Vision and Natural Eye Care<\/em><\/p>\n<p><strong>Este libro no es la historia de una obra completa, sino ma\u0301s bien el primer fasci\u0301culo de un arte en evolucio\u0301n. Es una invitacio\u0301n para participar.<\/strong><br \/>\n<em>Galen Cranz, Ph D, STAT, AmSAT<\/em><br \/>\n<em>Profesora de Arquitectura Social, Universidad de California, Berkeley<\/em><\/p>\n<p>&nbsp;<\/p>\n","protected":false},"excerpt":{"rendered":"<p>Peter Grunwald: Eyebody &#8211; La integraci\u00f3n del ojo, el cerebro y el cuerpo (Espa\u00f1ol) 3<sup>a<\/sup> edici\u00f3n 2017 <strong>Libro electr\u00f3nico (archivo EPUB descargable, 12MB)<\/strong><\/p>\n","protected":false},"author":5,"featured_media":56098,"template":"","meta":[],"product_brand":[],"product_cat":[239],"product_tag":[],"class_list":{"0":"post-56094","1":"product","2":"type-product","3":"status-publish","4":"has-post-thumbnail","6":"product_cat-pc_on-es","8":"first","9":"instock","10":"downloadable","11":"virtual","12":"purchasable","13":"product-type-simple"},"exclude_global_add_ons":[],"addons":[],"_links":{"self":[{"href":"https:\/\/www.eyebody.com\/es\/wp-json\/wp\/v2\/product\/56094","targetHints":{"allow":["GET"]}}],"collection":[{"href":"https:\/\/www.eyebody.com\/es\/wp-json\/wp\/v2\/product"}],"about":[{"href":"https:\/\/www.eyebody.com\/es\/wp-json\/wp\/v2\/types\/product"}],"author":[{"embeddable":true,"href":"https:\/\/www.eyebody.com\/es\/wp-json\/wp\/v2\/users\/5"}],"wp:featuredmedia":[{"embeddable":true,"href":"https:\/\/www.eyebody.com\/es\/wp-json\/wp\/v2\/media\/56098"}],"wp:attachment":[{"href":"https:\/\/www.eyebody.com\/es\/wp-json\/wp\/v2\/media?parent=56094"}],"wp:term":[{"taxonomy":"product_brand","embeddable":true,"href":"https:\/\/www.eyebody.com\/es\/wp-json\/wp\/v2\/product_brand?post=56094"},{"taxonomy":"product_cat","embeddable":true,"href":"https:\/\/www.eyebody.com\/es\/wp-json\/wp\/v2\/product_cat?post=56094"},{"taxonomy":"product_tag","embeddable":true,"href":"https:\/\/www.eyebody.com\/es\/wp-json\/wp\/v2\/product_tag?post=56094"}],"curies":[{"name":"wp","href":"https:\/\/api.w.org\/{rel}","templated":true}]}}