{"id":56924,"date":"2024-05-06T18:06:39","date_gmt":"2024-05-06T16:06:39","guid":{"rendered":"https:\/\/www.eyebody.com\/?post_type=product&#038;p=56924"},"modified":"2024-05-07T08:16:12","modified_gmt":"2024-05-07T06:16:12","slug":"taller-de-1-dia-the-eyebody-method-integrando-ojos-cerebro-y-alma-madrid-22-de-junio-2024-ingles-espanol","status":"publish","type":"product","link":"https:\/\/www.eyebody.com\/es\/shop\/taller-de-1-dia-the-eyebody-method-integrando-ojos-cerebro-y-alma-madrid-22-de-junio-2024-ingles-espanol\/","title":{"rendered":"Taller de 1 D\u00eda &#8211; The Eyebody Method \u2013 integrando ojos, cerebro y alma &#8211; Madrid, 22 de Junio 2024 (ingl\u00e9s\/espa\u00f1ol)"},"content":{"rendered":"<p>En este curso aprender\u00e1s que no son los ojos los que ven, sino el cerebro. Con la experiencia de m\u00e1s de 30 a\u00f1os de Peter, te guiar\u00e1 paso a paso en la introducci\u00f3n de c\u00f3mo mejorar la visi\u00f3n de forma natural. Ense\u00f1ar\u00e1 que la funci\u00f3n cerebral puede cambiar, por lo que la vista y la visi\u00f3n son flexibles y pueden seguir los cambios del cerebro.<\/p>\n<p>El m\u00e9todo Eyebody coordina los aspectos f\u00edsicos, emocionales, mentales y espirituales de la visi\u00f3n. Las gafas y la cirug\u00eda corrigen los s\u00edntomas, pero no las causas de la disfunci\u00f3n visual.<\/p>\n<p>Hoy aprender\u00e1s c\u00f3mo empezar a reemplazarlos para:<\/p>\n<ul>\n<li>Mejorar la postura corporal<\/li>\n<li>Trabajar eficazmente con el ordenador<\/li>\n<li>Leer sin esfuerzo<\/li>\n<li>Mejorar la salud general y la coordinaci\u00f3n<\/li>\n<li>Aumentar la atenci\u00f3n y la presencia de forma natural<\/li>\n<\/ul>\n<p>Este taller interactivo explora la integraci\u00f3n de la visi\u00f3n, la mirada, la postura, el movimiento, la relajaci\u00f3n, la imaginaci\u00f3n y el funcionamiento cerebral. Te puede ayudar a salir del h\u00e1bito de llevar gafas o usar lentes de contacto. La idea central del m\u00e9todo es que la mirada y la visi\u00f3n son flexibles y pueden ser cambiadas.<\/p>\n<p>Peter explicar\u00e1 c\u00f3mo el M\u00e9todo Eyebody puede ser beneficioso para corregir problemas de visi\u00f3n como miop\u00eda (vista de cerca), presbicia (vista cansada), hipermetrop\u00eda (vista de lejos), astigmatismo, cataratas, manchas en la visi\u00f3n (motas), estrabismo, sensibilidad lum\u00ednica, degeneraci\u00f3n de la m\u00e1cula y glaucoma.<\/p>\n<p>Eyebody no es s\u00f3lo para personas con problemas de visi\u00f3n. Las personas con buena salud visual tambi\u00e9n pueden beneficiarse enormemente de este m\u00e9todo. Los efectos positivos del trabajo que vamos a hacer en este taller pueden incluir: mejor\u00eda en la postura, el movimiento, los dolores de cuello y espalda, dificultades mentales y emocionales, asma, cansancio y el bienestar en general, por nombrar algunos de sus beneficios.<\/p>\n<p>Durante el taller, Peter ense\u00f1ar\u00e1 varios procedimientos b\u00e1sicos que podremos practicar por nuestra cuenta en casa, sin importar cu\u00e1les sean nuestros retos visuales. Esto te servir\u00e1 para iniciarte en el camino de reentrenar tu visi\u00f3n, de modo que puedas empezar a desarmar la tensi\u00f3n y los h\u00e1bitos acumulados en tu sistema visual a lo largo de los a\u00f1os.<\/p>\n","protected":false},"excerpt":{"rendered":"<p><strong>Madrid &#8211; Taller de 1 dia con Peter Grunwald<\/strong><\/p>\n<p>Fecha: <strong>S\u00e1bado 22 de Junio 2024<\/strong><br \/>\nHorario: <strong>10:30 a 13:30 y 14:30 a 17:30<\/strong><br \/>\nLugar: <strong>La Nave Espacial, Calle Sallaberry 38. Sala Discovery, Madrid<\/strong>. Metro: Urgel<strong><br \/>\n<\/strong>Idioma: <strong>Ingl\u00e9s con traducci\u00f3n al espa\u00f1ol<\/strong><\/p>\n","protected":false},"author":5,"featured_media":56918,"template":"","meta":[],"product_brand":[],"product_cat":[243],"product_tag":[],"class_list":{"0":"post-56924","1":"product","2":"type-product","3":"status-publish","4":"has-post-thumbnail","6":"product_cat-pc_ws-es","8":"first","9":"outofstock","10":"virtual","11":"purchasable","12":"product-type-simple"},"exclude_global_add_ons":[],"addons":[],"_links":{"self":[{"href":"https:\/\/www.eyebody.com\/es\/wp-json\/wp\/v2\/product\/56924","targetHints":{"allow":["GET"]}}],"collection":[{"href":"https:\/\/www.eyebody.com\/es\/wp-json\/wp\/v2\/product"}],"about":[{"href":"https:\/\/www.eyebody.com\/es\/wp-json\/wp\/v2\/types\/product"}],"author":[{"embeddable":true,"href":"https:\/\/www.eyebody.com\/es\/wp-json\/wp\/v2\/users\/5"}],"wp:featuredmedia":[{"embeddable":true,"href":"https:\/\/www.eyebody.com\/es\/wp-json\/wp\/v2\/media\/56918"}],"wp:attachment":[{"href":"https:\/\/www.eyebody.com\/es\/wp-json\/wp\/v2\/media?parent=56924"}],"wp:term":[{"taxonomy":"product_brand","embeddable":true,"href":"https:\/\/www.eyebody.com\/es\/wp-json\/wp\/v2\/product_brand?post=56924"},{"taxonomy":"product_cat","embeddable":true,"href":"https:\/\/www.eyebody.com\/es\/wp-json\/wp\/v2\/product_cat?post=56924"},{"taxonomy":"product_tag","embeddable":true,"href":"https:\/\/www.eyebody.com\/es\/wp-json\/wp\/v2\/product_tag?post=56924"}],"curies":[{"name":"wp","href":"https:\/\/api.w.org\/{rel}","templated":true}]}}